{"id":2847,"date":"2019-10-01T11:10:17","date_gmt":"2019-10-01T11:10:17","guid":{"rendered":"http:\/\/hubertpietka.bialystok.pl\/?page_id=2847"},"modified":"2019-10-01T11:11:37","modified_gmt":"2019-10-01T11:11:37","slug":"pazdziernik-paz-krolowej-wierny","status":"publish","type":"page","link":"https:\/\/hubertpietka.bialystok.pl\/?page_id=2847","title":{"rendered":"Pa\u017adziernik \/ pa\u017a Kr\u00f3lowej wierny"},"content":{"rendered":"<p><strong><em>Pa\u017adziernik \/ pa\u017a Kr\u00f3lowej wierny<\/em><\/strong><\/p>\n<p>Pa\u017adziernik<br \/>\nJak motyl<br \/>\nPa\u017a kr\u00f3lowej<br \/>\nWielobarwnie<br \/>\nSi\u0119 mieni<br \/>\nLi\u015bciem jesieni<\/p>\n<p>Pa\u017adziernik<br \/>\nPa\u017a Kr\u00f3lowej wierny<br \/>\nModlitwie r\u00f3\u017ca\u0144cowej<br \/>\nPrzez tylu zanoszonej<br \/>\nPazi\u00f3w Kr\u00f3lowej<\/p>\n<p>Motyle r\u00f3\u017ce lubi\u0105<br \/>\nTe szczeg\u00f3lnie<br \/>\nKt\u00f3re paciorki maj\u0105 czyste<br \/>\nNanicane na strunie deszczu<br \/>\n\u0141ez grzesznika<br \/>\nKt\u00f3ry si\u0119 nawraca<\/p>\n<p><strong>Dzi\u015b Ma\u0142ej Tereski wspomnienie<\/strong><br \/>\n<strong>Kt\u00f3ra obieca\u0142a<\/strong><br \/>\n<strong>\u017be deszcz r\u00f3\u017c<\/strong><br \/>\n<strong>Na nas ze\u015ble<\/strong><br \/>\n<strong>To si\u0119 spe\u0142nia<\/strong><br \/>\n<strong>W pa\u017adzierniku<\/strong><br \/>\n<strong>Poprzez r\u00f3\u017ce r\u00f3\u017ca\u0144cowe<\/strong><br \/>\n<strong>Dla Nieba i Ziemi Kr\u00f3lowej<\/strong><\/p>\n<p><em>Na zdj. Kapliczka Maryjna R\u00f3\u017ca\u0144cowa<\/em><br \/>\n<em>Przy Chrystusa Dobrego Pasterza ko\u015bciele w Jurowcach<\/em><br \/>\n<em>R\u00f3\u017caniec jest kamieniem milowym<\/em><br \/>\n<em>W dziele nawr\u00f3cenia cz\u0142owieka bardzo wa\u017cnym<br \/>\n<\/em><\/p>\n<p><img decoding=\"async\" class=\"css-9pa8cd\" draggable=\"true\" src=\"https:\/\/pbs.twimg.com\/media\/EFyOlbnXUAAMHQm?format=jpg&amp;name=small\" alt=\"Image\" \/><\/p>\n","protected":false},"excerpt":{"rendered":"<p>Pa\u017adziernik \/ pa\u017a Kr\u00f3lowej wierny Pa\u017adziernik Jak motyl Pa\u017a kr\u00f3lowej Wielobarwnie Si\u0119 mieni Li\u015bciem jesieni Pa\u017adziernik Pa\u017a Kr\u00f3lowej wierny Modlitwie r\u00f3\u017ca\u0144cowej Przez tylu zanoszonej Pazi\u00f3w&hellip; <\/p>\n","protected":false},"author":1,"featured_media":0,"parent":0,"menu_order":0,"comment_status":"closed","ping_status":"closed","template":"","meta":{"footnotes":""},"class_list":["post-2847","page","type-page","status-publish","hentry"],"_links":{"self":[{"href":"https:\/\/hubertpietka.bialystok.pl\/index.php?rest_route=\/wp\/v2\/pages\/2847","targetHints":{"allow":["GET"]}}],"collection":[{"href":"https:\/\/hubertpietka.bialystok.pl\/index.php?rest_route=\/wp\/v2\/pages"}],"about":[{"href":"https:\/\/hubertpietka.bialystok.pl\/index.php?rest_route=\/wp\/v2\/types\/page"}],"author":[{"embeddable":true,"href":"https:\/\/hubertpietka.bialystok.pl\/index.php?rest_route=\/wp\/v2\/users\/1"}],"replies":[{"embeddable":true,"href":"https:\/\/hubertpietka.bialystok.pl\/index.php?rest_route=%2Fwp%2Fv2%2Fcomments&post=2847"}],"version-history":[{"count":3,"href":"https:\/\/hubertpietka.bialystok.pl\/index.php?rest_route=\/wp\/v2\/pages\/2847\/revisions"}],"predecessor-version":[{"id":2850,"href":"https:\/\/hubertpietka.bialystok.pl\/index.php?rest_route=\/wp\/v2\/pages\/2847\/revisions\/2850"}],"wp:attachment":[{"href":"https:\/\/hubertpietka.bialystok.pl\/index.php?rest_route=%2Fwp%2Fv2%2Fmedia&parent=2847"}],"curies":[{"name":"wp","href":"https:\/\/api.w.org\/{rel}","templated":true}]}}