{"id":286,"date":"2017-01-18T21:55:28","date_gmt":"2017-01-18T21:55:28","guid":{"rendered":"http:\/\/hubertpietka.bialystok.pl\/?page_id=286"},"modified":"2017-01-18T23:22:11","modified_gmt":"2017-01-18T23:22:11","slug":"darz-bor","status":"publish","type":"page","link":"https:\/\/hubertpietka.bialystok.pl\/?page_id=286","title":{"rendered":"Darz b\u00f3r!"},"content":{"rendered":"<p><strong>Darz b\u00f3r!<\/strong><\/p>\n<p>&nbsp;<\/p>\n<p>Darz b\u00f3r! Darz B\u00f3g!<\/p>\n<p>niech okrzepnie s\u0142aby duch<\/p>\n<p>niech umocni si\u0119 Bo\u017c\u0105 si\u0142\u0105<\/p>\n<p>niech wzrasta w mi\u0142o\u015b\u0107<\/p>\n<p>Darz b\u00f3r! Darz B\u00f3g!<\/p>\n<p>&nbsp;<\/p>\n<p>niech pokona zakola losu<\/p>\n<p>niech znajdzie drog\u0119 z ciemnego lasu<\/p>\n<p>Darz b\u00f3r! Dasz B\u00f3g!<\/p>\n<p>&nbsp;<\/p>\n<p>wtedy wstan\u0119 o wschodzie poranku<\/p>\n<p>wypij\u0119 kawy szklank\u0119<\/p>\n<p>zapal\u0119 papierosa<\/p>\n<p>&nbsp;<\/p>\n<p>u progu wiecznego czasu<\/p>\n<p>przyjmiesz mnie Bo\u017ce u si\u0142 kresu<\/p>\n<p>i umocnisz na wieczne trwanie<\/p>\n<p>w rado\u015bci pozostawanie<\/p>\n<p>&nbsp;<\/p>\n<p>Dasz b\u00f3r, dasz B\u00f3g!<\/p>\n<p>u kresu moich popl\u0105tanych<\/p>\n<p>lecz jasnych dr\u00f3g<\/p>\n","protected":false},"excerpt":{"rendered":"<p>Darz b\u00f3r! &nbsp; Darz b\u00f3r! Darz B\u00f3g! niech okrzepnie s\u0142aby duch niech umocni si\u0119 Bo\u017c\u0105 si\u0142\u0105 niech wzrasta w mi\u0142o\u015b\u0107 Darz b\u00f3r! Darz B\u00f3g! &nbsp;&hellip; <\/p>\n","protected":false},"author":1,"featured_media":0,"parent":0,"menu_order":0,"comment_status":"closed","ping_status":"closed","template":"","meta":{"footnotes":""},"class_list":["post-286","page","type-page","status-publish","hentry"],"_links":{"self":[{"href":"https:\/\/hubertpietka.bialystok.pl\/index.php?rest_route=\/wp\/v2\/pages\/286","targetHints":{"allow":["GET"]}}],"collection":[{"href":"https:\/\/hubertpietka.bialystok.pl\/index.php?rest_route=\/wp\/v2\/pages"}],"about":[{"href":"https:\/\/hubertpietka.bialystok.pl\/index.php?rest_route=\/wp\/v2\/types\/page"}],"author":[{"embeddable":true,"href":"https:\/\/hubertpietka.bialystok.pl\/index.php?rest_route=\/wp\/v2\/users\/1"}],"replies":[{"embeddable":true,"href":"https:\/\/hubertpietka.bialystok.pl\/index.php?rest_route=%2Fwp%2Fv2%2Fcomments&post=286"}],"version-history":[{"count":5,"href":"https:\/\/hubertpietka.bialystok.pl\/index.php?rest_route=\/wp\/v2\/pages\/286\/revisions"}],"predecessor-version":[{"id":366,"href":"https:\/\/hubertpietka.bialystok.pl\/index.php?rest_route=\/wp\/v2\/pages\/286\/revisions\/366"}],"wp:attachment":[{"href":"https:\/\/hubertpietka.bialystok.pl\/index.php?rest_route=%2Fwp%2Fv2%2Fmedia&parent=286"}],"curies":[{"name":"wp","href":"https:\/\/api.w.org\/{rel}","templated":true}]}}