{"id":289,"date":"2017-01-18T21:57:18","date_gmt":"2017-01-18T21:57:18","guid":{"rendered":"http:\/\/hubertpietka.bialystok.pl\/?page_id=289"},"modified":"2017-01-18T21:57:18","modified_gmt":"2017-01-18T21:57:18","slug":"vite-missa-est","status":"publish","type":"page","link":"https:\/\/hubertpietka.bialystok.pl\/?page_id=289","title":{"rendered":"Vite, Missa est!"},"content":{"rendered":"<p><strong>Vite, Missa est!<\/strong><\/p>\n<p>&nbsp;<\/p>\n<p><strong>I<\/strong><\/p>\n<p>By moje \u017cycie \u2013 bycie<\/p>\n<p>by\u0142o ofiarowaniem.<\/p>\n<p>Sn\u00f3w sk\u0142adaniem<\/p>\n<p>\u2013 na karb wieczno\u015bci.<\/p>\n<p>I cz\u0142owiekowi w doczesno\u015bci!<\/p>\n<p>&nbsp;<\/p>\n<p><strong>II<\/strong><\/p>\n<p>Bym potrafi\u0142 przyzna\u0107 si\u0119<\/p>\n<p>do niechluby<\/p>\n<p>&#8211; w czas ponury.<\/p>\n<p>Przeprosi\u0107 Boga<\/p>\n<p>i cz\u0142owieka,<\/p>\n<p>gdy na to czeka!<\/p>\n<p>&nbsp;<\/p>\n<p><strong>III<\/strong><\/p>\n<p>Bym przyj\u0105\u0142 ka\u017cd\u0105 przemian\u0119<\/p>\n<p>w trwanie<\/p>\n<p>&#8211; dla Boga i cz\u0142owieka.<\/p>\n<p>By\u015bmy mogli<\/p>\n<p>Na siebie czeka\u0107!<\/p>\n<p>&nbsp;<\/p>\n<p><strong>IV<\/strong><\/p>\n<p>Wreszcie bym przyj\u0105\u0142<\/p>\n<p>wszystkie losowe chmury.<\/p>\n<p>I przekszta\u0142ci\u0142 je<\/p>\n<p>w b\u0142ogos\u0142awie\u0144stwo<\/p>\n<p>&#8211; poprzez m\u0119stwo!<\/p>\n<p>&nbsp;<\/p>\n<p><em>Rozes\u0142anie:<\/em><\/p>\n<p>Id\u017amy na ca\u0142y \u015bwiat<\/p>\n<p>i nauczajmy:<\/p>\n<p>ka\u017cdy cz\u0142owiek<\/p>\n<p>to m\u00f3j brat!<\/p>\n<p>&nbsp;<\/p>\n<p>A Ty, Bo\u017ce,<\/p>\n<p>przyjmij mnie<\/p>\n<p>uni\u017conego<\/p>\n<p>w pokorze.<\/p>\n","protected":false},"excerpt":{"rendered":"<p>Vite, Missa est! &nbsp; I By moje \u017cycie \u2013 bycie by\u0142o ofiarowaniem. Sn\u00f3w sk\u0142adaniem \u2013 na karb wieczno\u015bci. I cz\u0142owiekowi w doczesno\u015bci! &nbsp; II Bym&hellip; <\/p>\n","protected":false},"author":1,"featured_media":0,"parent":0,"menu_order":0,"comment_status":"closed","ping_status":"closed","template":"","meta":{"footnotes":""},"class_list":["post-289","page","type-page","status-publish","hentry"],"_links":{"self":[{"href":"https:\/\/hubertpietka.bialystok.pl\/index.php?rest_route=\/wp\/v2\/pages\/289","targetHints":{"allow":["GET"]}}],"collection":[{"href":"https:\/\/hubertpietka.bialystok.pl\/index.php?rest_route=\/wp\/v2\/pages"}],"about":[{"href":"https:\/\/hubertpietka.bialystok.pl\/index.php?rest_route=\/wp\/v2\/types\/page"}],"author":[{"embeddable":true,"href":"https:\/\/hubertpietka.bialystok.pl\/index.php?rest_route=\/wp\/v2\/users\/1"}],"replies":[{"embeddable":true,"href":"https:\/\/hubertpietka.bialystok.pl\/index.php?rest_route=%2Fwp%2Fv2%2Fcomments&post=289"}],"version-history":[{"count":1,"href":"https:\/\/hubertpietka.bialystok.pl\/index.php?rest_route=\/wp\/v2\/pages\/289\/revisions"}],"predecessor-version":[{"id":290,"href":"https:\/\/hubertpietka.bialystok.pl\/index.php?rest_route=\/wp\/v2\/pages\/289\/revisions\/290"}],"wp:attachment":[{"href":"https:\/\/hubertpietka.bialystok.pl\/index.php?rest_route=%2Fwp%2Fv2%2Fmedia&parent=289"}],"curies":[{"name":"wp","href":"https:\/\/api.w.org\/{rel}","templated":true}]}}