{"id":292,"date":"2017-01-18T21:58:54","date_gmt":"2017-01-18T21:58:54","guid":{"rendered":"http:\/\/hubertpietka.bialystok.pl\/?page_id=292"},"modified":"2017-01-18T23:18:16","modified_gmt":"2017-01-18T23:18:16","slug":"nieboraczek","status":"publish","type":"page","link":"https:\/\/hubertpietka.bialystok.pl\/?page_id=292","title":{"rendered":"Nieboraczek"},"content":{"rendered":"<p><strong>Nieboraczek<\/strong><\/p>\n<p>&nbsp;<\/p>\n<p>Nieboraczek,<\/p>\n<p>Niebo \u2013 p\u0142acze!<\/p>\n<p>&nbsp;<\/p>\n<p><strong>I <\/strong><\/p>\n<p>B\u0105d\u017a uwielbiony, Panie!<\/p>\n<p>W mojej n\u0119dzy,<\/p>\n<p>braku pieni\u0119dzy\u2026<\/p>\n<p>&nbsp;<\/p>\n<p>B\u0105d\u017a uwielbiony<\/p>\n<p>w mojej s\u0142abo\u015bci,<\/p>\n<p>ka\u017cdej przypad\u0142o\u015bci,<\/p>\n<p>nawet pod\u0142o\u015bci!<\/p>\n<p>&nbsp;<\/p>\n<p><strong>II<\/strong><\/p>\n<p>Tylko to<\/p>\n<p>mog\u0119 Ci da\u0107<\/p>\n<p>i ju\u017c nie p\u0142aka\u0107\u2026<\/p>\n<p>&nbsp;<\/p>\n<p>Bo tylko to<\/p>\n<p>naprawd\u0119 mam,<\/p>\n<p>m\u00f3j b\u00f3l i strach\u2026<\/p>\n<p>Taki kram!<\/p>\n<p>&nbsp;<\/p>\n<p><em>Summa<\/em><\/p>\n<p>Niebo \u2013 ja raczek!<\/p>\n<p>Niebo \u2013 p\u0142aczek\u2026<\/p>\n<p>A ja si\u0119 ciesz\u0119<\/p>\n<p>deszczem uniesie\u0144!<\/p>\n","protected":false},"excerpt":{"rendered":"<p>Nieboraczek &nbsp; Nieboraczek, Niebo \u2013 p\u0142acze! &nbsp; I B\u0105d\u017a uwielbiony, Panie! W mojej n\u0119dzy, braku pieni\u0119dzy\u2026 &nbsp; B\u0105d\u017a uwielbiony w mojej s\u0142abo\u015bci, ka\u017cdej przypad\u0142o\u015bci, nawet&hellip; <\/p>\n","protected":false},"author":1,"featured_media":0,"parent":0,"menu_order":0,"comment_status":"closed","ping_status":"closed","template":"","meta":{"footnotes":""},"class_list":["post-292","page","type-page","status-publish","hentry"],"_links":{"self":[{"href":"https:\/\/hubertpietka.bialystok.pl\/index.php?rest_route=\/wp\/v2\/pages\/292","targetHints":{"allow":["GET"]}}],"collection":[{"href":"https:\/\/hubertpietka.bialystok.pl\/index.php?rest_route=\/wp\/v2\/pages"}],"about":[{"href":"https:\/\/hubertpietka.bialystok.pl\/index.php?rest_route=\/wp\/v2\/types\/page"}],"author":[{"embeddable":true,"href":"https:\/\/hubertpietka.bialystok.pl\/index.php?rest_route=\/wp\/v2\/users\/1"}],"replies":[{"embeddable":true,"href":"https:\/\/hubertpietka.bialystok.pl\/index.php?rest_route=%2Fwp%2Fv2%2Fcomments&post=292"}],"version-history":[{"count":2,"href":"https:\/\/hubertpietka.bialystok.pl\/index.php?rest_route=\/wp\/v2\/pages\/292\/revisions"}],"predecessor-version":[{"id":362,"href":"https:\/\/hubertpietka.bialystok.pl\/index.php?rest_route=\/wp\/v2\/pages\/292\/revisions\/362"}],"wp:attachment":[{"href":"https:\/\/hubertpietka.bialystok.pl\/index.php?rest_route=%2Fwp%2Fv2%2Fmedia&parent=292"}],"curies":[{"name":"wp","href":"https:\/\/api.w.org\/{rel}","templated":true}]}}