{"id":295,"date":"2017-01-18T22:00:31","date_gmt":"2017-01-18T22:00:31","guid":{"rendered":"http:\/\/hubertpietka.bialystok.pl\/?page_id=295"},"modified":"2017-01-18T23:16:41","modified_gmt":"2017-01-18T23:16:41","slug":"brat","status":"publish","type":"page","link":"https:\/\/hubertpietka.bialystok.pl\/?page_id=295","title":{"rendered":"Brat"},"content":{"rendered":"<p><strong>Brat<\/strong><\/p>\n<p>&nbsp;<\/p>\n<p>bratem nie jest chwat<\/p>\n<p>bratem nie jest \u015bwiat<\/p>\n<p>&nbsp;<\/p>\n<p>lecz ten najmniejszy<\/p>\n<p>najcichszy<\/p>\n<p>kt\u00f3remu mo\u017cesz<\/p>\n<p>odliczy\u0107<\/p>\n<p>&nbsp;<\/p>\n<p>odmierzy\u0107 swe serce<\/p>\n<p>sw\u0105 d\u0142o\u0144<\/p>\n<p>sw\u00f3j czas<\/p>\n<p>&nbsp;<\/p>\n<p>darem dla\u0144 to<\/p>\n<p>&nbsp;<\/p>\n<p>nic wi\u0119cej nie mamy<\/p>\n<p>ni\u017c sami damy<\/p>\n","protected":false},"excerpt":{"rendered":"<p>Brat &nbsp; bratem nie jest chwat bratem nie jest \u015bwiat &nbsp; lecz ten najmniejszy najcichszy kt\u00f3remu mo\u017cesz odliczy\u0107 &nbsp; odmierzy\u0107 swe serce sw\u0105 d\u0142o\u0144 sw\u00f3j&hellip; <\/p>\n","protected":false},"author":1,"featured_media":0,"parent":0,"menu_order":0,"comment_status":"closed","ping_status":"closed","template":"","meta":{"footnotes":""},"class_list":["post-295","page","type-page","status-publish","hentry"],"_links":{"self":[{"href":"https:\/\/hubertpietka.bialystok.pl\/index.php?rest_route=\/wp\/v2\/pages\/295","targetHints":{"allow":["GET"]}}],"collection":[{"href":"https:\/\/hubertpietka.bialystok.pl\/index.php?rest_route=\/wp\/v2\/pages"}],"about":[{"href":"https:\/\/hubertpietka.bialystok.pl\/index.php?rest_route=\/wp\/v2\/types\/page"}],"author":[{"embeddable":true,"href":"https:\/\/hubertpietka.bialystok.pl\/index.php?rest_route=\/wp\/v2\/users\/1"}],"replies":[{"embeddable":true,"href":"https:\/\/hubertpietka.bialystok.pl\/index.php?rest_route=%2Fwp%2Fv2%2Fcomments&post=295"}],"version-history":[{"count":3,"href":"https:\/\/hubertpietka.bialystok.pl\/index.php?rest_route=\/wp\/v2\/pages\/295\/revisions"}],"predecessor-version":[{"id":361,"href":"https:\/\/hubertpietka.bialystok.pl\/index.php?rest_route=\/wp\/v2\/pages\/295\/revisions\/361"}],"wp:attachment":[{"href":"https:\/\/hubertpietka.bialystok.pl\/index.php?rest_route=%2Fwp%2Fv2%2Fmedia&parent=295"}],"curies":[{"name":"wp","href":"https:\/\/api.w.org\/{rel}","templated":true}]}}