{"id":2970,"date":"2019-10-20T21:19:53","date_gmt":"2019-10-20T21:19:53","guid":{"rendered":"http:\/\/hubertpietka.bialystok.pl\/?page_id=2970"},"modified":"2019-11-20T11:48:11","modified_gmt":"2019-11-20T11:48:11","slug":"modlitwa-o-cali-obysmy-byli-cali","status":"publish","type":"page","link":"https:\/\/hubertpietka.bialystok.pl\/?page_id=2970","title":{"rendered":"Modlitwa o-cali \/ oby\u015bmy byli cali"},"content":{"rendered":"<p><strong><em>Modlitwa o-cali \/ oby\u015bmy byli cali<\/em><\/strong><\/p>\n<p>Oby\u015bmy byli cali<br \/>\nW r\u0119kach Twoich o Panie<br \/>\nOby\u015bmy byli<br \/>\nW nich cali<\/p>\n<p>Totus Tuus Maryjo<br \/>\nJeste\u015bmy te\u017c cali<br \/>\nTwoi<\/p>\n<p><em>Na zdj. Jan Pawe\u0142 II<\/em><br \/>\n<em>W bia\u0142ostockim Sanktuarium Bo\u017cego Mi\u0142osierdzia<\/em><br \/>\n<em>&#8222;Jestem bardzo w Bo\u017cych r\u0119kach&#8221;<\/em><br \/>\n<em>Modlitwa zaufania pi\u0119kna<\/em><\/p>\n<p><img decoding=\"async\" class=\"css-9pa8cd\" draggable=\"true\" src=\"https:\/\/pbs.twimg.com\/media\/EHWZdx-WsAY51cS?format=jpg&amp;name=small\" alt=\"Image\" \/><\/p>\n","protected":false},"excerpt":{"rendered":"<p>Modlitwa o-cali \/ oby\u015bmy byli cali Oby\u015bmy byli cali W r\u0119kach Twoich o Panie Oby\u015bmy byli W nich cali Totus Tuus Maryjo Jeste\u015bmy te\u017c cali&hellip; <\/p>\n","protected":false},"author":1,"featured_media":0,"parent":0,"menu_order":0,"comment_status":"closed","ping_status":"closed","template":"","meta":{"footnotes":""},"class_list":["post-2970","page","type-page","status-publish","hentry"],"_links":{"self":[{"href":"https:\/\/hubertpietka.bialystok.pl\/index.php?rest_route=\/wp\/v2\/pages\/2970","targetHints":{"allow":["GET"]}}],"collection":[{"href":"https:\/\/hubertpietka.bialystok.pl\/index.php?rest_route=\/wp\/v2\/pages"}],"about":[{"href":"https:\/\/hubertpietka.bialystok.pl\/index.php?rest_route=\/wp\/v2\/types\/page"}],"author":[{"embeddable":true,"href":"https:\/\/hubertpietka.bialystok.pl\/index.php?rest_route=\/wp\/v2\/users\/1"}],"replies":[{"embeddable":true,"href":"https:\/\/hubertpietka.bialystok.pl\/index.php?rest_route=%2Fwp%2Fv2%2Fcomments&post=2970"}],"version-history":[{"count":2,"href":"https:\/\/hubertpietka.bialystok.pl\/index.php?rest_route=\/wp\/v2\/pages\/2970\/revisions"}],"predecessor-version":[{"id":2972,"href":"https:\/\/hubertpietka.bialystok.pl\/index.php?rest_route=\/wp\/v2\/pages\/2970\/revisions\/2972"}],"wp:attachment":[{"href":"https:\/\/hubertpietka.bialystok.pl\/index.php?rest_route=%2Fwp%2Fv2%2Fmedia&parent=2970"}],"curies":[{"name":"wp","href":"https:\/\/api.w.org\/{rel}","templated":true}]}}