{"id":2975,"date":"2019-10-20T21:28:47","date_gmt":"2019-10-20T21:28:47","guid":{"rendered":"http:\/\/hubertpietka.bialystok.pl\/?page_id=2975"},"modified":"2019-11-20T11:48:43","modified_gmt":"2019-11-20T11:48:43","slug":"studzianki-sto-dzionkow","status":"publish","type":"page","link":"https:\/\/hubertpietka.bialystok.pl\/?page_id=2975","title":{"rendered":"Studzianki \/ sto dzionk\u00f3w"},"content":{"rendered":"<p><strong><em>Studzianki \/ sto dzionk\u00f3w<\/em><\/strong><\/p>\n<p>Sto dni czyli<br \/>\nOkres pe\u0142ny jaki\u015b<br \/>\nPracy ukrytej cichej<\/p>\n<p>Tu dzi\u015b Anka<br \/>\nWyznacza kierunki<\/p>\n<p>Studzi Anka<br \/>\nZapa\u0142y p\u0142onne<\/p>\n<p>Studzienki ma\u0142e<br \/>\nWoda \u017cycia w nich p\u0142ynie<br \/>\nNiech oczyszcza si\u0119 wszystko<br \/>\nPrzez mi\u0142o\u015b\u0107<\/p>\n<p><em>Na zdj. S\u0142o\u0144ca zach\u00f3d<\/em><br \/>\n<em>W pewnym miejscu<\/em><br \/>\n<em>Widok znajomy bliski<\/em><br \/>\n<em>I pi\u0142karskie boisko<\/em><\/p>\n<p><img decoding=\"async\" class=\"css-9pa8cd\" draggable=\"true\" src=\"https:\/\/pbs.twimg.com\/media\/EHWZs1RX0AAdIqG?format=jpg&amp;name=small\" alt=\"Image\" \/><\/p>\n","protected":false},"excerpt":{"rendered":"<p>Studzianki \/ sto dzionk\u00f3w Sto dni czyli Okres pe\u0142ny jaki\u015b Pracy ukrytej cichej Tu dzi\u015b Anka Wyznacza kierunki Studzi Anka Zapa\u0142y p\u0142onne Studzienki ma\u0142e Woda&hellip; <\/p>\n","protected":false},"author":1,"featured_media":0,"parent":0,"menu_order":0,"comment_status":"closed","ping_status":"closed","template":"","meta":{"footnotes":""},"class_list":["post-2975","page","type-page","status-publish","hentry"],"_links":{"self":[{"href":"https:\/\/hubertpietka.bialystok.pl\/index.php?rest_route=\/wp\/v2\/pages\/2975","targetHints":{"allow":["GET"]}}],"collection":[{"href":"https:\/\/hubertpietka.bialystok.pl\/index.php?rest_route=\/wp\/v2\/pages"}],"about":[{"href":"https:\/\/hubertpietka.bialystok.pl\/index.php?rest_route=\/wp\/v2\/types\/page"}],"author":[{"embeddable":true,"href":"https:\/\/hubertpietka.bialystok.pl\/index.php?rest_route=\/wp\/v2\/users\/1"}],"replies":[{"embeddable":true,"href":"https:\/\/hubertpietka.bialystok.pl\/index.php?rest_route=%2Fwp%2Fv2%2Fcomments&post=2975"}],"version-history":[{"count":2,"href":"https:\/\/hubertpietka.bialystok.pl\/index.php?rest_route=\/wp\/v2\/pages\/2975\/revisions"}],"predecessor-version":[{"id":2977,"href":"https:\/\/hubertpietka.bialystok.pl\/index.php?rest_route=\/wp\/v2\/pages\/2975\/revisions\/2977"}],"wp:attachment":[{"href":"https:\/\/hubertpietka.bialystok.pl\/index.php?rest_route=%2Fwp%2Fv2%2Fmedia&parent=2975"}],"curies":[{"name":"wp","href":"https:\/\/api.w.org\/{rel}","templated":true}]}}