{"id":2979,"date":"2019-11-20T10:40:56","date_gmt":"2019-11-20T10:40:56","guid":{"rendered":"http:\/\/hubertpietka.bialystok.pl\/?page_id=2979"},"modified":"2019-11-20T10:53:08","modified_gmt":"2019-11-20T10:53:08","slug":"w-cieniu-skrzydel-twych","status":"publish","type":"page","link":"https:\/\/hubertpietka.bialystok.pl\/?page_id=2979","title":{"rendered":"W cieniu skrzyde\u0142 Twych"},"content":{"rendered":"<p><em><strong>W cieniu skrzyde\u0142 Twych<\/strong><\/em><\/p>\n<div dir=\"auto\">W cieniu skrzyde\u0142 Twych<\/div>\n<div dir=\"auto\">O Chryste<\/div>\n<div dir=\"auto\">Zawsze chc\u0119 by\u0107 \/<\/div>\n<div dir=\"auto\"><\/div>\n<div dir=\"auto\">Nakryj nas nimi<\/div>\n<div dir=\"auto\">Chro\u0144 przed z\u0142em wszelkim \/<\/div>\n<div dir=\"auto\"><\/div>\n<div dir=\"auto\">Tylko w cieniu skrzyde\u0142 Twych<\/div>\n<div dir=\"auto\">Mog\u0119 dobrze \u017cy\u0107<\/div>\n<div dir=\"auto\">Ty nas obronisz<\/div>\n<div dir=\"auto\">Ty poprowadzisz \/<\/div>\n<div dir=\"auto\"><\/div>\n<div dir=\"auto\">Z Tob\u0105 wszystko pokonamy<\/div>\n<div dir=\"auto\"><img decoding=\"async\" src=\"https:\/\/pbs.twimg.com\/media\/EJzxa4cXUAABJn2?format=jpg&amp;name=small\" alt=\"Zdj\u00c4\u0099cie\" \/><\/div>\n<div dir=\"auto\">Na zdj. Ko\u015bci\u00f3\u0142 Niepokalanego Serca Maryi bia\u0142ostocki<\/div>\n<div dir=\"auto\">Prezbiterium opromieniaj\u0105 \u015bwiat\u0142a<\/div>\n<div dir=\"auto\">Niczym Chrystusowe skrzyd\u0142a<\/div>\n<div dir=\"auto\">W cieniu ich zawsze \u017cy\u0107<\/div>\n<div dir=\"auto\"><\/div>\n<div dir=\"auto\" style=\"text-align: center;\"><a href=\"https:\/\/www.youtube.com\/watch?v=5fw3vTNjtKI\"><em><strong>Schowaj mnie<\/strong><\/em><\/a><\/div>\n","protected":false},"excerpt":{"rendered":"<p>W cieniu skrzyde\u0142 Twych W cieniu skrzyde\u0142 Twych O Chryste Zawsze chc\u0119 by\u0107 \/ Nakryj nas nimi Chro\u0144 przed z\u0142em wszelkim \/ Tylko w cieniu&hellip; <\/p>\n","protected":false},"author":1,"featured_media":0,"parent":0,"menu_order":0,"comment_status":"closed","ping_status":"closed","template":"","meta":{"footnotes":""},"class_list":["post-2979","page","type-page","status-publish","hentry"],"_links":{"self":[{"href":"https:\/\/hubertpietka.bialystok.pl\/index.php?rest_route=\/wp\/v2\/pages\/2979","targetHints":{"allow":["GET"]}}],"collection":[{"href":"https:\/\/hubertpietka.bialystok.pl\/index.php?rest_route=\/wp\/v2\/pages"}],"about":[{"href":"https:\/\/hubertpietka.bialystok.pl\/index.php?rest_route=\/wp\/v2\/types\/page"}],"author":[{"embeddable":true,"href":"https:\/\/hubertpietka.bialystok.pl\/index.php?rest_route=\/wp\/v2\/users\/1"}],"replies":[{"embeddable":true,"href":"https:\/\/hubertpietka.bialystok.pl\/index.php?rest_route=%2Fwp%2Fv2%2Fcomments&post=2979"}],"version-history":[{"count":3,"href":"https:\/\/hubertpietka.bialystok.pl\/index.php?rest_route=\/wp\/v2\/pages\/2979\/revisions"}],"predecessor-version":[{"id":2988,"href":"https:\/\/hubertpietka.bialystok.pl\/index.php?rest_route=\/wp\/v2\/pages\/2979\/revisions\/2988"}],"wp:attachment":[{"href":"https:\/\/hubertpietka.bialystok.pl\/index.php?rest_route=%2Fwp%2Fv2%2Fmedia&parent=2979"}],"curies":[{"name":"wp","href":"https:\/\/api.w.org\/{rel}","templated":true}]}}