{"id":2990,"date":"2019-11-20T10:56:47","date_gmt":"2019-11-20T10:56:47","guid":{"rendered":"http:\/\/hubertpietka.bialystok.pl\/?page_id=2990"},"modified":"2019-11-20T10:58:52","modified_gmt":"2019-11-20T10:58:52","slug":"modlitwa-zaufania-teo-fana","status":"publish","type":"page","link":"https:\/\/hubertpietka.bialystok.pl\/?page_id=2990","title":{"rendered":"Modlitwa zaufania \/ Teo fana"},"content":{"rendered":"<p><em><strong>Modlitwa zaufania \/ Teo fana<\/strong><\/em><\/p>\n<div dir=\"auto\">Kiedy czyha z\u0142o pod\u0142e<\/div>\n<div dir=\"auto\">Jezu ufam Tobie \/<\/div>\n<div dir=\"auto\"><\/div>\n<div dir=\"auto\">Kiedy z\u0142o wyrz\u0105dzi\u0107 chce nam<\/div>\n<div dir=\"auto\">Tobie ufam \/<\/div>\n<div dir=\"auto\"><\/div>\n<div dir=\"auto\">Mimo swoich s\u0142abo\u015bci<\/div>\n<div dir=\"auto\">Mimo jego pod\u0142o\u015bci<\/div>\n<div dir=\"auto\">Mimo nienawi\u015bci<\/div>\n<div dir=\"auto\">W mi\u0142o\u015bci \/<\/div>\n<div dir=\"auto\"><\/div>\n<div dir=\"auto\">Ufam Tobie<\/div>\n<div dir=\"auto\">Mimo wszystko \/<\/div>\n<div dir=\"auto\"><img decoding=\"async\" src=\"https:\/\/pbs.twimg.com\/media\/EJxiFD2XUAQEhTC?format=jpg&amp;name=small\" alt=\"Zdj\u00c4\u0099cie\" \/><\/div>\n<div dir=\"auto\">Na zdj. Jezus Mi\u0142osierny<\/div>\n<div dir=\"auto\">W supraskim ko\u015bciele \u015awi\u0119tej Tr\u00f3jcy<\/div>\n<div dir=\"auto\">I napis pod spodem<\/div>\n<div dir=\"auto\">&#8222;Kr\u00f3lowo Polski miej nas w opiece&#8221; Swojej<\/div>\n<div dir=\"auto\"><\/div>\n<div dir=\"auto\" style=\"text-align: center;\"><a href=\"https:\/\/www.youtube.com\/watch?v=7PmCD1_Hb0A\"><em><strong>Ufam Tobie Mi\u0142osierny<\/strong><\/em><\/a><\/div>\n","protected":false},"excerpt":{"rendered":"<p>Modlitwa zaufania \/ Teo fana Kiedy czyha z\u0142o pod\u0142e Jezu ufam Tobie \/ Kiedy z\u0142o wyrz\u0105dzi\u0107 chce nam Tobie ufam \/ Mimo swoich s\u0142abo\u015bci Mimo&hellip; <\/p>\n","protected":false},"author":1,"featured_media":0,"parent":0,"menu_order":0,"comment_status":"closed","ping_status":"closed","template":"","meta":{"footnotes":""},"class_list":["post-2990","page","type-page","status-publish","hentry"],"_links":{"self":[{"href":"https:\/\/hubertpietka.bialystok.pl\/index.php?rest_route=\/wp\/v2\/pages\/2990","targetHints":{"allow":["GET"]}}],"collection":[{"href":"https:\/\/hubertpietka.bialystok.pl\/index.php?rest_route=\/wp\/v2\/pages"}],"about":[{"href":"https:\/\/hubertpietka.bialystok.pl\/index.php?rest_route=\/wp\/v2\/types\/page"}],"author":[{"embeddable":true,"href":"https:\/\/hubertpietka.bialystok.pl\/index.php?rest_route=\/wp\/v2\/users\/1"}],"replies":[{"embeddable":true,"href":"https:\/\/hubertpietka.bialystok.pl\/index.php?rest_route=%2Fwp%2Fv2%2Fcomments&post=2990"}],"version-history":[{"count":3,"href":"https:\/\/hubertpietka.bialystok.pl\/index.php?rest_route=\/wp\/v2\/pages\/2990\/revisions"}],"predecessor-version":[{"id":2993,"href":"https:\/\/hubertpietka.bialystok.pl\/index.php?rest_route=\/wp\/v2\/pages\/2990\/revisions\/2993"}],"wp:attachment":[{"href":"https:\/\/hubertpietka.bialystok.pl\/index.php?rest_route=%2Fwp%2Fv2%2Fmedia&parent=2990"}],"curies":[{"name":"wp","href":"https:\/\/api.w.org\/{rel}","templated":true}]}}