{"id":3000,"date":"2019-11-20T11:15:22","date_gmt":"2019-11-20T11:15:22","guid":{"rendered":"http:\/\/hubertpietka.bialystok.pl\/?page_id=3000"},"modified":"2019-11-20T11:15:59","modified_gmt":"2019-11-20T11:15:59","slug":"3000-2","status":"publish","type":"page","link":"https:\/\/hubertpietka.bialystok.pl\/?page_id=3000","title":{"rendered":"Ta \/ kt\u00f3ra zawsze zwyci\u0119\u017ca"},"content":{"rendered":"<p><em><strong>Ta \/ kt\u00f3ra zawsze zwyci\u0119\u017ca<\/strong><\/em><\/p>\n<div dir=\"auto\">Maryja zwyci\u0119\u017ca \/<\/div>\n<div dir=\"auto\"><\/div>\n<div dir=\"auto\">W dobru prawdzie pi\u0119knu \/<\/div>\n<div dir=\"auto\"><\/div>\n<div dir=\"auto\">Maryja zwyci\u0119\u017ca \/<\/div>\n<div dir=\"auto\"><\/div>\n<div dir=\"auto\">W pokorze cz\u0142owieka \/<\/div>\n<div dir=\"auto\"><\/div>\n<div dir=\"auto\">Maryja zwyci\u0119\u017ca \/<\/div>\n<div dir=\"auto\"><\/div>\n<div dir=\"auto\">Kiedy grzesznik si\u0119 nawraca \/<\/div>\n<div dir=\"auto\"><\/div>\n<div dir=\"auto\">Maryja zwyci\u0119\u017ca \/<\/div>\n<div dir=\"auto\"><\/div>\n<div dir=\"auto\">We wszelkich Bo\u017cych sprawach \/<\/div>\n<div dir=\"auto\"><\/div>\n<div dir=\"auto\">Maryja zwyci\u0119\u017ca \/<\/div>\n<div dir=\"auto\"><\/div>\n<div dir=\"auto\">W swoich dzieciach \/<\/div>\n<div dir=\"auto\"><\/div>\n<div dir=\"auto\">Maryja zwyci\u0119\u017ca \/<\/div>\n<div dir=\"auto\"><\/div>\n<div dir=\"auto\">W Bo\u017cym Mi\u0142osierdziu \/<\/div>\n<div dir=\"auto\"><\/div>\n<div dir=\"auto\">Teraz i zawsze \/<\/div>\n<div dir=\"auto\"><img decoding=\"async\" src=\"https:\/\/pbs.twimg.com\/media\/EJUUJK5WsAAR8cw?format=jpg&amp;name=small\" alt=\"Zdj\u00c4\u0099cie\" \/><\/div>\n<div dir=\"auto\">Na zdj. Ko\u015bci\u00f3\u0142 Matki Bo\u017cej Mi\u0142osierdzia i Jezus Mi\u0142osierny<\/div>\n<div dir=\"auto\">W Wasilkowie<\/div>\n<div dir=\"auto\">Maryja i Mi\u0142osierdzie Bo\u017ce<\/div>\n<div dir=\"auto\">Zawsze id\u0105 w parze razem<\/div>\n<div dir=\"auto\"><\/div>\n<div dir=\"auto\" style=\"text-align: center;\"><a href=\"https:\/\/www.youtube.com\/watch?v=t8glLw4m3hI\"><em><strong>Oka\u017c mi Bo\u017ce Mi\u0142osierdzie &#8211; Lumen<\/strong><\/em><\/a><\/div>\n","protected":false},"excerpt":{"rendered":"<p>Ta \/ kt\u00f3ra zawsze zwyci\u0119\u017ca Maryja zwyci\u0119\u017ca \/ W dobru prawdzie pi\u0119knu \/ Maryja zwyci\u0119\u017ca \/ W pokorze cz\u0142owieka \/ Maryja zwyci\u0119\u017ca \/ Kiedy grzesznik&hellip; <\/p>\n","protected":false},"author":1,"featured_media":0,"parent":0,"menu_order":0,"comment_status":"closed","ping_status":"closed","template":"","meta":{"footnotes":""},"class_list":["post-3000","page","type-page","status-publish","hentry"],"_links":{"self":[{"href":"https:\/\/hubertpietka.bialystok.pl\/index.php?rest_route=\/wp\/v2\/pages\/3000","targetHints":{"allow":["GET"]}}],"collection":[{"href":"https:\/\/hubertpietka.bialystok.pl\/index.php?rest_route=\/wp\/v2\/pages"}],"about":[{"href":"https:\/\/hubertpietka.bialystok.pl\/index.php?rest_route=\/wp\/v2\/types\/page"}],"author":[{"embeddable":true,"href":"https:\/\/hubertpietka.bialystok.pl\/index.php?rest_route=\/wp\/v2\/users\/1"}],"replies":[{"embeddable":true,"href":"https:\/\/hubertpietka.bialystok.pl\/index.php?rest_route=%2Fwp%2Fv2%2Fcomments&post=3000"}],"version-history":[{"count":2,"href":"https:\/\/hubertpietka.bialystok.pl\/index.php?rest_route=\/wp\/v2\/pages\/3000\/revisions"}],"predecessor-version":[{"id":3002,"href":"https:\/\/hubertpietka.bialystok.pl\/index.php?rest_route=\/wp\/v2\/pages\/3000\/revisions\/3002"}],"wp:attachment":[{"href":"https:\/\/hubertpietka.bialystok.pl\/index.php?rest_route=%2Fwp%2Fv2%2Fmedia&parent=3000"}],"curies":[{"name":"wp","href":"https:\/\/api.w.org\/{rel}","templated":true}]}}