{"id":3007,"date":"2019-11-20T11:27:22","date_gmt":"2019-11-20T11:27:22","guid":{"rendered":"http:\/\/hubertpietka.bialystok.pl\/?page_id=3007"},"modified":"2019-11-20T11:27:22","modified_gmt":"2019-11-20T11:27:22","slug":"us-czyli-nas-us-strzez-maryja","status":"publish","type":"page","link":"https:\/\/hubertpietka.bialystok.pl\/?page_id=3007","title":{"rendered":"Us czyli nas \/ us-(s)trze\u017c Maryja"},"content":{"rendered":"<p><em><strong>Us czyli nas \/ us-(s)trze\u017c Maryja<\/strong><\/em><\/p>\n<div dir=\"auto\"><\/div>\n<div dir=\"auto\">Maryjo ustrze\u017c nas<\/div>\n<div dir=\"auto\">Bro\u0144 nas przed z\u0142em<\/div>\n<div dir=\"auto\">W ka\u017cdy czas \/<\/div>\n<div dir=\"auto\"><\/div>\n<div dir=\"auto\">Prosimy Ci\u0119<\/div>\n<div dir=\"auto\">W opiece swej nas miej \/<\/div>\n<div dir=\"auto\"><\/div>\n<div dir=\"auto\">Obro\u0144 nas ustrze\u017c<\/div>\n<div dir=\"auto\">Zawsze<\/div>\n<div dir=\"auto\"><img decoding=\"async\" src=\"https:\/\/pbs.twimg.com\/media\/EIzXiSsW4AAlwdT?format=jpg&amp;name=small\" alt=\"Zdj\u00c4\u0099cie\" \/><\/div>\n<div dir=\"auto\">Na zdj. Matka Bo\u017ca Fatimska<\/div>\n<div dir=\"auto\">Ko\u015bci\u00f3\u0142 bia\u0142ostocki<\/div>\n<div dir=\"auto\">I modlitwa kr\u00f3tka<\/div>\n<div dir=\"auto\">Zawsze pod opiek\u0119 Maryi<\/div>\n<div dir=\"auto\">Si\u0119 ucieka\u0107<\/div>\n<div dir=\"auto\"><\/div>\n<div dir=\"auto\" style=\"text-align: center;\"><a href=\"https:\/\/www.youtube.com\/watch?v=hN0kI3K9O-4\"><em><strong>Obud\u017a mnie &#8211; Guadelupe<\/strong><\/em><\/a><\/div>\n","protected":false},"excerpt":{"rendered":"<p>Us czyli nas \/ us-(s)trze\u017c Maryja Maryjo ustrze\u017c nas Bro\u0144 nas przed z\u0142em W ka\u017cdy czas \/ Prosimy Ci\u0119 W opiece swej nas miej \/&hellip; <\/p>\n","protected":false},"author":1,"featured_media":0,"parent":0,"menu_order":0,"comment_status":"closed","ping_status":"closed","template":"","meta":{"footnotes":""},"class_list":["post-3007","page","type-page","status-publish","hentry"],"_links":{"self":[{"href":"https:\/\/hubertpietka.bialystok.pl\/index.php?rest_route=\/wp\/v2\/pages\/3007","targetHints":{"allow":["GET"]}}],"collection":[{"href":"https:\/\/hubertpietka.bialystok.pl\/index.php?rest_route=\/wp\/v2\/pages"}],"about":[{"href":"https:\/\/hubertpietka.bialystok.pl\/index.php?rest_route=\/wp\/v2\/types\/page"}],"author":[{"embeddable":true,"href":"https:\/\/hubertpietka.bialystok.pl\/index.php?rest_route=\/wp\/v2\/users\/1"}],"replies":[{"embeddable":true,"href":"https:\/\/hubertpietka.bialystok.pl\/index.php?rest_route=%2Fwp%2Fv2%2Fcomments&post=3007"}],"version-history":[{"count":1,"href":"https:\/\/hubertpietka.bialystok.pl\/index.php?rest_route=\/wp\/v2\/pages\/3007\/revisions"}],"predecessor-version":[{"id":3008,"href":"https:\/\/hubertpietka.bialystok.pl\/index.php?rest_route=\/wp\/v2\/pages\/3007\/revisions\/3008"}],"wp:attachment":[{"href":"https:\/\/hubertpietka.bialystok.pl\/index.php?rest_route=%2Fwp%2Fv2%2Fmedia&parent=3007"}],"curies":[{"name":"wp","href":"https:\/\/api.w.org\/{rel}","templated":true}]}}