{"id":3010,"date":"2019-11-20T11:37:49","date_gmt":"2019-11-20T11:37:49","guid":{"rendered":"http:\/\/hubertpietka.bialystok.pl\/?page_id=3010"},"modified":"2019-11-20T11:38:53","modified_gmt":"2019-11-20T11:38:53","slug":"a-sio-a-nu-sio","status":"publish","type":"page","link":"https:\/\/hubertpietka.bialystok.pl\/?page_id=3010","title":{"rendered":"A-sio \/ A-nu-sio"},"content":{"rendered":"<p><em><strong>A-sio \/ A-nu-sio<\/strong><\/em><\/p>\n<div dir=\"auto\"><\/div>\n<div dir=\"auto\">A-sio, z\u0142o<\/div>\n<div dir=\"auto\">Id\u017a sobie st\u0105d<\/div>\n<div dir=\"auto\">A-nu-sio<\/div>\n<div dir=\"auto\">A nu jego, z\u0142ego \/<\/div>\n<div dir=\"auto\"><\/div>\n<div dir=\"auto\">Kiedy\u015b A-sio<\/div>\n<div dir=\"auto\">Teraz A-nu-sio<\/div>\n<div dir=\"auto\">Niech odejdzie z\u0142o \/<\/div>\n<div dir=\"auto\"><\/div>\n<div dir=\"auto\">M\u00f3wi\u0105<\/div>\n<div dir=\"auto\">Nie trzeba z\u0142a nazywa\u0107 z\u0142em<\/div>\n<div dir=\"auto\">A tymczasem ono takie jest<\/div>\n<div dir=\"auto\">I wed\u0142ug tego czyni\u0107 chce \/<\/div>\n<div dir=\"auto\"><\/div>\n<div dir=\"auto\">W pierwsz\u0105 sobot\u0119 listopada pisano<\/div>\n<div dir=\"auto\">Maryjo miej nas pod swoj\u0105 obron\u0105<\/div>\n<div dir=\"auto\">Aby nie dotkn\u0119\u0142o nas \u017cadne z\u0142o<\/div>\n<div dir=\"auto\">W Tobie pok\u0142adamy ufno\u015b\u0107 sw\u0105<\/div>\n<div dir=\"auto\"><img decoding=\"async\" src=\"https:\/\/pbs.twimg.com\/media\/EIzXQPzWsAExJKT?format=jpg&amp;name=small\" alt=\"Zdj\u00c4\u0099cie\" \/><\/div>\n<div dir=\"auto\">Na zdj. Maryja i \u015bw. Anna<\/div>\n<div dir=\"auto\">W ko\u015bciele tej drugiej<\/div>\n<div dir=\"auto\">Powierzam Ci Maryjo<\/div>\n<div dir=\"auto\">Moj\u0105 ma\u0142\u0105 Ann\u0119 szczeg\u00f3lnie<\/div>\n","protected":false},"excerpt":{"rendered":"<p>A-sio \/ A-nu-sio A-sio, z\u0142o Id\u017a sobie st\u0105d A-nu-sio A nu jego, z\u0142ego \/ Kiedy\u015b A-sio Teraz A-nu-sio Niech odejdzie z\u0142o \/ M\u00f3wi\u0105 Nie trzeba&hellip; <\/p>\n","protected":false},"author":1,"featured_media":0,"parent":0,"menu_order":0,"comment_status":"closed","ping_status":"closed","template":"","meta":{"footnotes":""},"class_list":["post-3010","page","type-page","status-publish","hentry"],"_links":{"self":[{"href":"https:\/\/hubertpietka.bialystok.pl\/index.php?rest_route=\/wp\/v2\/pages\/3010","targetHints":{"allow":["GET"]}}],"collection":[{"href":"https:\/\/hubertpietka.bialystok.pl\/index.php?rest_route=\/wp\/v2\/pages"}],"about":[{"href":"https:\/\/hubertpietka.bialystok.pl\/index.php?rest_route=\/wp\/v2\/types\/page"}],"author":[{"embeddable":true,"href":"https:\/\/hubertpietka.bialystok.pl\/index.php?rest_route=\/wp\/v2\/users\/1"}],"replies":[{"embeddable":true,"href":"https:\/\/hubertpietka.bialystok.pl\/index.php?rest_route=%2Fwp%2Fv2%2Fcomments&post=3010"}],"version-history":[{"count":1,"href":"https:\/\/hubertpietka.bialystok.pl\/index.php?rest_route=\/wp\/v2\/pages\/3010\/revisions"}],"predecessor-version":[{"id":3011,"href":"https:\/\/hubertpietka.bialystok.pl\/index.php?rest_route=\/wp\/v2\/pages\/3010\/revisions\/3011"}],"wp:attachment":[{"href":"https:\/\/hubertpietka.bialystok.pl\/index.php?rest_route=%2Fwp%2Fv2%2Fmedia&parent=3010"}],"curies":[{"name":"wp","href":"https:\/\/api.w.org\/{rel}","templated":true}]}}