{"id":3013,"date":"2019-11-20T11:42:10","date_gmt":"2019-11-20T11:42:10","guid":{"rendered":"http:\/\/hubertpietka.bialystok.pl\/?page_id=3013"},"modified":"2019-11-20T11:42:10","modified_gmt":"2019-11-20T11:42:10","slug":"koronka-do-litosci-bozej","status":"publish","type":"page","link":"https:\/\/hubertpietka.bialystok.pl\/?page_id=3013","title":{"rendered":"Koronka do lito\u015bci Bo\u017cej"},"content":{"rendered":"<p><em><strong>Koronka do lito\u015bci Bo\u017cej<\/strong><\/em><\/p>\n<div dir=\"auto\"><\/div>\n<div dir=\"auto\">Ojcze nasz<\/div>\n<div dir=\"auto\">Zdrowa\u015b<\/div>\n<div dir=\"auto\">Wierz\u0119 \/<\/div>\n<div dir=\"auto\"><\/div>\n<div dir=\"auto\">Na du\u017cych paciorkach r\u00f3\u017ca\u0144ca:<\/div>\n<div dir=\"auto\">Wierz\u0119 Panie,<\/div>\n<div dir=\"auto\">zarad\u017a mojemu niedowiarstwu. \/<\/div>\n<div dir=\"auto\"><\/div>\n<div dir=\"auto\">Na ma\u0142ych paciorkach:<\/div>\n<div dir=\"auto\">Jezusie, synu Dawida,<\/div>\n<div dir=\"auto\">Ulituj si\u0119 nad nami! \/<\/div>\n<div dir=\"auto\"><\/div>\n<div dir=\"auto\">\u015awi\u0119ty Bo\u017ce \/ 3x<\/div>\n<div dir=\"auto\">Panie, abym przejrza\u0142 \/3x<\/div>\n<div dir=\"auto\"><img decoding=\"async\" src=\"https:\/\/pbs.twimg.com\/media\/EIzXCb9W4AMLrRJ?format=jpg&amp;name=small\" alt=\"Zdj\u00c4\u0099cie\" \/><\/div>\n<div dir=\"auto\">Na zdj. W \u015aw. Annie<\/div>\n<div dir=\"auto\">Jezus Mi\u0142osierny<\/div>\n<div dir=\"auto\">Lito\u015b\u0107 jest wa\u017cnym aspektem<\/div>\n<div dir=\"auto\">Mi\u0142osiernej Mi\u0142o\u015bci<\/div>\n<div dir=\"auto\">Potrzebujemy jej bardzo<\/div>\n","protected":false},"excerpt":{"rendered":"<p>Koronka do lito\u015bci Bo\u017cej Ojcze nasz Zdrowa\u015b Wierz\u0119 \/ Na du\u017cych paciorkach r\u00f3\u017ca\u0144ca: Wierz\u0119 Panie, zarad\u017a mojemu niedowiarstwu. \/ Na ma\u0142ych paciorkach: Jezusie, synu Dawida,&hellip; <\/p>\n","protected":false},"author":1,"featured_media":0,"parent":0,"menu_order":0,"comment_status":"closed","ping_status":"closed","template":"","meta":{"footnotes":""},"class_list":["post-3013","page","type-page","status-publish","hentry"],"_links":{"self":[{"href":"https:\/\/hubertpietka.bialystok.pl\/index.php?rest_route=\/wp\/v2\/pages\/3013","targetHints":{"allow":["GET"]}}],"collection":[{"href":"https:\/\/hubertpietka.bialystok.pl\/index.php?rest_route=\/wp\/v2\/pages"}],"about":[{"href":"https:\/\/hubertpietka.bialystok.pl\/index.php?rest_route=\/wp\/v2\/types\/page"}],"author":[{"embeddable":true,"href":"https:\/\/hubertpietka.bialystok.pl\/index.php?rest_route=\/wp\/v2\/users\/1"}],"replies":[{"embeddable":true,"href":"https:\/\/hubertpietka.bialystok.pl\/index.php?rest_route=%2Fwp%2Fv2%2Fcomments&post=3013"}],"version-history":[{"count":1,"href":"https:\/\/hubertpietka.bialystok.pl\/index.php?rest_route=\/wp\/v2\/pages\/3013\/revisions"}],"predecessor-version":[{"id":3014,"href":"https:\/\/hubertpietka.bialystok.pl\/index.php?rest_route=\/wp\/v2\/pages\/3013\/revisions\/3014"}],"wp:attachment":[{"href":"https:\/\/hubertpietka.bialystok.pl\/index.php?rest_route=%2Fwp%2Fv2%2Fmedia&parent=3013"}],"curies":[{"name":"wp","href":"https:\/\/api.w.org\/{rel}","templated":true}]}}