{"id":3026,"date":"2019-11-21T15:31:05","date_gmt":"2019-11-21T15:31:05","guid":{"rendered":"http:\/\/hubertpietka.bialystok.pl\/?page_id=3026"},"modified":"2019-11-21T15:50:23","modified_gmt":"2019-11-21T15:50:23","slug":"ofiarowanie-a-zla-czyhanie","status":"publish","type":"page","link":"https:\/\/hubertpietka.bialystok.pl\/?page_id=3026","title":{"rendered":"Ofiarowanie \/ a z\u0142a czyhanie"},"content":{"rendered":"<p><em><strong>Ofiarowanie \/ a z\u0142a czyhanie<\/strong><\/em><\/p>\n<p>Z\u0142u zbrodni<br \/>\nNie do\u015b\u0107 nigdy<\/p>\n<p>P\u00f3ki co<br \/>\nNie powiod\u0142y si\u0119<br \/>\nJego zbrodnicze plany<br \/>\nNa \u017cyciu naszym<\/p>\n<p>I ufam Bogu<br \/>\n\u017be tak si\u0119 nie stanie<\/p>\n<p>Ale czyha ci\u0105gle<br \/>\nDyszy nienawistn\u0105 zapalczywo\u015bci\u0105<\/p>\n<p>A ja z\u0142u nie radz\u0119<br \/>\nAby cokolwiek sta\u0142o si\u0119 z nami<br \/>\nNie radz\u0119 z\u0142u<br \/>\nBy uczyni\u0142o co\u015b jeszcze<br \/>\nNam naszym i naszemu<\/p>\n<div dir=\"auto\"><img decoding=\"async\" src=\"https:\/\/pbs.twimg.com\/media\/EJ51Kb_XYAEONWf?format=jpg&amp;name=small\" alt=\"Zdj\u00c4\u0099cie\" \/><\/div>\n<p>Na zdj. Samoch\u00f3d nasz<br \/>\nPsa wie\u015b dzia\u0142k\u0119 i domek<br \/>\nOfiarowuj\u0119 Bo\u017ce Tobie<br \/>\nNas i naszych bliskich<br \/>\nBogu oddaj\u0119 wszystko i wszystkich<\/p>\n<p>Pisano w NMP Ofiarowanie<br \/>\nJak \u015bw. Anna i Joachim Maryj\u0119<br \/>\nTak ja oddaj\u0119 i powierzam Tobie<br \/>\nWszystkich moich i moje<br \/>\n<em>Totus Tuus Maryjo<\/em><\/p>\n","protected":false},"excerpt":{"rendered":"<p>Ofiarowanie \/ a z\u0142a czyhanie Z\u0142u zbrodni Nie do\u015b\u0107 nigdy P\u00f3ki co Nie powiod\u0142y si\u0119 Jego zbrodnicze plany Na \u017cyciu naszym I ufam Bogu \u017be&hellip; <\/p>\n","protected":false},"author":1,"featured_media":0,"parent":0,"menu_order":0,"comment_status":"closed","ping_status":"closed","template":"","meta":{"footnotes":""},"class_list":["post-3026","page","type-page","status-publish","hentry"],"_links":{"self":[{"href":"https:\/\/hubertpietka.bialystok.pl\/index.php?rest_route=\/wp\/v2\/pages\/3026","targetHints":{"allow":["GET"]}}],"collection":[{"href":"https:\/\/hubertpietka.bialystok.pl\/index.php?rest_route=\/wp\/v2\/pages"}],"about":[{"href":"https:\/\/hubertpietka.bialystok.pl\/index.php?rest_route=\/wp\/v2\/types\/page"}],"author":[{"embeddable":true,"href":"https:\/\/hubertpietka.bialystok.pl\/index.php?rest_route=\/wp\/v2\/users\/1"}],"replies":[{"embeddable":true,"href":"https:\/\/hubertpietka.bialystok.pl\/index.php?rest_route=%2Fwp%2Fv2%2Fcomments&post=3026"}],"version-history":[{"count":8,"href":"https:\/\/hubertpietka.bialystok.pl\/index.php?rest_route=\/wp\/v2\/pages\/3026\/revisions"}],"predecessor-version":[{"id":3035,"href":"https:\/\/hubertpietka.bialystok.pl\/index.php?rest_route=\/wp\/v2\/pages\/3026\/revisions\/3035"}],"wp:attachment":[{"href":"https:\/\/hubertpietka.bialystok.pl\/index.php?rest_route=%2Fwp%2Fv2%2Fmedia&parent=3026"}],"curies":[{"name":"wp","href":"https:\/\/api.w.org\/{rel}","templated":true}]}}