{"id":3036,"date":"2019-11-28T12:20:43","date_gmt":"2019-11-28T12:20:43","guid":{"rendered":"http:\/\/hubertpietka.bialystok.pl\/?page_id=3036"},"modified":"2019-11-28T12:22:45","modified_gmt":"2019-11-28T12:22:45","slug":"litania-we-wszystkich-i-we-wszystkim-chwalmy-pana","status":"publish","type":"page","link":"https:\/\/hubertpietka.bialystok.pl\/?page_id=3036","title":{"rendered":"Litania \/ we wszystkich i we wszystkim chwalmy Pana"},"content":{"rendered":"<p><em><strong>Litania \/ we wszystkich i we wszystkim chwalmy Pana<\/strong><\/em><\/p>\n<p>\u017bono moja kochana<br \/>\nChwal i wywy\u017cszaj Pana<br \/>\nRodzino moja, moi bliscy<br \/>\nChwalcie i wywy\u017cszajcie go zawsze<br \/>\nPrzyjaciele, bli\u017csi i dalsi znajomi<br \/>\nChwalcie i wywy\u017cszajcie Pana<\/p>\n<p><img decoding=\"async\" src=\"https:\/\/pbs.twimg.com\/media\/EKdV-kiWwAIq3oP?format=jpg&amp;name=4096x4096\" alt=\"Zdj\u00c4\u0099cie\" \/><\/p>\n<p>Kap\u0142ani<br \/>\nChwalcie i wywy\u017cszajcie Pana<br \/>\nSiostry i bracia zakonni<br \/>\nChwalcie go i wywy\u017cszajcie zawsze<br \/>\nCa\u0142y ludu Bo\u017cy<br \/>\nChwal i wywy\u017cszaj Pana<\/p>\n<p>M\u0142odzie\u017cy i dzieci<br \/>\nChwalcie Pana chwalcie<br \/>\nBiedni chorzy cierpi\u0105cy<br \/>\nChwalcie Go i wywy\u017cszajcie<br \/>\nDoro\u015bli i starsi<br \/>\nWywy\u017cszajcie Pana zawsze<\/p>\n<p><img decoding=\"async\" src=\"https:\/\/pbs.twimg.com\/media\/EKdV-kgWwAAQ21r?format=jpg&amp;name=4096x4096\" alt=\"Zdj\u00c4\u0099cie\" \/><\/p>\n<p>Pieski kotki i wszystkie zwierz\u0119ta<br \/>\nChwalcie i wywy\u017cszajcie Pana<br \/>\nDrzewa ptaki i trawy<br \/>\nWywy\u017cszajcie Pana zawsze<br \/>\nP\u0142ody ziemi wszystkie<br \/>\nChwalcie Go i wywy\u017cszajcie<\/p>\n<p>Niech ziemia ca\u0142a<br \/>\nChwali swego Pana<br \/>\nWszystko i wszyscy<br \/>\nChwalcie i wywy\u017cszajcie Go zawsze<br \/>\nDzi\u0119kuj\u0119, \u017ce jeste\u015bcie<\/p>\n<p><img decoding=\"async\" src=\"https:\/\/pbs.twimg.com\/media\/EKdV-keXsAIupA6?format=jpg&amp;name=4096x4096\" alt=\"Zdj\u00c4\u0099cie\" \/><\/p>\n","protected":false},"excerpt":{"rendered":"<p>Litania \/ we wszystkich i we wszystkim chwalmy Pana \u017bono moja kochana Chwal i wywy\u017cszaj Pana Rodzino moja, moi bliscy Chwalcie i wywy\u017cszajcie go zawsze&hellip; <\/p>\n","protected":false},"author":1,"featured_media":0,"parent":0,"menu_order":0,"comment_status":"closed","ping_status":"closed","template":"","meta":{"footnotes":""},"class_list":["post-3036","page","type-page","status-publish","hentry"],"_links":{"self":[{"href":"https:\/\/hubertpietka.bialystok.pl\/index.php?rest_route=\/wp\/v2\/pages\/3036","targetHints":{"allow":["GET"]}}],"collection":[{"href":"https:\/\/hubertpietka.bialystok.pl\/index.php?rest_route=\/wp\/v2\/pages"}],"about":[{"href":"https:\/\/hubertpietka.bialystok.pl\/index.php?rest_route=\/wp\/v2\/types\/page"}],"author":[{"embeddable":true,"href":"https:\/\/hubertpietka.bialystok.pl\/index.php?rest_route=\/wp\/v2\/users\/1"}],"replies":[{"embeddable":true,"href":"https:\/\/hubertpietka.bialystok.pl\/index.php?rest_route=%2Fwp%2Fv2%2Fcomments&post=3036"}],"version-history":[{"count":3,"href":"https:\/\/hubertpietka.bialystok.pl\/index.php?rest_route=\/wp\/v2\/pages\/3036\/revisions"}],"predecessor-version":[{"id":3039,"href":"https:\/\/hubertpietka.bialystok.pl\/index.php?rest_route=\/wp\/v2\/pages\/3036\/revisions\/3039"}],"wp:attachment":[{"href":"https:\/\/hubertpietka.bialystok.pl\/index.php?rest_route=%2Fwp%2Fv2%2Fmedia&parent=3036"}],"curies":[{"name":"wp","href":"https:\/\/api.w.org\/{rel}","templated":true}]}}