{"id":304,"date":"2017-01-18T22:05:09","date_gmt":"2017-01-18T22:05:09","guid":{"rendered":"http:\/\/hubertpietka.bialystok.pl\/?page_id=304"},"modified":"2017-01-18T23:10:58","modified_gmt":"2017-01-18T23:10:58","slug":"o-cierpieniu","status":"publish","type":"page","link":"https:\/\/hubertpietka.bialystok.pl\/?page_id=304","title":{"rendered":"O cierpieniu"},"content":{"rendered":"<p><strong>O cierpieniu<\/strong><\/p>\n<p>&nbsp;<\/p>\n<p>gdy pisz\u0119 o cierpieniu<\/p>\n<p>nie m\u00f3w mi:<\/p>\n<p style=\"text-align: left;\"><em>o jeleniu!<\/em><\/p>\n<p>&nbsp;<\/p>\n<p>gdy boli<\/p>\n<p>my\u015bl ju\u017c nie swawoli<\/p>\n<p>a uczucia przyt\u0119pione<\/p>\n<p>pod\u0105\u017caj\u0105 w swoj\u0105 stron\u0119<\/p>\n<p>&nbsp;<\/p>\n<p>i nie wiesz wtedy<\/p>\n<p>kim jeste\u015b<\/p>\n<p>i dlaczego<\/p>\n<p>zamkni\u0119to ci\u0119<\/p>\n<p>we w\u0142asnego ja<\/p>\n<p>areszcie<\/p>\n<p>&nbsp;<\/p>\n<p>tam \u017cadne \u015bwiat\u0142o<\/p>\n<p>nie dociera<\/p>\n<p>jak w czasie burzy<\/p>\n<p>gdy niebo si\u0119 chmurzy<\/p>\n<p>i odcina ci\u0119 od s\u0142o\u0144ca<\/p>\n<p>do dna do ko\u0144ca<\/p>\n<p>&nbsp;<\/p>\n<p>a s\u0142owa s\u0105 bez znaczenia:<\/p>\n<p><em>dla pogr\u0105\u017conego w cierpieniu<\/em><\/p>\n<p><em>jelenia.<\/em><\/p>\n","protected":false},"excerpt":{"rendered":"<p>O cierpieniu &nbsp; gdy pisz\u0119 o cierpieniu nie m\u00f3w mi: o jeleniu! &nbsp; gdy boli my\u015bl ju\u017c nie swawoli a uczucia przyt\u0119pione pod\u0105\u017caj\u0105 w swoj\u0105&hellip; <\/p>\n","protected":false},"author":1,"featured_media":0,"parent":0,"menu_order":0,"comment_status":"closed","ping_status":"closed","template":"","meta":{"footnotes":""},"class_list":["post-304","page","type-page","status-publish","hentry"],"_links":{"self":[{"href":"https:\/\/hubertpietka.bialystok.pl\/index.php?rest_route=\/wp\/v2\/pages\/304","targetHints":{"allow":["GET"]}}],"collection":[{"href":"https:\/\/hubertpietka.bialystok.pl\/index.php?rest_route=\/wp\/v2\/pages"}],"about":[{"href":"https:\/\/hubertpietka.bialystok.pl\/index.php?rest_route=\/wp\/v2\/types\/page"}],"author":[{"embeddable":true,"href":"https:\/\/hubertpietka.bialystok.pl\/index.php?rest_route=\/wp\/v2\/users\/1"}],"replies":[{"embeddable":true,"href":"https:\/\/hubertpietka.bialystok.pl\/index.php?rest_route=%2Fwp%2Fv2%2Fcomments&post=304"}],"version-history":[{"count":2,"href":"https:\/\/hubertpietka.bialystok.pl\/index.php?rest_route=\/wp\/v2\/pages\/304\/revisions"}],"predecessor-version":[{"id":357,"href":"https:\/\/hubertpietka.bialystok.pl\/index.php?rest_route=\/wp\/v2\/pages\/304\/revisions\/357"}],"wp:attachment":[{"href":"https:\/\/hubertpietka.bialystok.pl\/index.php?rest_route=%2Fwp%2Fv2%2Fmedia&parent=304"}],"curies":[{"name":"wp","href":"https:\/\/api.w.org\/{rel}","templated":true}]}}