{"id":3052,"date":"2019-12-04T16:40:07","date_gmt":"2019-12-04T16:40:07","guid":{"rendered":"http:\/\/hubertpietka.bialystok.pl\/?page_id=3052"},"modified":"2019-12-04T16:47:05","modified_gmt":"2019-12-04T16:47:05","slug":"5-5-5-5-10-15","status":"publish","type":"page","link":"https:\/\/hubertpietka.bialystok.pl\/?page_id=3052","title":{"rendered":"5 5 5 \/ 5 10 15"},"content":{"rendered":"<p><em><strong>5 5 5 \/ 5 10 15<\/strong><\/em><\/p>\n<p><strong>I<\/strong><br \/>\nZdrowa\u015b &#8211; za Anusi\u0119 i za mnie, za nas<br \/>\nZdrowa\u015b &#8211; za naszych rodzic\u00f3w, mamy nasze<br \/>\nZdrowa\u015b &#8211; za rodze\u0144stwa nasze<br \/>\nZdrowa\u015b &#8211; za przyjaci\u00f3\u0142, s\u0105siad\u00f3w, znajomych<br \/>\nZdrowa\u015b &#8211; za wszystkich naszych bliskich<\/p>\n<p>Zdrowa\u015b &#8211; za tych, kt\u00f3rym obiecali\u015bmy modlitw\u0119<br \/>\nZdrowa\u015b &#8211; za tych, kt\u00f3rzy jej potrzebuj\u0105<br \/>\nZdrowa\u015b &#8211; za tych, kt\u00f3rzy si\u0119 za nas modl\u0105<br \/>\nZdrowa\u015b &#8211; za tych, kt\u00f3rych spotykamy jakkolwiek<br \/>\nZdrowa\u015b &#8211; za wszystko i za wszystkich<\/p>\n<p>Zdrowa\u015b &#8211; za chrze\u015bniak\u00f3w<br \/>\nZdrowa\u015b &#8211; za dzieci w rodzinach naszych<br \/>\nZdrowa\u015b &#8211; za wszystkie dzieci i m\u0142odzie\u017c<br \/>\nZdrowa\u015b &#8211; za biednych, chorych, starszych i cierpi\u0105cych<br \/>\nZdrowa\u015b &#8211; za potrzebuj\u0105ch<\/p>\n<p><strong>II<\/strong><br \/>\nZdrowa\u015b &#8211; za Ko\u015bci\u00f3\u0142 \u015awi\u0119ty, papie\u017ca Franciszka<br \/>\nZdrowa\u015b &#8211; za kardyna\u0142\u00f3w, biskup\u00f3w<br \/>\nZdrowa\u015b &#8211; za wszystkich ksi\u0119\u017cy, diakon\u00f3w i kleryk\u00f3w<br \/>\nZdrowa\u015b &#8211; za zakonnice i zakonnik\u00f3w<br \/>\nZdrowa\u015b &#8211; za ca\u0142y lud Bo\u017cy<\/p>\n<p>Zdrowa\u015b &#8211; za niewierz\u0105cych, w\u0105tpi\u0105cych i poszukuj\u0105cych<br \/>\nZdrowa\u015b &#8211; za wsp\u00f3\u0142chrze\u015bcijan i innowierc\u00f3w<br \/>\nZdrowa\u015b &#8211; za wszystkich Polak\u00f3w, w kraju i za granic\u0105<br \/>\nZdrowa\u015b &#8211; za Polsk\u0105 i \u015bwiatem rz\u0105dz\u0105cych<br \/>\nZdrowa\u015b &#8211; za Polsk\u0119, nasz\u0105 Ojczyzn\u0119<\/p>\n<p>Zdrowa\u015b &#8211; za ca\u0142e stworzenie<br \/>\nZdrowa\u015b &#8211; o nawr\u00f3cenie<br \/>\nZdrowa\u015b &#8211; na przeb\u0142aganie<br \/>\nZdrowa\u015b &#8211; z dzi\u0119kczynieniem zawsze<br \/>\nZdrowa\u015b &#8211; w intencjach Maryi<\/p>\n<p><strong>III<\/strong><br \/>\nZdrowa\u015b &#8211;\u00a0 za ksi\u0119\u017cy, kt\u00f3rzy Eucharystie, w kt\u00f3rych uczestniczymy, sprawuj\u0105<br \/>\nZdrowa\u015b &#8211; za ksi\u0119\u017cy, kt\u00f3rzy w Eucharystii i z Sakramentami pos\u0142uguj\u0105<br \/>\nZdrowa\u015b &#8211; za zakrystian\u00f3w<br \/>\nZdrowa\u015b &#8211; za schole, organist\u00f3w<br \/>\nZdrowa\u015b &#8211; za ministrant\u00f3w i tych, kt\u00f3rzy pos\u0142uguj\u0105 S\u0142owu<\/p>\n<p>Zdrowa\u015b &#8211; za wszystkich, kt\u00f3rzy w Eucharystii uczestnicz\u0105<br \/>\nZdrowa\u015b &#8211; za wszystkich, kt\u00f3rzy przyjmuj\u0105 Sakramenty<br \/>\nZdrowa\u015b &#8211; za wszystkich, kt\u00f3rzy Naj\u015bwi\u0119tszy Sakrament adoruj\u0105<br \/>\nZdrowa\u015b &#8211; za wszystkich na \u015bwiecie w dobrej wierze si\u0119 modl\u0105cych<br \/>\nZdrowa\u015b &#8211; za tych, kt\u00f3rzy tego nie czyni\u0105, a powinni<\/p>\n<p>Zdrowa\u015b &#8211; za to, co jest, by\u0142o i b\u0119dzie<br \/>\nZdrowa\u015b &#8211; za zmar\u0142ych<br \/>\nZdrowa\u015b &#8211; za prze\u015bladowanych i o nawr\u00f3cenie prze\u015bladowc\u00f3w<br \/>\nZdrowa\u015b &#8211; za nieprzyjaci\u00f3\u0142 i wrog\u00f3w Maryi i Boga<br \/>\nZdrowa\u015b &#8211; aby imi\u0119 Maryi by\u0142o wywy\u017cszone<\/p>\n<p><strong>Puenta<\/strong><br \/>\nRzymska V jest symbolem zwyci\u0119stwa<br \/>\nTak naprawd\u0119 nie chodzi o jedn\u0105 wi\u0119cej lub mniej modlitw\u0119<br \/>\nWa\u017cna jest czysto\u015b\u0107 serca,<br \/>\nDobra wiara i dobre intencje,<br \/>\nAle niech b\u0119dzie!<\/p>\n<p><img decoding=\"async\" src=\"https:\/\/pbs.twimg.com\/media\/EK9PTy8XUAUIjMg?format=jpg&amp;name=small\" alt=\"Zdj\u00c4\u0099cie\" \/><\/p>\n<p style=\"text-align: center;\">Na zdj. Maryja w bia\u0142ostockim Sanktuarium Bo\u017cego Mi\u0142osierdzia<br \/>\nTotus Tuus<\/p>\n<p style=\"text-align: right;\">( <em><strong><a href=\"https:\/\/www.youtube.com\/watch?v=MXwrMXD0iqw\">5 10 15<\/a><\/strong><\/em> )<\/p>\n","protected":false},"excerpt":{"rendered":"<p>5 5 5 \/ 5 10 15 I Zdrowa\u015b &#8211; za Anusi\u0119 i za mnie, za nas Zdrowa\u015b &#8211; za naszych rodzic\u00f3w, mamy nasze Zdrowa\u015b&hellip; <\/p>\n","protected":false},"author":1,"featured_media":0,"parent":0,"menu_order":0,"comment_status":"closed","ping_status":"closed","template":"","meta":{"footnotes":""},"class_list":["post-3052","page","type-page","status-publish","hentry"],"_links":{"self":[{"href":"https:\/\/hubertpietka.bialystok.pl\/index.php?rest_route=\/wp\/v2\/pages\/3052","targetHints":{"allow":["GET"]}}],"collection":[{"href":"https:\/\/hubertpietka.bialystok.pl\/index.php?rest_route=\/wp\/v2\/pages"}],"about":[{"href":"https:\/\/hubertpietka.bialystok.pl\/index.php?rest_route=\/wp\/v2\/types\/page"}],"author":[{"embeddable":true,"href":"https:\/\/hubertpietka.bialystok.pl\/index.php?rest_route=\/wp\/v2\/users\/1"}],"replies":[{"embeddable":true,"href":"https:\/\/hubertpietka.bialystok.pl\/index.php?rest_route=%2Fwp%2Fv2%2Fcomments&post=3052"}],"version-history":[{"count":4,"href":"https:\/\/hubertpietka.bialystok.pl\/index.php?rest_route=\/wp\/v2\/pages\/3052\/revisions"}],"predecessor-version":[{"id":3056,"href":"https:\/\/hubertpietka.bialystok.pl\/index.php?rest_route=\/wp\/v2\/pages\/3052\/revisions\/3056"}],"wp:attachment":[{"href":"https:\/\/hubertpietka.bialystok.pl\/index.php?rest_route=%2Fwp%2Fv2%2Fmedia&parent=3052"}],"curies":[{"name":"wp","href":"https:\/\/api.w.org\/{rel}","templated":true}]}}