{"id":3058,"date":"2019-12-10T15:07:50","date_gmt":"2019-12-10T15:07:50","guid":{"rendered":"http:\/\/hubertpietka.bialystok.pl\/?page_id=3058"},"modified":"2019-12-10T15:17:25","modified_gmt":"2019-12-10T15:17:25","slug":"3058-2","status":"publish","type":"page","link":"https:\/\/hubertpietka.bialystok.pl\/?page_id=3058","title":{"rendered":"Obrazy \/ dane mi pewnego razu"},"content":{"rendered":"<p><em><strong>Obrazy \/ dane mi pewnego razu<\/strong><\/em><\/p>\n<p><strong>I<\/strong><br \/>\nMaryja Niepokalanie Pocz\u0119ta<br \/>\nZ nocy wy\u0142ania si\u0119<br \/>\nUbrana na bia\u0142o-niebiesko<br \/>\nZ r\u0119kami roz\u0142o\u017conymi na boki<br \/>\nJakby chcia\u0142a przygarn\u0105\u0107 Swe dzieci<\/p>\n<p><strong>II<\/strong><br \/>\nJezus Chrystus<br \/>\nKl\u0119czy na koncercie rockowym<br \/>\nW\u015br\u00f3d ludzi<br \/>\nUbrany na bia\u0142o i cierpi\u0105cy<br \/>\nZa nich do Boga Ojca<br \/>\nSi\u0119 modli<\/p>\n<p>Jezus Mi\u0142osierny<br \/>\nZanim przyjdzie jako S\u0119dzia Sprawiedliwy<br \/>\nModli si\u0119 cierpi\u0105c za ludzi<br \/>\nBy ci si\u0119 od z\u0142a odwr\u00f3cili<br \/>\nGodno\u015bci dzieci Bo\u017cych nie zatracili<\/p>\n<p><strong>III<\/strong><br \/>\nTe obrazy<br \/>\nTo nie jest obraza<br \/>\nKogokolwiek<br \/>\nDane zosta\u0142y mi po prostu<br \/>\nJako przedstawienie<br \/>\nMi\u0142o\u015bci Boga do ludzi<br \/>\nI mi\u0142o\u015bci Maryji jako naszej Matki<\/p>\n<p><strong>IV<\/strong><br \/>\nTak si\u0119 jako\u015b z\u0142o\u017cy\u0142o<br \/>\n\u017be by\u0142 dla mnie koncertowy ten weekend<br \/>\nNajpierw w pi\u0105tek w bibliotece w Wasilkowie<br \/>\nWys\u0142ucha\u0142em recitalu poezji \u015bpiewanej<\/p>\n<p><img decoding=\"async\" src=\"https:\/\/pbs.twimg.com\/media\/ELbpeISXkAApkiK?format=jpg&amp;name=360x360\" alt=\"Zdj\u00c4\u0099cie\" \/><\/p>\n<p>By tego samego dnia w Sze\u015bcianie<br \/>\nBy\u0107 jeszcze na koncercie Navaho<br \/>\nOba wydarzenia pozytywne bardzo<\/p>\n<p><img decoding=\"async\" src=\"https:\/\/pbs.twimg.com\/media\/ELbpeIOWwAAcUpI?format=jpg&amp;name=360x360\" alt=\"Zdj\u00c4\u0099cie\" \/><\/p>\n<p>A w sobot\u0119 by\u0142em w Gwincie<br \/>\nNa koncercie rockowym<br \/>\nGra\u0142 kolejno Sztywny Pal Azji<br \/>\nKobranocka i R\u00f3\u017ce Europy<\/p>\n<p><img decoding=\"async\" src=\"https:\/\/pbs.twimg.com\/media\/ELbpeIpUcAAvMe5?format=jpg&amp;name=360x360\" alt=\"Zdj\u00c4\u0099cie\" \/><\/p>\n<p>I to po tym koncercie<br \/>\nDnia nast\u0119pnego na r\u00f3\u017ca\u0144cu<br \/>\nTen drugi obraz z Jezusem mi si\u0119 objawi\u0142<\/p>\n<p><em>Na zdj. W ko\u015bciele wasilkowskim<\/em><br \/>\n<em> Maryi Matki Mi\u0142osierdzia<\/em><br \/>\n<em> Jezus jako Baranek Bo\u017cy<\/em><br \/>\n<em> Kt\u00f3ry g\u0142adzi grzechy \u015bwiata<\/em><br \/>\n<em> \u00a0<\/em><br \/>\n<em> Maryja wskazuje na Jezusa zawsze<\/em><br \/>\n<em> Nieprzypadkowo ten drugi obraz<\/em><br \/>\n<em> W \u015awi\u0119to Niepokalanego Pocz\u0119cia przyszed\u0142 do mnie<\/em><br \/>\n<em> \u00a0<\/em><br \/>\n<em> Jezus jest cichy i pokorny<\/em><br \/>\n<em>Wszystkich chce do nieba zaprosi\u0107<\/em><\/p>\n<p><img decoding=\"async\" src=\"https:\/\/pbs.twimg.com\/media\/ELbpeIbUcAI6KBZ?format=jpg&amp;name=360x360\" alt=\"Zdj\u00c4\u0099cie\" \/><\/p>\n","protected":false},"excerpt":{"rendered":"<p>Obrazy \/ dane mi pewnego razu I Maryja Niepokalanie Pocz\u0119ta Z nocy wy\u0142ania si\u0119 Ubrana na bia\u0142o-niebiesko Z r\u0119kami roz\u0142o\u017conymi na boki Jakby chcia\u0142a przygarn\u0105\u0107&hellip; <\/p>\n","protected":false},"author":1,"featured_media":0,"parent":0,"menu_order":0,"comment_status":"closed","ping_status":"closed","template":"","meta":{"footnotes":""},"class_list":["post-3058","page","type-page","status-publish","hentry"],"_links":{"self":[{"href":"https:\/\/hubertpietka.bialystok.pl\/index.php?rest_route=\/wp\/v2\/pages\/3058","targetHints":{"allow":["GET"]}}],"collection":[{"href":"https:\/\/hubertpietka.bialystok.pl\/index.php?rest_route=\/wp\/v2\/pages"}],"about":[{"href":"https:\/\/hubertpietka.bialystok.pl\/index.php?rest_route=\/wp\/v2\/types\/page"}],"author":[{"embeddable":true,"href":"https:\/\/hubertpietka.bialystok.pl\/index.php?rest_route=\/wp\/v2\/users\/1"}],"replies":[{"embeddable":true,"href":"https:\/\/hubertpietka.bialystok.pl\/index.php?rest_route=%2Fwp%2Fv2%2Fcomments&post=3058"}],"version-history":[{"count":4,"href":"https:\/\/hubertpietka.bialystok.pl\/index.php?rest_route=\/wp\/v2\/pages\/3058\/revisions"}],"predecessor-version":[{"id":3062,"href":"https:\/\/hubertpietka.bialystok.pl\/index.php?rest_route=\/wp\/v2\/pages\/3058\/revisions\/3062"}],"wp:attachment":[{"href":"https:\/\/hubertpietka.bialystok.pl\/index.php?rest_route=%2Fwp%2Fv2%2Fmedia&parent=3058"}],"curies":[{"name":"wp","href":"https:\/\/api.w.org\/{rel}","templated":true}]}}