{"id":3065,"date":"2019-12-14T10:14:30","date_gmt":"2019-12-14T10:14:30","guid":{"rendered":"http:\/\/hubertpietka.bialystok.pl\/?page_id=3065"},"modified":"2019-12-14T12:40:05","modified_gmt":"2019-12-14T12:40:05","slug":"dobro-wobec-zla-analiza-egzystencjalna","status":"publish","type":"page","link":"https:\/\/hubertpietka.bialystok.pl\/?page_id=3065","title":{"rendered":"Dobro wobec z\u0142a \/ analiza egzystencjalna"},"content":{"rendered":"<p><i><b>Dobro wobec z\u0142a \/ analiza egzystencjalna<\/b><\/i><\/p>\n<p><b>I<\/b><br \/>\nDobro jest znienawidzone przez z\u0142o<br \/>\nZ\u0142o czyha na dobro<br \/>\nZ\u0142o chce zniszczy\u0107 je zawsze<\/p>\n<p>Dobro za\u015bwiadcza o z\u0142ych czynach z\u0142a<br \/>\nNa tle dobra z\u0142o jaskrawiej wida\u0107<br \/>\nDobro jest przeszkod\u0105 dla z\u0142a<\/p>\n<p>Z\u0142o d\u0105\u017cy do nieprawo\u015bci wszelkiej<br \/>\nChce si\u0119 w z\u0142u pogr\u0105\u017ca\u0107 ci\u0105gle<br \/>\nZnieprawia\u0107 siebie dalej i innych coraz bardziej<\/p>\n<p>Z\u0142o jest parodi\u0105 dobra<br \/>\nOno udaje je<br \/>\nLecz ma natur\u0119 ska\u017con\u0105 przez k\u0142amstwa i zbrodnie<\/p>\n<p>Zak\u0142ama\u0107 rzeczywisto\u015b\u0107 to jego cel<br \/>\nRozmy\u0107 warto\u015bci wszelkie<br \/>\nPogr\u0105\u017cy\u0107 wszystko w chaosie<\/p>\n<p>Dobro przeciwnie<br \/>\nJest jasne ciche i czyste<br \/>\nJest Bo\u017cym darem zawsze<\/p>\n<p><b>II<\/b><br \/>\nJa nie twierdz\u0119<br \/>\n\u017be dobry jestem<br \/>\nDobry jest tylko B\u00f3g<\/p>\n<p>Ale On daje dary r\u00f3\u017cne<br \/>\n\u017bycia cud bliskich i r\u00f3\u017cne inne warto\u015bci<br \/>\nZ\u0142o to wszystko chce zniszczy\u0107<\/p>\n<p>Dlatego w Bogu i Maryi chroni\u0119<br \/>\nWszelkie dobra swoje<br \/>\nOby B\u00f3g zachowa\u0107 raczy\u0142 to wszystko<\/p>\n<p>By nie dotkn\u0119\u0142a tego<br \/>\nZbrodnicza r\u0119ka z\u0142a<br \/>\nBy nie spe\u0142ni\u0142 si\u0119 jego niecny plan<\/p>\n<p><img decoding=\"async\" class=\"css-9pa8cd\" draggable=\"true\" src=\"https:\/\/pbs.twimg.com\/media\/ELvXh9JWwAAey4H?format=jpg&amp;name=small\" alt=\"Zdj\u0119cie\" \/><\/p>\n<p><i>Na zdj. \u0141ab\u0119dzie na rzece w Supra\u015blu<\/i><br \/>\n<i>Dobro jest niewinne i czyste<\/i><br \/>\n<i>A tym zawini\u0142o z\u0142u<\/i><br \/>\n<i>\u017be jest po prostu<\/i><\/p>\n<p><i>I ju\u017c przez samo to<\/i><br \/>\n<i>Przeciwstawia si\u0119 planom z\u0142a<\/i><br \/>\n<i>Kt\u00f3re chce skazi\u0107 wszystko i zatru\u0107<\/i><br \/>\n<i>Swym jadem \u015bmierciono\u015bnym<br \/>\n<\/i><\/p>\n<p style=\"text-align: right;\">\n","protected":false},"excerpt":{"rendered":"<p>Dobro wobec z\u0142a \/ analiza egzystencjalna I Dobro jest znienawidzone przez z\u0142o Z\u0142o czyha na dobro Z\u0142o chce zniszczy\u0107 je zawsze Dobro za\u015bwiadcza o z\u0142ych&hellip; <\/p>\n","protected":false},"author":1,"featured_media":0,"parent":0,"menu_order":0,"comment_status":"closed","ping_status":"closed","template":"","meta":{"footnotes":""},"class_list":["post-3065","page","type-page","status-publish","hentry"],"_links":{"self":[{"href":"https:\/\/hubertpietka.bialystok.pl\/index.php?rest_route=\/wp\/v2\/pages\/3065","targetHints":{"allow":["GET"]}}],"collection":[{"href":"https:\/\/hubertpietka.bialystok.pl\/index.php?rest_route=\/wp\/v2\/pages"}],"about":[{"href":"https:\/\/hubertpietka.bialystok.pl\/index.php?rest_route=\/wp\/v2\/types\/page"}],"author":[{"embeddable":true,"href":"https:\/\/hubertpietka.bialystok.pl\/index.php?rest_route=\/wp\/v2\/users\/1"}],"replies":[{"embeddable":true,"href":"https:\/\/hubertpietka.bialystok.pl\/index.php?rest_route=%2Fwp%2Fv2%2Fcomments&post=3065"}],"version-history":[{"count":8,"href":"https:\/\/hubertpietka.bialystok.pl\/index.php?rest_route=\/wp\/v2\/pages\/3065\/revisions"}],"predecessor-version":[{"id":3075,"href":"https:\/\/hubertpietka.bialystok.pl\/index.php?rest_route=\/wp\/v2\/pages\/3065\/revisions\/3075"}],"wp:attachment":[{"href":"https:\/\/hubertpietka.bialystok.pl\/index.php?rest_route=%2Fwp%2Fv2%2Fmedia&parent=3065"}],"curies":[{"name":"wp","href":"https:\/\/api.w.org\/{rel}","templated":true}]}}