{"id":307,"date":"2017-01-18T22:06:52","date_gmt":"2017-01-18T22:06:52","guid":{"rendered":"http:\/\/hubertpietka.bialystok.pl\/?page_id=307"},"modified":"2017-01-18T23:08:16","modified_gmt":"2017-01-18T23:08:16","slug":"czlowieku","status":"publish","type":"page","link":"https:\/\/hubertpietka.bialystok.pl\/?page_id=307","title":{"rendered":"Cz\u0142owieku!"},"content":{"rendered":"<p><strong>Cz\u0142owieku!<\/strong><\/p>\n<p>&nbsp;<\/p>\n<p>a kiedy staniesz<\/p>\n<p>przed bram\u0105 sn\u00f3w<\/p>\n<p>jak posklejasz<\/p>\n<p>l\u0119ki twoich s\u0142\u00f3w<\/p>\n<p>&nbsp;<\/p>\n<p>a kiedy spotkasz<\/p>\n<p>ju\u017c swego Boga<\/p>\n<p>czy nie ogarnie ci\u0119<\/p>\n<p>febrz\u0105ca trwoga<\/p>\n<p>&nbsp;<\/p>\n<p>jak si\u0119 wtedy okre\u015blisz<\/p>\n<p>czy \u017cycie swe<\/p>\n<p>w mi\u0142o\u015bci zmie\u015bcisz<\/p>\n<p>&nbsp;<\/p>\n<p>czy powstaniesz do rado\u015bci<\/p>\n<p>czy w bezdenn\u0105 czelu\u015b\u0107 str\u0105cony<\/p>\n<p>przeklina\u0107 b\u0119dziesz siebie pot\u0119piony<\/p>\n<p>&nbsp;<\/p>\n<p>czy zamkniesz swe \u017cycie<\/p>\n<p>w zachwycie<\/p>\n<p>a kiedy staniesz przed bram\u0105<\/p>\n<p>czy b\u0119dzie z tob\u0105 tw\u00f3j anio\u0142?<\/p>\n","protected":false},"excerpt":{"rendered":"<p>Cz\u0142owieku! &nbsp; a kiedy staniesz przed bram\u0105 sn\u00f3w jak posklejasz l\u0119ki twoich s\u0142\u00f3w &nbsp; a kiedy spotkasz ju\u017c swego Boga czy nie ogarnie ci\u0119 febrz\u0105ca&hellip; <\/p>\n","protected":false},"author":1,"featured_media":0,"parent":0,"menu_order":0,"comment_status":"closed","ping_status":"closed","template":"","meta":{"footnotes":""},"class_list":["post-307","page","type-page","status-publish","hentry"],"_links":{"self":[{"href":"https:\/\/hubertpietka.bialystok.pl\/index.php?rest_route=\/wp\/v2\/pages\/307","targetHints":{"allow":["GET"]}}],"collection":[{"href":"https:\/\/hubertpietka.bialystok.pl\/index.php?rest_route=\/wp\/v2\/pages"}],"about":[{"href":"https:\/\/hubertpietka.bialystok.pl\/index.php?rest_route=\/wp\/v2\/types\/page"}],"author":[{"embeddable":true,"href":"https:\/\/hubertpietka.bialystok.pl\/index.php?rest_route=\/wp\/v2\/users\/1"}],"replies":[{"embeddable":true,"href":"https:\/\/hubertpietka.bialystok.pl\/index.php?rest_route=%2Fwp%2Fv2%2Fcomments&post=307"}],"version-history":[{"count":3,"href":"https:\/\/hubertpietka.bialystok.pl\/index.php?rest_route=\/wp\/v2\/pages\/307\/revisions"}],"predecessor-version":[{"id":356,"href":"https:\/\/hubertpietka.bialystok.pl\/index.php?rest_route=\/wp\/v2\/pages\/307\/revisions\/356"}],"wp:attachment":[{"href":"https:\/\/hubertpietka.bialystok.pl\/index.php?rest_route=%2Fwp%2Fv2%2Fmedia&parent=307"}],"curies":[{"name":"wp","href":"https:\/\/api.w.org\/{rel}","templated":true}]}}