{"id":3077,"date":"2019-12-23T22:00:14","date_gmt":"2019-12-23T22:00:14","guid":{"rendered":"http:\/\/hubertpietka.bialystok.pl\/?page_id=3077"},"modified":"2019-12-23T22:09:09","modified_gmt":"2019-12-23T22:09:09","slug":"3077-2","status":"publish","type":"page","link":"https:\/\/hubertpietka.bialystok.pl\/?page_id=3077","title":{"rendered":"Bo\u017ce Narodzenie \/ Mi\u0142osierdzie dla ciebie"},"content":{"rendered":"<p><strong><em>Bo\u017ce Narodzenie \/ Mi\u0142osierdzie dla ciebie<\/em><\/strong><\/p>\n<p>Z Mi\u0142osierdzia Bo\u017cego powsta\u0142o wszystko<br \/>\nMi\u0142osierdzie Bo\u017ce w postaci Jezusa na \u015bwiat przysz\u0142o<br \/>\nMi\u0142osierdzie Bo\u017ce nas odkupi\u0142o<br \/>\nMi\u0142osierdzie Bo\u017ce zbawienie nam da\u0142o<\/p>\n<p>Przyjmij Bo\u017ce Mi\u0142osierdzie<br \/>\nTa Male\u0144ka Dziecina<br \/>\nJest obrazem Bo\u017cego Mi\u0142osierdzia<br \/>\nKt\u00f3re si\u0119 pochyla<br \/>\nNad krucho\u015bci\u0105 cz\u0142owieka<\/p>\n<p>Dobrych \u015awi\u0105t Bo\u017cego Narodzenia \u017cycz\u0119<br \/>\nPrzyjmij do swego serca to Bo\u017ce Dzieci\u0119<br \/>\nNiech Mi\u0142osierdzie Bo\u017ce przem\u00f3wi do ci\u0119<br \/>\nI ogarnie ciebie twoich bliskich i wszystkich<\/p>\n<p><img decoding=\"async\" class=\"css-9pa8cd\" draggable=\"true\" src=\"https:\/\/pbs.twimg.com\/media\/EMfLjymXUAYB4E7?format=jpg&amp;name=small\" alt=\"Image\" \/><\/p>\n<p style=\"text-align: center;\"><a href=\"https:\/\/www.youtube.com\/watch?v=tZoJ26jBelA\"><em><strong>Eleni &#8211; Male\u0144ka przysz\u0142a Mi\u0142o\u015b\u0107 (1996)<\/strong><\/em><\/a><\/p>\n","protected":false},"excerpt":{"rendered":"<p>Bo\u017ce Narodzenie \/ Mi\u0142osierdzie dla ciebie Z Mi\u0142osierdzia Bo\u017cego powsta\u0142o wszystko Mi\u0142osierdzie Bo\u017ce w postaci Jezusa na \u015bwiat przysz\u0142o Mi\u0142osierdzie Bo\u017ce nas odkupi\u0142o Mi\u0142osierdzie Bo\u017ce&hellip; <\/p>\n","protected":false},"author":1,"featured_media":0,"parent":0,"menu_order":0,"comment_status":"closed","ping_status":"closed","template":"","meta":{"footnotes":""},"class_list":["post-3077","page","type-page","status-publish","hentry"],"_links":{"self":[{"href":"https:\/\/hubertpietka.bialystok.pl\/index.php?rest_route=\/wp\/v2\/pages\/3077","targetHints":{"allow":["GET"]}}],"collection":[{"href":"https:\/\/hubertpietka.bialystok.pl\/index.php?rest_route=\/wp\/v2\/pages"}],"about":[{"href":"https:\/\/hubertpietka.bialystok.pl\/index.php?rest_route=\/wp\/v2\/types\/page"}],"author":[{"embeddable":true,"href":"https:\/\/hubertpietka.bialystok.pl\/index.php?rest_route=\/wp\/v2\/users\/1"}],"replies":[{"embeddable":true,"href":"https:\/\/hubertpietka.bialystok.pl\/index.php?rest_route=%2Fwp%2Fv2%2Fcomments&post=3077"}],"version-history":[{"count":5,"href":"https:\/\/hubertpietka.bialystok.pl\/index.php?rest_route=\/wp\/v2\/pages\/3077\/revisions"}],"predecessor-version":[{"id":3082,"href":"https:\/\/hubertpietka.bialystok.pl\/index.php?rest_route=\/wp\/v2\/pages\/3077\/revisions\/3082"}],"wp:attachment":[{"href":"https:\/\/hubertpietka.bialystok.pl\/index.php?rest_route=%2Fwp%2Fv2%2Fmedia&parent=3077"}],"curies":[{"name":"wp","href":"https:\/\/api.w.org\/{rel}","templated":true}]}}