{"id":3090,"date":"2020-01-06T09:20:27","date_gmt":"2020-01-06T09:20:27","guid":{"rendered":"http:\/\/hubertpietka.bialystok.pl\/?page_id=3090"},"modified":"2020-01-06T09:30:58","modified_gmt":"2020-01-06T09:30:58","slug":"wolno-wolniej","status":"publish","type":"page","link":"https:\/\/hubertpietka.bialystok.pl\/?page_id=3090","title":{"rendered":"Wolno \/ wolniej"},"content":{"rendered":"<p><strong><em>Wolno \/ wolniej<\/em><\/strong><\/p>\n<p>Si\u0142\u0105 woli<br \/>\nCoraz wolniej<br \/>\nSiebie mniej i mniej<\/p>\n<p>To boli<\/p>\n<p>Wszystko wolno<br \/>\nTak ma\u0142o mo\u017ce<\/p>\n<p>Ju\u017c tylko nad nami<br \/>\nMi\u0142osierdzie Bo\u017ce<\/p>\n<p>Igraszka si\u0142 z\u0142a<br \/>\nAle mimo wszystko trwa<\/p>\n<p><a href=\"https:\/\/www.youtube.com\/watch?v=imiRNwP2yEs\"><em><strong>Metro &#8211; a ja nie<\/strong><\/em><\/a><\/p>\n<p><img decoding=\"async\" class=\"css-9pa8cd\" draggable=\"true\" src=\"https:\/\/pbs.twimg.com\/media\/ENlnGANW4AEJZlK?format=jpg&amp;name=small\" alt=\"Image\" \/><\/p>\n<p><em>Na zdj. Epifania dzi\u015b Trzech Kr\u00f3li<\/em><br \/>\n<em>Sanktuarium Bo\u017cego Mi\u0142osierdzia<\/em><br \/>\n<em>Mi\u0142o\u015b\u0107 Boga si\u0119 objawia najpe\u0142niej<\/em><br \/>\n<em>Na tle n\u0119dzy ludzkiej niesko\u0144czonej<\/em><\/p>\n","protected":false},"excerpt":{"rendered":"<p>Wolno \/ wolniej Si\u0142\u0105 woli Coraz wolniej Siebie mniej i mniej To boli Wszystko wolno Tak ma\u0142o mo\u017ce Ju\u017c tylko nad nami Mi\u0142osierdzie Bo\u017ce Igraszka&hellip; <\/p>\n","protected":false},"author":1,"featured_media":0,"parent":0,"menu_order":0,"comment_status":"closed","ping_status":"closed","template":"","meta":{"footnotes":""},"class_list":["post-3090","page","type-page","status-publish","hentry"],"_links":{"self":[{"href":"https:\/\/hubertpietka.bialystok.pl\/index.php?rest_route=\/wp\/v2\/pages\/3090","targetHints":{"allow":["GET"]}}],"collection":[{"href":"https:\/\/hubertpietka.bialystok.pl\/index.php?rest_route=\/wp\/v2\/pages"}],"about":[{"href":"https:\/\/hubertpietka.bialystok.pl\/index.php?rest_route=\/wp\/v2\/types\/page"}],"author":[{"embeddable":true,"href":"https:\/\/hubertpietka.bialystok.pl\/index.php?rest_route=\/wp\/v2\/users\/1"}],"replies":[{"embeddable":true,"href":"https:\/\/hubertpietka.bialystok.pl\/index.php?rest_route=%2Fwp%2Fv2%2Fcomments&post=3090"}],"version-history":[{"count":3,"href":"https:\/\/hubertpietka.bialystok.pl\/index.php?rest_route=\/wp\/v2\/pages\/3090\/revisions"}],"predecessor-version":[{"id":3093,"href":"https:\/\/hubertpietka.bialystok.pl\/index.php?rest_route=\/wp\/v2\/pages\/3090\/revisions\/3093"}],"wp:attachment":[{"href":"https:\/\/hubertpietka.bialystok.pl\/index.php?rest_route=%2Fwp%2Fv2%2Fmedia&parent=3090"}],"curies":[{"name":"wp","href":"https:\/\/api.w.org\/{rel}","templated":true}]}}