{"id":3095,"date":"2020-01-06T09:52:08","date_gmt":"2020-01-06T09:52:08","guid":{"rendered":"http:\/\/hubertpietka.bialystok.pl\/?page_id=3095"},"modified":"2020-01-06T09:52:08","modified_gmt":"2020-01-06T09:52:08","slug":"matka-boga-i-nasza","status":"publish","type":"page","link":"https:\/\/hubertpietka.bialystok.pl\/?page_id=3095","title":{"rendered":"Matka \/ Boga i nasza"},"content":{"rendered":"<p><strong><em>Matka \/ Boga i nasza<\/em><\/strong><\/p>\n<p>Ma-tka<br \/>\nMa &#8211; nas w Swej opiece<br \/>\nTka &#8211; modlitwy Swe<br \/>\nOtacza nas nimi<\/p>\n<p>Mat-ula<br \/>\nMat &#8211; wobec z\u0142a<br \/>\nZawsze zwyci\u0119\u017ca<br \/>\nUt-ula dzieci Swe<\/p>\n<p>Jest z nami zawsze<br \/>\nRodzi nas dla mi\u0142o\u015bci<br \/>\nTkliwie pociesza<br \/>\nMatka nasza i Boga<br \/>\n<img decoding=\"async\" class=\"css-9pa8cd\" draggable=\"true\" src=\"https:\/\/pbs.twimg.com\/media\/ENlskQMWkAAscgZ?format=jpg&amp;name=small\" alt=\"Image\" \/><br \/>\nNa zdj. Maryja w DPS-ie s. franciszkanek<br \/>\nPi\u0119kna dobra jasna i czysta<br \/>\nI tych te\u017c Bo\u017cych atrybut\u00f3w<br \/>\nOna chce dla dzieci swoich<br \/>\nJednocze\u015bnie zawsze wys\u0142ucha i zrozumie<\/p>\n<p style=\"text-align: center;\"><a href=\"https:\/\/www.youtube.com\/watch?v=RmeP7TUZzjU\"><em><strong>By\u0142a cicha i pi\u0119kna jak wiosna &#8211; Jorkoitaliano<\/strong><\/em><\/a><\/p>\n","protected":false},"excerpt":{"rendered":"<p>Matka \/ Boga i nasza Ma-tka Ma &#8211; nas w Swej opiece Tka &#8211; modlitwy Swe Otacza nas nimi Mat-ula Mat &#8211; wobec z\u0142a Zawsze&hellip; <\/p>\n","protected":false},"author":1,"featured_media":0,"parent":0,"menu_order":0,"comment_status":"closed","ping_status":"closed","template":"","meta":{"footnotes":""},"class_list":["post-3095","page","type-page","status-publish","hentry"],"_links":{"self":[{"href":"https:\/\/hubertpietka.bialystok.pl\/index.php?rest_route=\/wp\/v2\/pages\/3095","targetHints":{"allow":["GET"]}}],"collection":[{"href":"https:\/\/hubertpietka.bialystok.pl\/index.php?rest_route=\/wp\/v2\/pages"}],"about":[{"href":"https:\/\/hubertpietka.bialystok.pl\/index.php?rest_route=\/wp\/v2\/types\/page"}],"author":[{"embeddable":true,"href":"https:\/\/hubertpietka.bialystok.pl\/index.php?rest_route=\/wp\/v2\/users\/1"}],"replies":[{"embeddable":true,"href":"https:\/\/hubertpietka.bialystok.pl\/index.php?rest_route=%2Fwp%2Fv2%2Fcomments&post=3095"}],"version-history":[{"count":1,"href":"https:\/\/hubertpietka.bialystok.pl\/index.php?rest_route=\/wp\/v2\/pages\/3095\/revisions"}],"predecessor-version":[{"id":3096,"href":"https:\/\/hubertpietka.bialystok.pl\/index.php?rest_route=\/wp\/v2\/pages\/3095\/revisions\/3096"}],"wp:attachment":[{"href":"https:\/\/hubertpietka.bialystok.pl\/index.php?rest_route=%2Fwp%2Fv2%2Fmedia&parent=3095"}],"curies":[{"name":"wp","href":"https:\/\/api.w.org\/{rel}","templated":true}]}}