{"id":310,"date":"2017-01-18T22:08:32","date_gmt":"2017-01-18T22:08:32","guid":{"rendered":"http:\/\/hubertpietka.bialystok.pl\/?page_id=310"},"modified":"2017-01-18T22:08:32","modified_gmt":"2017-01-18T22:08:32","slug":"wiele-jest-serc","status":"publish","type":"page","link":"https:\/\/hubertpietka.bialystok.pl\/?page_id=310","title":{"rendered":"\u201eWiele jest serc\u2026\u201d"},"content":{"rendered":"<p><strong><em>\u201eWiele jest serc\u2026\u201d<\/em><\/strong><\/p>\n<p>&nbsp;<\/p>\n<p><strong>I <em>(Rozes\u0142anie)<\/em><\/strong><\/p>\n<p>Jak kromk\u0119 chleba podnie\u015b\u0107?<\/p>\n<p>I poda\u0107 ci do ust,<\/p>\n<p>Gdy ty, cho\u0107 spragniony ca\u0142ym sob\u0105<\/p>\n<p>&#8211; zje\u015b\u0107 nie zechcesz\u2026<\/p>\n<p>&nbsp;<\/p>\n<p>Jak podarowa\u0107 ci wody ze strumyka?<\/p>\n<p>Gdy ty, cho\u0107 wysuszony na wi\u00f3r<\/p>\n<p>&#8211; nie zechcesz pi\u0107<\/p>\n<p>Prawdy rado\u015bci pokoju\u2026<\/p>\n<p>&nbsp;<\/p>\n<p>Nie chcesz\u2026<\/p>\n<p>A nawet,<\/p>\n<p>je\u015bli zaczerpniesz ju\u017c \u0142yk o\u017cywczego tchnienia<\/p>\n<p>&#8211; jak uchroni\u0107 ci\u0119 przed d\u017cum\u0105 brata i \u015bwiata?<\/p>\n<p>&nbsp;<\/p>\n<p><strong>II <em>(Miserere mei, Deus))<\/em><\/strong><\/p>\n<p>Jednak trzeba, aby On wzrasta\u0142<\/p>\n<p>A ja umniejsza\u0142 si\u0119!<\/p>\n<p>&#8211; Tylko tak podejm\u0119 r\u0119k\u0119<\/p>\n<p>I otworz\u0119 j\u0105 na wo\u0142anie serca:<\/p>\n<p>&nbsp;<\/p>\n<p>Na g\u0142\u00f3d, pragnienie, zaduch<\/p>\n<p>\u015awiata bez Boga!<\/p>\n","protected":false},"excerpt":{"rendered":"<p>\u201eWiele jest serc\u2026\u201d &nbsp; I (Rozes\u0142anie) Jak kromk\u0119 chleba podnie\u015b\u0107? I poda\u0107 ci do ust, Gdy ty, cho\u0107 spragniony ca\u0142ym sob\u0105 &#8211; zje\u015b\u0107 nie zechcesz\u2026&hellip; <\/p>\n","protected":false},"author":1,"featured_media":0,"parent":0,"menu_order":0,"comment_status":"closed","ping_status":"closed","template":"","meta":{"footnotes":""},"class_list":["post-310","page","type-page","status-publish","hentry"],"_links":{"self":[{"href":"https:\/\/hubertpietka.bialystok.pl\/index.php?rest_route=\/wp\/v2\/pages\/310","targetHints":{"allow":["GET"]}}],"collection":[{"href":"https:\/\/hubertpietka.bialystok.pl\/index.php?rest_route=\/wp\/v2\/pages"}],"about":[{"href":"https:\/\/hubertpietka.bialystok.pl\/index.php?rest_route=\/wp\/v2\/types\/page"}],"author":[{"embeddable":true,"href":"https:\/\/hubertpietka.bialystok.pl\/index.php?rest_route=\/wp\/v2\/users\/1"}],"replies":[{"embeddable":true,"href":"https:\/\/hubertpietka.bialystok.pl\/index.php?rest_route=%2Fwp%2Fv2%2Fcomments&post=310"}],"version-history":[{"count":1,"href":"https:\/\/hubertpietka.bialystok.pl\/index.php?rest_route=\/wp\/v2\/pages\/310\/revisions"}],"predecessor-version":[{"id":311,"href":"https:\/\/hubertpietka.bialystok.pl\/index.php?rest_route=\/wp\/v2\/pages\/310\/revisions\/311"}],"wp:attachment":[{"href":"https:\/\/hubertpietka.bialystok.pl\/index.php?rest_route=%2Fwp%2Fv2%2Fmedia&parent=310"}],"curies":[{"name":"wp","href":"https:\/\/api.w.org\/{rel}","templated":true}]}}