{"id":3103,"date":"2020-01-17T13:32:20","date_gmt":"2020-01-17T13:32:20","guid":{"rendered":"http:\/\/hubertpietka.bialystok.pl\/?page_id=3103"},"modified":"2020-01-22T16:12:03","modified_gmt":"2020-01-22T16:12:03","slug":"antonim-synonim","status":"publish","type":"page","link":"https:\/\/hubertpietka.bialystok.pl\/?page_id=3103","title":{"rendered":"Antonim \/ synonim"},"content":{"rendered":"<p><strong><em>Antonim \/ synonim<\/em><\/strong><\/p>\n<p>An(t)onim<br \/>\nAn o nim<br \/>\nMa\u0142y ksi\u0105\u017c\u0119<br \/>\nCo to b\u0119dzie<\/p>\n<p>(To nie anonim)<\/p>\n<p>Synonim<br \/>\nSyn o Nim<br \/>\nB\u00f3g Ojciec<br \/>\nMi\u0142osierdzia<\/p>\n<p>B\u00f3g jest dobry<br \/>\nJest Mi\u0142o\u015bci\u0105<br \/>\nJest wspania\u0142y<\/p>\n<p>(Antoni wspania\u0142y znaczy)<\/p>\n<p>Szatan jest z\u0142em<br \/>\nNienawidzi<br \/>\nZniszczy\u0107 chce<br \/>\nWszystko i wszystkich<br \/>\nCiebie i mnie<\/p>\n<p>(Anty jest zawsze<br \/>\nJest antychrystem)<\/p>\n<p><strong>W przeddzie\u0144 wspomnienia<\/strong><br \/>\n<strong>\u015aw. Antoniego opata pisano<\/strong><br \/>\n<strong>Kt\u00f3ry by\u0142 na r\u00f3\u017cne sposoby<\/strong><br \/>\n<strong>Kuszony<\/strong><br \/>\n<strong>Czyli poddawany pr\u00f3bie przez diab\u0142a<\/strong><br \/>\n<strong>Lecz opar\u0142 si\u0119 temu<\/strong><br \/>\n<strong>Umacniaj\u0105c si\u0119 w Bogu<\/strong><\/p>\n<p><img decoding=\"async\" class=\"css-9pa8cd\" draggable=\"true\" src=\"https:\/\/pbs.twimg.com\/media\/EOfKLgUWkAIdieq?format=jpg&amp;name=small\" alt=\"Image\" \/><\/p>\n<p><em>Na zdj. \u015aw. Antoni Padewski<\/em><br \/>\n<em>W Sanktuarium b\u0142. ks. Jerzego Popie\u0142uszki<\/em><br \/>\n<em>Z Dzieci\u0105tkiem Jezus na r\u0119kach<\/em><br \/>\n<em>Z\u0142o dobrem zwyci\u0119\u017caj<\/em><\/p>\n","protected":false},"excerpt":{"rendered":"<p>Antonim \/ synonim An(t)onim An o nim Ma\u0142y ksi\u0105\u017c\u0119 Co to b\u0119dzie (To nie anonim) Synonim Syn o Nim B\u00f3g Ojciec Mi\u0142osierdzia B\u00f3g jest dobry&hellip; <\/p>\n","protected":false},"author":1,"featured_media":0,"parent":0,"menu_order":0,"comment_status":"closed","ping_status":"closed","template":"","meta":{"footnotes":""},"class_list":["post-3103","page","type-page","status-publish","hentry"],"_links":{"self":[{"href":"https:\/\/hubertpietka.bialystok.pl\/index.php?rest_route=\/wp\/v2\/pages\/3103","targetHints":{"allow":["GET"]}}],"collection":[{"href":"https:\/\/hubertpietka.bialystok.pl\/index.php?rest_route=\/wp\/v2\/pages"}],"about":[{"href":"https:\/\/hubertpietka.bialystok.pl\/index.php?rest_route=\/wp\/v2\/types\/page"}],"author":[{"embeddable":true,"href":"https:\/\/hubertpietka.bialystok.pl\/index.php?rest_route=\/wp\/v2\/users\/1"}],"replies":[{"embeddable":true,"href":"https:\/\/hubertpietka.bialystok.pl\/index.php?rest_route=%2Fwp%2Fv2%2Fcomments&post=3103"}],"version-history":[{"count":5,"href":"https:\/\/hubertpietka.bialystok.pl\/index.php?rest_route=\/wp\/v2\/pages\/3103\/revisions"}],"predecessor-version":[{"id":3108,"href":"https:\/\/hubertpietka.bialystok.pl\/index.php?rest_route=\/wp\/v2\/pages\/3103\/revisions\/3108"}],"wp:attachment":[{"href":"https:\/\/hubertpietka.bialystok.pl\/index.php?rest_route=%2Fwp%2Fv2%2Fmedia&parent=3103"}],"curies":[{"name":"wp","href":"https:\/\/api.w.org\/{rel}","templated":true}]}}