{"id":3110,"date":"2020-01-22T16:20:34","date_gmt":"2020-01-22T16:20:34","guid":{"rendered":"http:\/\/hubertpietka.bialystok.pl\/?page_id=3110"},"modified":"2020-01-22T16:24:44","modified_gmt":"2020-01-22T16:24:44","slug":"modlitewne-akty-strzeliste-kompilacja-czysta","status":"publish","type":"page","link":"https:\/\/hubertpietka.bialystok.pl\/?page_id=3110","title":{"rendered":"Modlitewne akty strzeliste \/ kompilacja czysta"},"content":{"rendered":"<p><strong><em>Modlitewne akty strzeliste \/ kompilacja czysta<\/em><\/strong><\/p>\n<p>Ustrze\u017c, Maryjo nas, naszych i nasze przed z\u0142em;<br \/>\nBro\u0144, Maryjo i strze\u017c przed nim zawsze!<br \/>\n\/ x3<\/p>\n<p>Okryj, Maryjo nas, naszych i nasze Swym p\u0142aszczem;<br \/>\nOkrywaj Maryjo zawsze!<br \/>\n\/ x3<\/p>\n<p>Niech nie dosi\u0119gnie nas jakiekolwiek z\u0142o;<br \/>\nProsimy Ci\u0119 o to,<br \/>\nNaj\u015bwi\u0119tsza Panno Maryjo!<br \/>\n\/ x 1<\/p>\n<p><strong>Maryjne akty strzeliste<\/strong><br \/>\n<strong>Modlitwa czysta<\/strong><br \/>\n<strong>W pewnej kompilacji<\/strong><br \/>\n<strong>Mog\u0105 by\u0107 u\u017cywane tak\u017ce pojedynczo<\/strong><br \/>\n<strong>Lub w innych kombinacjach<\/strong><\/p>\n<p><img decoding=\"async\" src=\"https:\/\/pbs.twimg.com\/media\/EO5ge12UwAAeTqA?format=jpg&amp;name=small\" alt=\"Zdj\u00c4\u0099cie\" \/><\/p>\n<p><em>Na zdj. Figurka Maryi<\/em><br \/>\n<em>Przy b\u0142. ksi\u0119dza Jerzego Popie\u0142uszki Sanktuarium<\/em><br \/>\n<em>Na \u017boliborzu warszawskim<\/em><br \/>\n<em>U\u017cal si\u0119 Bo\u017ce<\/em><br \/>\n<em>Nad n\u0119dz\u0105 nasz\u0105<\/em><\/p>\n<p><strong>*Aneks<\/strong><br \/>\n<strong><em>Oczko do Boga \/ Opatrzno\u015b\u0107 Bo\u017ca<\/em><\/strong><\/p>\n<p>3+3+1=7<br \/>\n7\/1<br \/>\nOczko do Boga<br \/>\n3&#215;7=21<br \/>\n3&#215;1=2+1<br \/>\n3<br \/>\nOpatrzno\u015b\u0107 Bo\u017ca<\/p>\n<p><img decoding=\"async\" src=\"https:\/\/pbs.twimg.com\/media\/EO5hAVhXkAIQk0E?format=jpg&amp;name=small\" alt=\"Zdj\u00c4\u0099cie\" \/><\/p>\n<p><em>Na zdj. Niebo zachodnie na \u017bytniej<\/em><br \/>\n<em>Niech serce wytchnie<\/em><br \/>\n<em>Ka\u017cdy chce tylko zwyczajnie \u017cy\u0107<\/em><br \/>\n<em>Tak po prostu<\/em><\/p>\n","protected":false},"excerpt":{"rendered":"<p>Modlitewne akty strzeliste \/ kompilacja czysta Ustrze\u017c, Maryjo nas, naszych i nasze przed z\u0142em; Bro\u0144, Maryjo i strze\u017c przed nim zawsze! \/ x3 Okryj, Maryjo&hellip; <\/p>\n","protected":false},"author":1,"featured_media":0,"parent":0,"menu_order":0,"comment_status":"closed","ping_status":"closed","template":"","meta":{"footnotes":""},"class_list":["post-3110","page","type-page","status-publish","hentry"],"_links":{"self":[{"href":"https:\/\/hubertpietka.bialystok.pl\/index.php?rest_route=\/wp\/v2\/pages\/3110","targetHints":{"allow":["GET"]}}],"collection":[{"href":"https:\/\/hubertpietka.bialystok.pl\/index.php?rest_route=\/wp\/v2\/pages"}],"about":[{"href":"https:\/\/hubertpietka.bialystok.pl\/index.php?rest_route=\/wp\/v2\/types\/page"}],"author":[{"embeddable":true,"href":"https:\/\/hubertpietka.bialystok.pl\/index.php?rest_route=\/wp\/v2\/users\/1"}],"replies":[{"embeddable":true,"href":"https:\/\/hubertpietka.bialystok.pl\/index.php?rest_route=%2Fwp%2Fv2%2Fcomments&post=3110"}],"version-history":[{"count":3,"href":"https:\/\/hubertpietka.bialystok.pl\/index.php?rest_route=\/wp\/v2\/pages\/3110\/revisions"}],"predecessor-version":[{"id":3113,"href":"https:\/\/hubertpietka.bialystok.pl\/index.php?rest_route=\/wp\/v2\/pages\/3110\/revisions\/3113"}],"wp:attachment":[{"href":"https:\/\/hubertpietka.bialystok.pl\/index.php?rest_route=%2Fwp%2Fv2%2Fmedia&parent=3110"}],"curies":[{"name":"wp","href":"https:\/\/api.w.org\/{rel}","templated":true}]}}