{"id":3116,"date":"2020-01-28T16:19:07","date_gmt":"2020-01-28T16:19:07","guid":{"rendered":"http:\/\/hubertpietka.bialystok.pl\/?page_id=3116"},"modified":"2020-01-28T16:24:48","modified_gmt":"2020-01-28T16:24:48","slug":"mala-dla-mnie-j-naj-sza","status":"publish","type":"page","link":"https:\/\/hubertpietka.bialystok.pl\/?page_id=3116","title":{"rendered":"Ma\u0142a \/ dla mnie-(j) naj, sza!"},"content":{"rendered":"<p><strong><em>Ma\u0142a \/ dla mnie-(j) naj, sza!<\/em><\/strong><\/p>\n<p>Ma\u0142a Ksi\u0119\u017cniczka<br \/>\nPomaga pisa\u0107<br \/>\nMa\u0142emu Ksi\u0119ciu<br \/>\nMa\u0142\u0105 ksi\u0105\u017ck\u0119 \u017cycia<\/p>\n<p>Ma\u0142a<br \/>\nDla mnie-(j) naj<br \/>\nZ\u0142o sza<br \/>\nCisza<\/p>\n<p>W Bogu bardzo jeste\u015bmy<br \/>\nKr\u00f3lewskimi dzie\u0107mi<br \/>\nPrzys\u0142uguje nam tytu\u0142 ksi\u0105\u017c\u0119cy<br \/>\nTym bardziej wobec siebie wzajemnie<\/p>\n<p>Kr\u00f3lewno moja<br \/>\nCieszmy si\u0119 sob\u0105<br \/>\nI niech nie przeszkadza<br \/>\nW tym nam<br \/>\nZ\u0142o \u017cadne<\/p>\n<p><img decoding=\"async\" src=\"https:\/\/pbs.twimg.com\/media\/EPYX-k9XUAIAK0s?format=jpg&amp;name=small\" alt=\"Zdj\u00c4\u0099cie\" \/><br \/>\n<em>\u00a0<\/em><br \/>\n<em>Na zdj. Kubek kawowy w pracy<\/em><br \/>\n<em>Przypomina o porz\u0105dku mi\u0142o\u015bci<\/em><br \/>\n<em>Od tych najbli\u017cej po dalej<\/em><br \/>\n<em>Kocha\u0107 trzeba wszystkich<\/em><br \/>\n<em>A dla mojej \u017bony<\/em><br \/>\n<em>\u017bycia mego najpi\u0119kniejsze kwiaty<\/em><br \/>\n<em>Zawsze<\/em><\/p>\n<p style=\"text-align: right;\"><a href=\"https:\/\/www.youtube.com\/watch?v=erLYBYUnCuI\"><em><strong>Ma\u0142a Ksi\u0119\u017cniczka &#8211; Intro<\/strong><\/em><\/a><\/p>\n","protected":false},"excerpt":{"rendered":"<p>Ma\u0142a \/ dla mnie-(j) naj, sza! Ma\u0142a Ksi\u0119\u017cniczka Pomaga pisa\u0107 Ma\u0142emu Ksi\u0119ciu Ma\u0142\u0105 ksi\u0105\u017ck\u0119 \u017cycia Ma\u0142a Dla mnie-(j) naj Z\u0142o sza Cisza W Bogu bardzo&hellip; <\/p>\n","protected":false},"author":1,"featured_media":0,"parent":0,"menu_order":0,"comment_status":"closed","ping_status":"closed","template":"","meta":{"footnotes":""},"class_list":["post-3116","page","type-page","status-publish","hentry"],"_links":{"self":[{"href":"https:\/\/hubertpietka.bialystok.pl\/index.php?rest_route=\/wp\/v2\/pages\/3116","targetHints":{"allow":["GET"]}}],"collection":[{"href":"https:\/\/hubertpietka.bialystok.pl\/index.php?rest_route=\/wp\/v2\/pages"}],"about":[{"href":"https:\/\/hubertpietka.bialystok.pl\/index.php?rest_route=\/wp\/v2\/types\/page"}],"author":[{"embeddable":true,"href":"https:\/\/hubertpietka.bialystok.pl\/index.php?rest_route=\/wp\/v2\/users\/1"}],"replies":[{"embeddable":true,"href":"https:\/\/hubertpietka.bialystok.pl\/index.php?rest_route=%2Fwp%2Fv2%2Fcomments&post=3116"}],"version-history":[{"count":4,"href":"https:\/\/hubertpietka.bialystok.pl\/index.php?rest_route=\/wp\/v2\/pages\/3116\/revisions"}],"predecessor-version":[{"id":3120,"href":"https:\/\/hubertpietka.bialystok.pl\/index.php?rest_route=\/wp\/v2\/pages\/3116\/revisions\/3120"}],"wp:attachment":[{"href":"https:\/\/hubertpietka.bialystok.pl\/index.php?rest_route=%2Fwp%2Fv2%2Fmedia&parent=3116"}],"curies":[{"name":"wp","href":"https:\/\/api.w.org\/{rel}","templated":true}]}}