{"id":3122,"date":"2020-02-01T10:14:51","date_gmt":"2020-02-01T10:14:51","guid":{"rendered":"http:\/\/hubertpietka.bialystok.pl\/?page_id=3122"},"modified":"2020-02-01T10:22:23","modified_gmt":"2020-02-01T10:22:23","slug":"3122-2","status":"publish","type":"page","link":"https:\/\/hubertpietka.bialystok.pl\/?page_id=3122","title":{"rendered":"Przypowie\u015b\u0107 o przewrotnym bogaczu"},"content":{"rendered":"<p><strong><em>Przypowie\u015b\u0107 o przewrotnym bogaczu<\/em><\/strong><\/p>\n<p>By\u0142 sobie biedak, kt\u00f3ry mia\u0142 tylko jedn\u0105 owieczk\u0119.<br \/>\nBogacz natomiast chcia\u0142 mu j\u0105 zabra\u0107, aby ze swoimi przyjaci\u00f3\u0142mi si\u0119 zabawi\u0107.<br \/>\nSkarga owieczki i biedaka unosi si\u0119 wprost do nieba na przewrotnego bogacza.<\/p>\n<p><img decoding=\"async\" class=\"css-9pa8cd\" draggable=\"true\" src=\"https:\/\/pbs.twimg.com\/media\/EPrtSPBXUAAdEsC?format=jpg&amp;name=small\" alt=\"Image\" \/><\/p>\n<p><em>Na zdj. Kaplica ZSJM w Bia\u0142ymstoku na Poleskiej<\/em><br \/>\n<em>Po \u015brodku Jezus Mi\u0142osierny<\/em><br \/>\n<em>\u015aw. Faustyna po lewej b\u0142. Micha\u0142 Sopocko po prawej<\/em><br \/>\n<em>Przed Bogiem zawsze razem<\/em><\/p>\n<p style=\"text-align: right;\"><a href=\"https:\/\/www.youtube.com\/watch?v=uESEs-yySYc\"><em><strong>Aneta Lipnicka &#8211; Wolne ptaki<\/strong><\/em><\/a><\/p>\n","protected":false},"excerpt":{"rendered":"<p>Przypowie\u015b\u0107 o przewrotnym bogaczu By\u0142 sobie biedak, kt\u00f3ry mia\u0142 tylko jedn\u0105 owieczk\u0119. Bogacz natomiast chcia\u0142 mu j\u0105 zabra\u0107, aby ze swoimi przyjaci\u00f3\u0142mi si\u0119 zabawi\u0107. Skarga&hellip; <\/p>\n","protected":false},"author":1,"featured_media":0,"parent":0,"menu_order":0,"comment_status":"closed","ping_status":"closed","template":"","meta":{"footnotes":""},"class_list":["post-3122","page","type-page","status-publish","hentry"],"_links":{"self":[{"href":"https:\/\/hubertpietka.bialystok.pl\/index.php?rest_route=\/wp\/v2\/pages\/3122","targetHints":{"allow":["GET"]}}],"collection":[{"href":"https:\/\/hubertpietka.bialystok.pl\/index.php?rest_route=\/wp\/v2\/pages"}],"about":[{"href":"https:\/\/hubertpietka.bialystok.pl\/index.php?rest_route=\/wp\/v2\/types\/page"}],"author":[{"embeddable":true,"href":"https:\/\/hubertpietka.bialystok.pl\/index.php?rest_route=\/wp\/v2\/users\/1"}],"replies":[{"embeddable":true,"href":"https:\/\/hubertpietka.bialystok.pl\/index.php?rest_route=%2Fwp%2Fv2%2Fcomments&post=3122"}],"version-history":[{"count":4,"href":"https:\/\/hubertpietka.bialystok.pl\/index.php?rest_route=\/wp\/v2\/pages\/3122\/revisions"}],"predecessor-version":[{"id":3126,"href":"https:\/\/hubertpietka.bialystok.pl\/index.php?rest_route=\/wp\/v2\/pages\/3122\/revisions\/3126"}],"wp:attachment":[{"href":"https:\/\/hubertpietka.bialystok.pl\/index.php?rest_route=%2Fwp%2Fv2%2Fmedia&parent=3122"}],"curies":[{"name":"wp","href":"https:\/\/api.w.org\/{rel}","templated":true}]}}