{"id":3129,"date":"2020-02-09T15:17:28","date_gmt":"2020-02-09T15:17:28","guid":{"rendered":"http:\/\/hubertpietka.bialystok.pl\/?page_id=3129"},"modified":"2020-02-09T15:33:39","modified_gmt":"2020-02-09T15:33:39","slug":"3129-2","status":"publish","type":"page","link":"https:\/\/hubertpietka.bialystok.pl\/?page_id=3129","title":{"rendered":"6 \/ sz\u00f3stka sz\u00f3steczka sz\u00f3stunia"},"content":{"rendered":"<p><strong><em>6 \/ sz\u00f3stka sz\u00f3steczka sz\u00f3stunia<\/em><\/strong><\/p>\n<p><em>I<\/em><br \/>\nPan B\u00f3g sz\u00f3stego dnia<br \/>\nStworzy\u0142 cz\u0142owieka<br \/>\nA wszystko co B\u00f3g stworzy\u0142 by\u0142o dobre<br \/>\nI w odpowiedniej kolejno\u015bci<\/p>\n<p>Niestety grzech wszed\u0142 na \u015bwiat<br \/>\nPrzez niepos\u0142usze\u0144stwo cz\u0142owieka<br \/>\nI zawi\u015b\u0107 diab\u0142a<br \/>\nGrzech pierworodny si\u0119 sta\u0142<\/p>\n<p>Szatan to uzurpator<br \/>\nCz\u0142owiekiem by chcia\u0142 zaw\u0142adn\u0105\u0107<br \/>\nDlatego po\u0142o\u017cy\u0142 sw\u0105 \u0142ap\u0119<br \/>\nNa dniu sz\u00f3stym<\/p>\n<p>St\u0105d te\u017c<br \/>\nZacz\u0105\u0142 przypisywa\u0107 sobie sz\u00f3stk\u0119<br \/>\nLecz od pocz\u0105tku tak nie by\u0142o<br \/>\nWszystko co stworzy\u0142 B\u00f3g dobre by\u0142o<\/p>\n<p><em>II<\/em><br \/>\nPouczy\u0142 mnie o tym Pan wczoraj<br \/>\nKiedy z\u0142o\u017cyli\u015bmy na ofiar\u0119<br \/>\nWsp\u00f3lnie z \u017con\u0105<br \/>\nPodczas Mszy \u015awi\u0119tej 6 z\u0142<\/p>\n<p>Czy taka ofiar\u0105<br \/>\nNie podoba si\u0119 Panu<br \/>\nCzy jak by kto\u015b za 66 z\u0142 i groszy 6 zam\u00f3wi\u0142 Msz\u0119<br \/>\nCzy to by\u0142oby niew\u0142a\u015bciwe<\/p>\n<p>A jak by kto\u015b<br \/>\nUbogiemu da\u0142 z\u0142 6<br \/>\nCzy to by\u0142oby \u017ale<br \/>\nCzy to nie by\u0142oby mi\u0142osierdzie<\/p>\n<p><em>III<\/em><br \/>\nDodatkowo biblijny obraz<br \/>\nSpotkania Piotra z Korneliuszem<br \/>\nPotwierdza to<br \/>\n\u017be od pocz\u0105tku tak nie by\u0142o<\/p>\n<p>Zmartwychwstanie Chrystusa<br \/>\nOczy\u015bci\u0142o ka\u017cde po\u017cywienie<br \/>\nPodobnie ju\u017c czas<br \/>\nBy oczy\u015bci\u0142o si\u0119 cyfr pojmowanie<\/p>\n<p>Piotrowi ukaza\u0142 si\u0119 obraz<br \/>\nP\u0142\u00f3tno czworono\u017cne i zwierz\u0119ta r\u00f3\u017cne<br \/>\nSta\u0142o si\u0119 to o sz\u00f3stej<br \/>\nA on sam przywo\u0142a\u0142 dziewi\u0105t\u0105<\/p>\n<p>Czy\u017cby nie pami\u0119ta\u0142<br \/>\nA mo\u017ce to ma jeszcze<br \/>\nJakie\u015b inne znaczenie<br \/>\nKt\u00f3re mo\u017cemy przysposobi\u0107 w\u0142a\u015bciwie<\/p>\n<p><em>IV<\/em><br \/>\nSz\u00f3stka to zwyk\u0142a liczba<br \/>\nLub odwr\u00f3cona dziewi\u0105tka<br \/>\nJak kto\u015b woli<br \/>\nZastosujmy pewn\u0105 parabol\u0119<\/p>\n<p>Dziewi\u0105tka to maryjna liczba<br \/>\nKt\u00f3ra ka\u017cd\u0105 sz\u00f3stk\u0119 odwr\u00f3ci<br \/>\nDzia\u0142ania diabelskie zniweczy<br \/>\nMaryja zawsze zwyci\u0119\u017cy<\/p>\n<p>To tak na marginesie<br \/>\nBo wszystko co B\u00f3g stworzy\u0142<br \/>\nJest dobre<br \/>\nTak\u017ce cyfry jednakowo<\/p>\n<p><em>V<\/em><br \/>\nKo\u015bci\u00f3\u0142 \u015awi\u0119ty<br \/>\nMoc\u0105 Chrystusowej \u0142aski<br \/>\nI w Duchu \u015awi\u0119tym<br \/>\nPorz\u0105dkuje te\u017c rzeczywisto\u015bci odpowiednio<\/p>\n<p>Zawsze oddawa\u0107 chwa\u0142\u0119 Bogu chce<br \/>\nI aby nie zak\u0142\u00f3ca\u0107 rzeczywisto\u015bci duchowej<br \/>\nPewne odpowiednio\u015bci szanuje<br \/>\nPo to aby nie by\u0142o chaosu<\/p>\n<p>Lecz s\u0105 w nim te\u017c pewne furtki<br \/>\nAby cz\u0142owiek rozeznawa\u0142 rzeczy inne w\u0142a\u015bciwie<br \/>\nJest Sze\u015b\u0107 prawd wiary<br \/>\nI modlitwy powszechnej wezwa\u0144 sze\u015b\u0107<\/p>\n<p>Po to w\u0142a\u015bnie<br \/>\nAby zanegowa\u0107 uzurpacje szata\u0144skie<br \/>\nNad cz\u0142owiekiem i \u015bwiatem<br \/>\nB\u00f3g jest ponad wszystkim<\/p>\n<p><em>VI<\/em><br \/>\nI jeszcze jedna rzecz<br \/>\nSzatan przez pierworodny grzech<br \/>\nZaw\u0142adn\u0105\u0107 cz\u0142owiekiem chce<br \/>\nLecz nie uda mu to si\u0119<\/p>\n<p>Chrzest \u015awi\u0119ty w Ko\u015bciele<br \/>\nZmywa ca\u0142kowicie grzech pierworodny<br \/>\nPotem ju\u017c tylko wystarczy \u017cy\u0107 \u0142ask\u0105 sakramentaln\u0105<br \/>\nI moc\u0105 modlitwy i \u017cyciem wiernym Bogu<\/p>\n<p><em>VII<\/em><br \/>\nKt\u00f3\u017c by nie chcia\u0142<br \/>\nWygra\u0107 sz\u00f3stki w totka<br \/>\nLub po prostu<br \/>\nMie\u0107 6 milion\u00f3w<\/p>\n<p>Ja na przyk\u0142ad lubi\u0119 bardzo<br \/>\nS\u0142ucha\u0107 konferencji ojca Sz\u00f3staka<br \/>\nA m\u00f3j ulubiony pub<br \/>\nTo jak najbardziej Sze\u015bcian<\/p>\n<p>Lub kt\u00f3ry tenisista<br \/>\nNie chcia\u0142 by trafi\u0107<br \/>\nTrzech sz\u00f3stek<br \/>\nW trzech setach meczu tenisa<\/p>\n<p><em>VIII<\/em><br \/>\nNa koniec zabawa liczbowa<\/p>\n<p>666+44=710<br \/>\n710~323<\/p>\n<p>664-44=622<br \/>\n622~433<\/p>\n<p>Du\u017co dobra!<\/p>\n<p><img decoding=\"async\" class=\"css-9pa8cd\" draggable=\"true\" src=\"https:\/\/pbs.twimg.com\/media\/EQV6NJ9X0AE8xiA?format=jpg&amp;name=small\" alt=\"Image\" \/><\/p>\n<p><em>Na zdj. W bia\u0142ostockim Sanktuarium Bo\u017cego Mi\u0142osierdzia<\/em><br \/>\n<em>Chrzcielnica pascha\u0142 i Duch \u015awi\u0119ty<\/em><br \/>\n<em>Pascha\u0142 jest symbolem Chrystusowego Zmartwychwstania<\/em><br \/>\n<em>Duch \u015awi\u0119ty w Ko\u015bciele \u015awi\u0119tym zawsze dzia\u0142a<\/em><\/p>\n<p>Ps. Wszystkie cyfry s\u0105 czyste,<br \/>\nO, Chryste!<\/p>\n<p style=\"text-align: right;\"><a href=\"https:\/\/www.youtube.com\/watch?v=PYpg4BypJoA\"><em><strong>Budka Suflera &#8211; Za ostatni grosz<\/strong><\/em><\/a><\/p>\n","protected":false},"excerpt":{"rendered":"<p>6 \/ sz\u00f3stka sz\u00f3steczka sz\u00f3stunia I Pan B\u00f3g sz\u00f3stego dnia Stworzy\u0142 cz\u0142owieka A wszystko co B\u00f3g stworzy\u0142 by\u0142o dobre I w odpowiedniej kolejno\u015bci Niestety grzech&hellip; <\/p>\n","protected":false},"author":1,"featured_media":0,"parent":0,"menu_order":0,"comment_status":"closed","ping_status":"closed","template":"","meta":{"footnotes":""},"class_list":["post-3129","page","type-page","status-publish","hentry"],"_links":{"self":[{"href":"https:\/\/hubertpietka.bialystok.pl\/index.php?rest_route=\/wp\/v2\/pages\/3129","targetHints":{"allow":["GET"]}}],"collection":[{"href":"https:\/\/hubertpietka.bialystok.pl\/index.php?rest_route=\/wp\/v2\/pages"}],"about":[{"href":"https:\/\/hubertpietka.bialystok.pl\/index.php?rest_route=\/wp\/v2\/types\/page"}],"author":[{"embeddable":true,"href":"https:\/\/hubertpietka.bialystok.pl\/index.php?rest_route=\/wp\/v2\/users\/1"}],"replies":[{"embeddable":true,"href":"https:\/\/hubertpietka.bialystok.pl\/index.php?rest_route=%2Fwp%2Fv2%2Fcomments&post=3129"}],"version-history":[{"count":5,"href":"https:\/\/hubertpietka.bialystok.pl\/index.php?rest_route=\/wp\/v2\/pages\/3129\/revisions"}],"predecessor-version":[{"id":3131,"href":"https:\/\/hubertpietka.bialystok.pl\/index.php?rest_route=\/wp\/v2\/pages\/3129\/revisions\/3131"}],"wp:attachment":[{"href":"https:\/\/hubertpietka.bialystok.pl\/index.php?rest_route=%2Fwp%2Fv2%2Fmedia&parent=3129"}],"curies":[{"name":"wp","href":"https:\/\/api.w.org\/{rel}","templated":true}]}}