{"id":313,"date":"2017-01-18T22:10:11","date_gmt":"2017-01-18T22:10:11","guid":{"rendered":"http:\/\/hubertpietka.bialystok.pl\/?page_id=313"},"modified":"2017-01-18T23:06:14","modified_gmt":"2017-01-18T23:06:14","slug":"odezwa-do-wyznawcow","status":"publish","type":"page","link":"https:\/\/hubertpietka.bialystok.pl\/?page_id=313","title":{"rendered":"Odezwa \u2013 Do wyznawc\u00f3w"},"content":{"rendered":"<p><strong><em>Odezwa \u2013 Do wyznawc\u00f3w<\/em><\/strong><\/p>\n<p>&nbsp;<\/p>\n<p>g\u0142o\u015bmy Chrystusa<\/p>\n<p>na forach i ulicach<\/p>\n<p>wsp\u00f3\u0142czesnych areopagach<\/p>\n<p>cho\u0107 mo\u017ce to nie wypada<\/p>\n<p>&nbsp;<\/p>\n<p>nie trzeba robi\u0107<\/p>\n<p>tego natr\u0119tnie<\/p>\n<p>by kto\u015b<\/p>\n<p>nie s\u0142ucha\u0142 niech\u0119tnie<\/p>\n<p>&nbsp;<\/p>\n<p>lecz z wyczuciem i mi\u0142o\u015bci\u0105<\/p>\n<p>w pokoju i z rado\u015bci\u0105<\/p>\n<p>&nbsp;<\/p>\n<p>by\u015b zniech\u0119caj\u0105c do siebie<\/p>\n<p>nie zniech\u0119ci\u0142 do Chrystusa<\/p>\n<p>&nbsp;<\/p>\n<p>On sam poda ci w usta<\/p>\n<p>co masz robi\u0107<\/p>\n<p>co masz czyni\u0107<\/p>\n<p>by\u00a0 pozosta\u0107 bez winy<\/p>\n<p>&nbsp;<\/p>\n<p>i nie martw si\u0119 o m\u0119cze\u0144stwo<\/p>\n<p>On sam daje m\u0119stwo<\/p>\n<p>to wydaje si\u0119 nad si\u0142y<\/p>\n<p>lecz nie gdy dzia\u0142a Jezus mi\u0142y<\/p>\n<p>&nbsp;<\/p>\n<p>wi\u0119c nie martw si\u0119 ju\u017c o nic<\/p>\n<p>nawet gdy nast\u0105pi przekroczenie<\/p>\n<p>wszystkich granic<\/p>\n<p>Jezus do ciebie przyst\u0105pi<\/p>\n<p>byleby\u015b nie w\u0105tpi\u0142!<\/p>\n","protected":false},"excerpt":{"rendered":"<p>Odezwa \u2013 Do wyznawc\u00f3w &nbsp; g\u0142o\u015bmy Chrystusa na forach i ulicach wsp\u00f3\u0142czesnych areopagach cho\u0107 mo\u017ce to nie wypada &nbsp; nie trzeba robi\u0107 tego natr\u0119tnie by&hellip; <\/p>\n","protected":false},"author":1,"featured_media":0,"parent":0,"menu_order":0,"comment_status":"closed","ping_status":"closed","template":"","meta":{"footnotes":""},"class_list":["post-313","page","type-page","status-publish","hentry"],"_links":{"self":[{"href":"https:\/\/hubertpietka.bialystok.pl\/index.php?rest_route=\/wp\/v2\/pages\/313","targetHints":{"allow":["GET"]}}],"collection":[{"href":"https:\/\/hubertpietka.bialystok.pl\/index.php?rest_route=\/wp\/v2\/pages"}],"about":[{"href":"https:\/\/hubertpietka.bialystok.pl\/index.php?rest_route=\/wp\/v2\/types\/page"}],"author":[{"embeddable":true,"href":"https:\/\/hubertpietka.bialystok.pl\/index.php?rest_route=\/wp\/v2\/users\/1"}],"replies":[{"embeddable":true,"href":"https:\/\/hubertpietka.bialystok.pl\/index.php?rest_route=%2Fwp%2Fv2%2Fcomments&post=313"}],"version-history":[{"count":2,"href":"https:\/\/hubertpietka.bialystok.pl\/index.php?rest_route=\/wp\/v2\/pages\/313\/revisions"}],"predecessor-version":[{"id":354,"href":"https:\/\/hubertpietka.bialystok.pl\/index.php?rest_route=\/wp\/v2\/pages\/313\/revisions\/354"}],"wp:attachment":[{"href":"https:\/\/hubertpietka.bialystok.pl\/index.php?rest_route=%2Fwp%2Fv2%2Fmedia&parent=313"}],"curies":[{"name":"wp","href":"https:\/\/api.w.org\/{rel}","templated":true}]}}