{"id":316,"date":"2017-01-18T22:11:45","date_gmt":"2017-01-18T22:11:45","guid":{"rendered":"http:\/\/hubertpietka.bialystok.pl\/?page_id=316"},"modified":"2017-01-18T23:04:20","modified_gmt":"2017-01-18T23:04:20","slug":"nie-oburzaj-sie","status":"publish","type":"page","link":"https:\/\/hubertpietka.bialystok.pl\/?page_id=316","title":{"rendered":"Nie oburzaj si\u0119!"},"content":{"rendered":"<p><strong>Nie oburzaj si\u0119!<\/strong><\/p>\n<p>&nbsp;<\/p>\n<p>synu,<\/p>\n<p>nie oburzaj si\u0119 na grzesznik\u00f3w<\/p>\n<p>&#8211; ich twarze jasne<\/p>\n<p>trzosy zasobne<\/p>\n<p>cia\u0142a krzepkie<\/p>\n<p>a<\/p>\n<p>my\u015bli plugawe<\/p>\n<p>i dusze \u015bmierci\u0105 zat\u0119ch\u0142e!<\/p>\n<p>&nbsp;<\/p>\n<p>nie oburzaj si\u0119!<\/p>\n<p>przemin\u0105 szybko<\/p>\n<p>jak trawa!<\/p>\n<p>p\u0142awi\u0105c si\u0119 w swym plugastwie<\/p>\n<p>ob\u0142\u0119dzie z\u0142a i pysze<\/p>\n<p>na wietrze si\u0119 ko\u0142ysz\u0105<\/p>\n<p>&#8211; martwi<\/p>\n<p>jak na wr\u00f3ble strachy!<\/p>\n<p>przemin\u0105 nie wiedz\u0105c o sobie<\/p>\n<p>&#8211; jak s\u0142oma ze strzechy!<\/p>\n<p>&nbsp;<\/p>\n<p>nie oburzaj si\u0119!<\/p>\n<p>nie!<\/p>\n<p>lecz prosto trzymaj si\u0119!<\/p>\n<p>&nbsp;<\/p>\n<p>w pokoju trwaj!<\/p>\n<p>z\u0142u si\u0119 nie poddawaj<\/p>\n<p>dobro piel\u0119gnuj<\/p>\n<p>i w rado\u015bci modlitwy<\/p>\n<p>dalej i g\u0142\u0119biej<\/p>\n<p>&#8211; ku Bogu si\u0119gaj!<\/p>\n<p>&nbsp;<\/p>\n","protected":false},"excerpt":{"rendered":"<p>Nie oburzaj si\u0119! &nbsp; synu, nie oburzaj si\u0119 na grzesznik\u00f3w &#8211; ich twarze jasne trzosy zasobne cia\u0142a krzepkie a my\u015bli plugawe i dusze \u015bmierci\u0105 zat\u0119ch\u0142e!&hellip; <\/p>\n","protected":false},"author":1,"featured_media":0,"parent":0,"menu_order":0,"comment_status":"closed","ping_status":"closed","template":"","meta":{"footnotes":""},"class_list":["post-316","page","type-page","status-publish","hentry"],"_links":{"self":[{"href":"https:\/\/hubertpietka.bialystok.pl\/index.php?rest_route=\/wp\/v2\/pages\/316","targetHints":{"allow":["GET"]}}],"collection":[{"href":"https:\/\/hubertpietka.bialystok.pl\/index.php?rest_route=\/wp\/v2\/pages"}],"about":[{"href":"https:\/\/hubertpietka.bialystok.pl\/index.php?rest_route=\/wp\/v2\/types\/page"}],"author":[{"embeddable":true,"href":"https:\/\/hubertpietka.bialystok.pl\/index.php?rest_route=\/wp\/v2\/users\/1"}],"replies":[{"embeddable":true,"href":"https:\/\/hubertpietka.bialystok.pl\/index.php?rest_route=%2Fwp%2Fv2%2Fcomments&post=316"}],"version-history":[{"count":3,"href":"https:\/\/hubertpietka.bialystok.pl\/index.php?rest_route=\/wp\/v2\/pages\/316\/revisions"}],"predecessor-version":[{"id":353,"href":"https:\/\/hubertpietka.bialystok.pl\/index.php?rest_route=\/wp\/v2\/pages\/316\/revisions\/353"}],"wp:attachment":[{"href":"https:\/\/hubertpietka.bialystok.pl\/index.php?rest_route=%2Fwp%2Fv2%2Fmedia&parent=316"}],"curies":[{"name":"wp","href":"https:\/\/api.w.org\/{rel}","templated":true}]}}