{"id":3170,"date":"2020-04-22T13:44:31","date_gmt":"2020-04-22T13:44:31","guid":{"rendered":"http:\/\/hubertpietka.bialystok.pl\/?page_id=3170"},"modified":"2020-04-22T13:54:07","modified_gmt":"2020-04-22T13:54:07","slug":"od-rodzic-sie-do-w-bogu-zycie-nowe","status":"publish","type":"page","link":"https:\/\/hubertpietka.bialystok.pl\/?page_id=3170","title":{"rendered":"Od-rodzi\u0107 si\u0119 do \/ w Bogu \u017cycie nowe"},"content":{"rendered":"<p><strong><em>Od-rodzi\u0107 si\u0119 do \/ w Bogu \u017cycie nowe<\/em><\/strong><\/p>\n<p>Rzek\u0142 Jezus do *Ni-kodem-a*<br \/>\nNi kodem a<br \/>\nS\u0142owem Bo\u017cym<\/p>\n<p>Trzeba wam si\u0119<br \/>\nNarodzi\u0107 na nowo<\/p>\n<p>Narodzi\u0107 si\u0119 z Ducha<br \/>\nCzy \u015bwiat tego pos\u0142ucha<\/p>\n<ol>\n<li>*Od-rodzimy* si\u0119<\/li>\n<\/ol>\n<p>Od rodziny<br \/>\nDo innych ludzi<br \/>\nDla rodziny<\/p>\n<p>*Od-rodzi si\u0119*<br \/>\nOd rodzi si\u0119<br \/>\nOd siebie<br \/>\nDo innych<\/p>\n<p>*O-drodz\u0119* si\u0119<br \/>\nO drodze powiem swej<br \/>\nOd siebie do Boga<br \/>\nW innych<\/p>\n<ol start=\"2\">\n<li>Pandemia<\/li>\n<\/ol>\n<p>Czas nawr\u00f3cenia<br \/>\nZwr\u00f3cenia si\u0119<br \/>\nW innych stron\u0119<\/p>\n<p>Czas odkrywania siebie<br \/>\nW Bogu<\/p>\n<p>*Pan-demia*<br \/>\nPan demon<br \/>\nB\u00f3g dopu\u015bci\u0142<br \/>\nTo po co\u015b<\/p>\n<p><img decoding=\"async\" class=\"css-9pa8cd\" draggable=\"true\" src=\"https:\/\/pbs.twimg.com\/media\/EWNmWx5WsAAWnJp?format=jpg&amp;name=small\" alt=\"Image\" \/><\/p>\n<p><em>Na zdj. Wsch\u00f3d s\u0142o\u0144ca<\/em><br \/>\n<em>Bio\u0142oborze stopnickie<\/em><br \/>\n<em>\u00a0<\/em><br \/>\n<em>Jak Chrystus zmartwychwsta\u0142<\/em><br \/>\n<em>Odradza\u0107 si\u0119<\/em><br \/>\n<em>Dop\u00f3ki trwa dzie\u0144<\/em><br \/>\n<em>\u00a0<\/em><br \/>\n<em>Ka\u017cdego dnia<\/em><br \/>\n<em>Podejmowa\u0107 w Bogu<\/em><br \/>\n<em>Zadania swe<\/em><br \/>\n<strong>\u00a0<\/strong><br \/>\n<strong>Ps. Odrodzenie si\u0119<\/strong><br \/>\n<strong>To nie odgrodzenie si\u0119<\/strong><br \/>\n<strong>To otwarcie<\/strong><br \/>\n<strong>\u00a0<\/strong><br \/>\n<strong>Na Boga<\/strong><br \/>\n<strong>\u00a0<\/strong><br \/>\n<strong>W prawdzie<\/strong><br \/>\n<strong>W bracie<\/strong><br \/>\n<strong>W \u015bwiecie<\/strong><\/p>\n<p style=\"text-align: center;\"><a href=\"https:\/\/www.youtube.com\/watch?v=wrOf8sfCsKk\"><em><strong>#ODRODZIMY SI\u0118 &#8211; POLSKA \u015aPIEWA<\/strong><\/em><\/a><\/p>\n","protected":false},"excerpt":{"rendered":"<p>Od-rodzi\u0107 si\u0119 do \/ w Bogu \u017cycie nowe Rzek\u0142 Jezus do *Ni-kodem-a* Ni kodem a S\u0142owem Bo\u017cym Trzeba wam si\u0119 Narodzi\u0107 na nowo Narodzi\u0107 si\u0119&hellip; <\/p>\n","protected":false},"author":1,"featured_media":0,"parent":0,"menu_order":0,"comment_status":"closed","ping_status":"closed","template":"","meta":{"footnotes":""},"class_list":["post-3170","page","type-page","status-publish","hentry"],"_links":{"self":[{"href":"https:\/\/hubertpietka.bialystok.pl\/index.php?rest_route=\/wp\/v2\/pages\/3170","targetHints":{"allow":["GET"]}}],"collection":[{"href":"https:\/\/hubertpietka.bialystok.pl\/index.php?rest_route=\/wp\/v2\/pages"}],"about":[{"href":"https:\/\/hubertpietka.bialystok.pl\/index.php?rest_route=\/wp\/v2\/types\/page"}],"author":[{"embeddable":true,"href":"https:\/\/hubertpietka.bialystok.pl\/index.php?rest_route=\/wp\/v2\/users\/1"}],"replies":[{"embeddable":true,"href":"https:\/\/hubertpietka.bialystok.pl\/index.php?rest_route=%2Fwp%2Fv2%2Fcomments&post=3170"}],"version-history":[{"count":5,"href":"https:\/\/hubertpietka.bialystok.pl\/index.php?rest_route=\/wp\/v2\/pages\/3170\/revisions"}],"predecessor-version":[{"id":3175,"href":"https:\/\/hubertpietka.bialystok.pl\/index.php?rest_route=\/wp\/v2\/pages\/3170\/revisions\/3175"}],"wp:attachment":[{"href":"https:\/\/hubertpietka.bialystok.pl\/index.php?rest_route=%2Fwp%2Fv2%2Fmedia&parent=3170"}],"curies":[{"name":"wp","href":"https:\/\/api.w.org\/{rel}","templated":true}]}}