{"id":3178,"date":"2020-05-05T21:20:36","date_gmt":"2020-05-05T21:20:36","guid":{"rendered":"http:\/\/hubertpietka.bialystok.pl\/?page_id=3178"},"modified":"2020-05-05T21:28:31","modified_gmt":"2020-05-05T21:28:31","slug":"3178-2","status":"publish","type":"page","link":"https:\/\/hubertpietka.bialystok.pl\/?page_id=3178","title":{"rendered":"Przymierze z Bogiem \/ Ark\u0105  serce ludzkie by\u0107 mo\u017ce"},"content":{"rendered":"<p><strong><em>Przymierze z Bogiem \/ Ark\u0105\u00a0 serce ludzkie by\u0107 mo\u017ce<\/em><\/strong><\/p>\n<p>Do Izraelit\u00f3w rzek\u0142 Moj\u017cesz<br \/>\nUczy\u0144cie Ark\u0119 w duszach waszych<\/p>\n<ol>\n<li>\/ <em>wskazania og\u00f3lne<\/em> \/<\/li>\n<\/ol>\n<p>Ark\u0105 jest czyste serce<br \/>\nW kt\u00f3rym B\u00f3g mieszka<\/p>\n<p>Z\u0142\u00f3\u017ccie w niej \u015awiadectwo<br \/>\nPrawo\u015b\u0107<\/p>\n<p>G\u0142oszenie Chrystusa<br \/>\n\u017byciem waszym<\/p>\n<p>Zbudujcie przeb\u0142agalnie nad ni\u0105<br \/>\nDwa cheruby zwr\u00f3cone do siebie<\/p>\n<p>Modlitwa i ofiara<\/p>\n<p>Arka przymierza z Bogiem<br \/>\nTo trwanie w Nim<\/p>\n<p>I bycie z bratem<\/p>\n<ol start=\"2\">\n<li>\/ <em>wskazania poszczeg\u00f3lne<\/em> \/<\/li>\n<\/ol>\n<p>Do Arki<br \/>\nW\u0142\u00f3\u017ccie te\u017c Mann\u0119<\/p>\n<p>Kt\u00f3r\u0105 B\u00f3g wam da\u0142<br \/>\nNa w Nim trwanie<\/p>\n<p>Eucharysti\u0119<br \/>\nKt\u00f3ra mi\u0142o\u015bci uczy<br \/>\nI odnawia \u017cycie<\/p>\n<p>I lask\u0119<br \/>\nSymbol w\u0142adzy pasterskiej<\/p>\n<p>Znak Ko\u015bcio\u0142a<br \/>\nTrwanie w nauce zdrowej<\/p>\n<p>Zgodnej z Bogiem<br \/>\n<img decoding=\"async\" class=\"css-9pa8cd\" draggable=\"true\" src=\"https:\/\/pbs.twimg.com\/media\/EXPavOHWkAAPRLk?format=jpg&amp;name=small\" alt=\"Image\" \/><br \/>\n<em>Na zdj. Kaplica Eucharystyczna<\/em><br \/>\n<em>W krakowskim Sanktuarium Bo\u017cego Mi\u0142osierdzia<\/em><br \/>\n<em>Adorowa\u0107 Boga w sercu swoim trzeba<\/em><br \/>\n<em>\u00a0<\/em><br \/>\n<em>Ale i cze\u015b\u0107 oddawa\u0107 Mu<\/em><br \/>\n<em>W Jego postaci widzialnej<\/em><br \/>\n<em>W Znaku Jego obecno\u015bci dla nas<\/em><br \/>\n<em>\u00a0<\/em><br \/>\n<em>Niech nas Mi\u0142osierdzie Bo\u017ce<\/em><br \/>\n<em>Os\u0142ania ogarnia prowadzi zawsze<\/em><\/p>\n<p style=\"text-align: center;\"><a href=\"https:\/\/www.youtube.com\/watch?v=LX8W2OoF7_E\"><em><strong>Jezu ufam Tobie &#8211; M\u0142odzie\u017c Ruchu Gloriosa Trinita Polska<\/strong><\/em><\/a><\/p>\n","protected":false},"excerpt":{"rendered":"<p>Przymierze z Bogiem \/ Ark\u0105\u00a0 serce ludzkie by\u0107 mo\u017ce Do Izraelit\u00f3w rzek\u0142 Moj\u017cesz Uczy\u0144cie Ark\u0119 w duszach waszych \/ wskazania og\u00f3lne \/ Ark\u0105 jest czyste&hellip; <\/p>\n","protected":false},"author":1,"featured_media":0,"parent":0,"menu_order":0,"comment_status":"closed","ping_status":"closed","template":"","meta":{"footnotes":""},"class_list":["post-3178","page","type-page","status-publish","hentry"],"_links":{"self":[{"href":"https:\/\/hubertpietka.bialystok.pl\/index.php?rest_route=\/wp\/v2\/pages\/3178","targetHints":{"allow":["GET"]}}],"collection":[{"href":"https:\/\/hubertpietka.bialystok.pl\/index.php?rest_route=\/wp\/v2\/pages"}],"about":[{"href":"https:\/\/hubertpietka.bialystok.pl\/index.php?rest_route=\/wp\/v2\/types\/page"}],"author":[{"embeddable":true,"href":"https:\/\/hubertpietka.bialystok.pl\/index.php?rest_route=\/wp\/v2\/users\/1"}],"replies":[{"embeddable":true,"href":"https:\/\/hubertpietka.bialystok.pl\/index.php?rest_route=%2Fwp%2Fv2%2Fcomments&post=3178"}],"version-history":[{"count":4,"href":"https:\/\/hubertpietka.bialystok.pl\/index.php?rest_route=\/wp\/v2\/pages\/3178\/revisions"}],"predecessor-version":[{"id":3182,"href":"https:\/\/hubertpietka.bialystok.pl\/index.php?rest_route=\/wp\/v2\/pages\/3178\/revisions\/3182"}],"wp:attachment":[{"href":"https:\/\/hubertpietka.bialystok.pl\/index.php?rest_route=%2Fwp%2Fv2%2Fmedia&parent=3178"}],"curies":[{"name":"wp","href":"https:\/\/api.w.org\/{rel}","templated":true}]}}