{"id":3184,"date":"2020-05-12T09:12:22","date_gmt":"2020-05-12T09:12:22","guid":{"rendered":"http:\/\/hubertpietka.bialystok.pl\/?page_id=3184"},"modified":"2020-05-12T09:23:45","modified_gmt":"2020-05-12T09:23:45","slug":"listy-do-zony","status":"publish","type":"page","link":"https:\/\/hubertpietka.bialystok.pl\/?page_id=3184","title":{"rendered":"Listy do \u017bony"},"content":{"rendered":"<p><strong><em>Listy do \u017bony<\/em><\/strong><\/p>\n<ol>\n<li>W utrapieniu<\/li>\n<\/ol>\n<p>Cz\u0142owiek przedziwn\u0105 istot\u0105 jest<br \/>\nDopiero jak mo\u017ce straci\u0107 co\u015b<br \/>\nAlbo bardziej nawet kogo\u015b<br \/>\nTo rewiduje<br \/>\nSwe pogl\u0105dy postawy \u017cyciowe<\/p>\n<p>Wtedy dopiero<br \/>\nStaje w pokorze<br \/>\nI si\u0119 najpe\u0142niej nawraca<br \/>\nMimo \u017ce stara si\u0119 czuwa\u0107 na co dzie\u0144<\/p>\n<p>Dopiero sytuacje graniczne<br \/>\nPrawdziwie weryfikuj\u0105 wszystko<\/p>\n<p>Moja kochana \u017bono<br \/>\nB\u00f3g czuwa nad Tob\u0105<br \/>\nDopiero po fakcie<br \/>\nNajcz\u0119\u015bciej si\u0119 okazuje<br \/>\n\u017be B\u00f3g by\u0142 blisko<br \/>\nMimo \u017ce wydawa\u0142o si\u0119 przeciwnie<br \/>\n\u017be odszed\u0142 opu\u015bci\u0142<br \/>\nA tymczasem<br \/>\nTo On trzyma\u0142 za r\u0119k\u0119<br \/>\nW tym najtrudniejszym momencie<br \/>\nI Ciebie i mnie<br \/>\n<img decoding=\"async\" class=\"css-9pa8cd\" draggable=\"true\" src=\"https:\/\/pbs.twimg.com\/media\/EXznPjTXkAE3tqq?format=jpg&amp;name=small\" alt=\"Image\" \/><br \/>\n<em>\u015aw. Anno stopnicka<\/em><br \/>\n<em>Wszelkie \u0142aski wypraszaj<\/em><br \/>\n<em>Dla mojej \u017bony<\/em><br \/>\n<em>Tutaj i wsz\u0119dzie<\/em><br \/>\n<em>Gdziekolwiek b\u0119dzie<\/em><\/p>\n<p style=\"text-align: right;\"><a href=\"https:\/\/www.youtube.com\/watch?v=cBh6MzTmo50\"><em><strong>Kamil Bednarek &#8211; List<\/strong><\/em><\/a><\/p>\n<ol start=\"2\">\n<li>W ufno\u015bci i nadziei<\/li>\n<\/ol>\n<p>Pan umocni\u0142 mnie<br \/>\nDa\u0142 mi obraz<br \/>\nCzy na jawie<br \/>\nCzy we \u015bnie<br \/>\nNie wa\u017cne<\/p>\n<p>Ty<br \/>\nWybiegasz lekko<br \/>\nZ naszego domu na wsi rano<br \/>\nOdm\u0142odzona w sukience<\/p>\n<p>A ja patrz\u0119 na Ciebie<br \/>\nJak bym tam papierosa pali\u0142<br \/>\nI si\u0119 ciesz\u0119 Tob\u0105<br \/>\nTym wszystkim<br \/>\nA Ty radosna lekka pi\u0119kna<\/p>\n<p>Nape\u0142ni\u0142 mnie ufno\u015bci\u0105<br \/>\nTam jest chyba jednak nasze miejsce<\/p>\n<p>Nie wiem jak to b\u0119dzie<br \/>\nAle ufam \u017ce B\u00f3g poprowadzi<br \/>\nPrzebaczam Twojej mamie<\/p>\n<p>Tu co\u015b do dope\u0142nienia mamy<br \/>\nB\u00f3g poprowadzi<br \/>\nPouk\u0142adamy<\/p>\n<p>Dzi\u0119kuj\u0119 Ci \u017ce jeste\u015b<br \/>\nRazem przetrwamy wszystko<br \/>\nSpokojnie<br \/>\nWszystko b\u0119dzie dobrze<\/p>\n<p>Dobre owoce obrazu tego<br \/>\nNiech rozkwitaj\u0105 \u017cyciem naszym<br \/>\n<img decoding=\"async\" class=\"css-9pa8cd\" draggable=\"true\" src=\"https:\/\/pbs.twimg.com\/media\/EXznbOkXQAEIjM8?format=jpg&amp;name=small\" alt=\"Image\" \/><br \/>\n<em>Na zdj. Na Bia\u0142oborzu<\/em><br \/>\n<em>Zachodz\u0105ce s\u0142o\u0144ce<\/em><br \/>\n<em>I&#8230; popl\u0105tane druty elektryczne<\/em><br \/>\n<em>\u00a0<\/em><br \/>\n<em>Czasem \u017cycie takie popl\u0105tane<\/em><br \/>\n<em>Skomplikowane<\/em><br \/>\n<em>A jednak B\u00f3g wszystko roz\u015bwietla<\/em><\/p>\n<p style=\"text-align: right;\"><a href=\"https:\/\/www.youtube.com\/watch?v=wfJXxOakzGc\"><em><strong>Kamil Bednarek &#8211; B\u0105d\u017a przy mnie<\/strong><\/em><\/a><\/p>\n","protected":false},"excerpt":{"rendered":"<p>Listy do \u017bony W utrapieniu Cz\u0142owiek przedziwn\u0105 istot\u0105 jest Dopiero jak mo\u017ce straci\u0107 co\u015b Albo bardziej nawet kogo\u015b To rewiduje Swe pogl\u0105dy postawy \u017cyciowe Wtedy&hellip; <\/p>\n","protected":false},"author":1,"featured_media":0,"parent":0,"menu_order":0,"comment_status":"closed","ping_status":"closed","template":"","meta":{"footnotes":""},"class_list":["post-3184","page","type-page","status-publish","hentry"],"_links":{"self":[{"href":"https:\/\/hubertpietka.bialystok.pl\/index.php?rest_route=\/wp\/v2\/pages\/3184","targetHints":{"allow":["GET"]}}],"collection":[{"href":"https:\/\/hubertpietka.bialystok.pl\/index.php?rest_route=\/wp\/v2\/pages"}],"about":[{"href":"https:\/\/hubertpietka.bialystok.pl\/index.php?rest_route=\/wp\/v2\/types\/page"}],"author":[{"embeddable":true,"href":"https:\/\/hubertpietka.bialystok.pl\/index.php?rest_route=\/wp\/v2\/users\/1"}],"replies":[{"embeddable":true,"href":"https:\/\/hubertpietka.bialystok.pl\/index.php?rest_route=%2Fwp%2Fv2%2Fcomments&post=3184"}],"version-history":[{"count":5,"href":"https:\/\/hubertpietka.bialystok.pl\/index.php?rest_route=\/wp\/v2\/pages\/3184\/revisions"}],"predecessor-version":[{"id":3189,"href":"https:\/\/hubertpietka.bialystok.pl\/index.php?rest_route=\/wp\/v2\/pages\/3184\/revisions\/3189"}],"wp:attachment":[{"href":"https:\/\/hubertpietka.bialystok.pl\/index.php?rest_route=%2Fwp%2Fv2%2Fmedia&parent=3184"}],"curies":[{"name":"wp","href":"https:\/\/api.w.org\/{rel}","templated":true}]}}