{"id":319,"date":"2017-01-18T22:13:06","date_gmt":"2017-01-18T22:13:06","guid":{"rendered":"http:\/\/hubertpietka.bialystok.pl\/?page_id=319"},"modified":"2017-01-18T23:01:34","modified_gmt":"2017-01-18T23:01:34","slug":"studnia-studium-duszy","status":"publish","type":"page","link":"https:\/\/hubertpietka.bialystok.pl\/?page_id=319","title":{"rendered":"Studnia \u2013 studium (duszy)"},"content":{"rendered":"<p><strong>Studnia \u2013 studium (duszy)<\/strong><\/p>\n<p>&nbsp;<\/p>\n<p>zajrzyj mi Panie w oczy<\/p>\n<p>&#8211; jak w studni\u0119<\/p>\n<p>i odczytaj w lustrze my\u015bli<\/p>\n<p>czysto\u015b\u0107\u2026<\/p>\n<p>&nbsp;<\/p>\n<p>wzbud\u017a wir<\/p>\n<p>na tafli mych emocji<\/p>\n<p>pobe\u0142taj uczucia, pobe\u0142taj!<\/p>\n<p>by powsta\u0142o jasne odbicie<\/p>\n<p>mej duszy\u2026<\/p>\n<p>&nbsp;<\/p>\n<p>zajrzy na dno zajrzyj!<\/p>\n<p>pozbieraj kamyczki<\/p>\n<p>uszlachetnione<\/p>\n<p>w nurcie<\/p>\n<p>moich wspomnie\u0144<\/p>\n<p>&nbsp;<\/p>\n<p>wzbud\u017a mgie\u0142k\u0119<\/p>\n<p>nadziei<\/p>\n<p>na lepsze jutro\u2026<\/p>\n<p>&nbsp;<\/p>\n<p>narysuj na wodzie<\/p>\n<p><em>\u201eMI\u0141O\u015a\u0106\u201d<\/em><\/p>\n<p>do mojego trwania<\/p>\n<p>przemijania<\/p>\n<p>oczekiwania na\u2026<\/p>\n<p>&nbsp;<\/p>\n<p>zajrzyj we mnie<\/p>\n<p><em>(zajrzyj)<\/em><\/p>\n<p>oczy\u015b\u0107 mnie<\/p>\n<p><em>(oczy\u015b\u0107)<\/em><\/p>\n<p>&nbsp;<\/p>\n<p>ta woda czeka<\/p>\n<p>twego o\u017cywczego<\/p>\n<p>tchnienia <em>(spojrzenia)<\/em><\/p>\n<p>by mog\u0142a napoi\u0107<\/p>\n<p>siebie i innych<\/p>\n<p>&nbsp;<\/p>\n<p>przyjd\u017a do studni<\/p>\n<p>pij<\/p>\n<p>zaczerpnij powietrza<\/p>\n<p>\u0142yczek<\/p>\n<p>niech po\u017cytecznym b\u0119dzie<\/p>\n<p>ten strumyczek<\/p>\n","protected":false},"excerpt":{"rendered":"<p>Studnia \u2013 studium (duszy) &nbsp; zajrzyj mi Panie w oczy &#8211; jak w studni\u0119 i odczytaj w lustrze my\u015bli czysto\u015b\u0107\u2026 &nbsp; wzbud\u017a wir na tafli&hellip; <\/p>\n","protected":false},"author":1,"featured_media":0,"parent":0,"menu_order":0,"comment_status":"closed","ping_status":"closed","template":"","meta":{"footnotes":""},"class_list":["post-319","page","type-page","status-publish","hentry"],"_links":{"self":[{"href":"https:\/\/hubertpietka.bialystok.pl\/index.php?rest_route=\/wp\/v2\/pages\/319","targetHints":{"allow":["GET"]}}],"collection":[{"href":"https:\/\/hubertpietka.bialystok.pl\/index.php?rest_route=\/wp\/v2\/pages"}],"about":[{"href":"https:\/\/hubertpietka.bialystok.pl\/index.php?rest_route=\/wp\/v2\/types\/page"}],"author":[{"embeddable":true,"href":"https:\/\/hubertpietka.bialystok.pl\/index.php?rest_route=\/wp\/v2\/users\/1"}],"replies":[{"embeddable":true,"href":"https:\/\/hubertpietka.bialystok.pl\/index.php?rest_route=%2Fwp%2Fv2%2Fcomments&post=319"}],"version-history":[{"count":3,"href":"https:\/\/hubertpietka.bialystok.pl\/index.php?rest_route=\/wp\/v2\/pages\/319\/revisions"}],"predecessor-version":[{"id":351,"href":"https:\/\/hubertpietka.bialystok.pl\/index.php?rest_route=\/wp\/v2\/pages\/319\/revisions\/351"}],"wp:attachment":[{"href":"https:\/\/hubertpietka.bialystok.pl\/index.php?rest_route=%2Fwp%2Fv2%2Fmedia&parent=319"}],"curies":[{"name":"wp","href":"https:\/\/api.w.org\/{rel}","templated":true}]}}