{"id":3192,"date":"2020-05-19T15:54:55","date_gmt":"2020-05-19T15:54:55","guid":{"rendered":"http:\/\/hubertpietka.bialystok.pl\/?page_id=3192"},"modified":"2020-05-19T15:59:12","modified_gmt":"2020-05-19T15:59:12","slug":"jan-pawel-ii-swiety-zawsze-wierny","status":"publish","type":"page","link":"https:\/\/hubertpietka.bialystok.pl\/?page_id=3192","title":{"rendered":"Jan Pawe\u0142 II \u015bwi\u0119ty \/ zawsze wierny"},"content":{"rendered":"<p><strong><em>Jan Pawe\u0142 II \u015bwi\u0119ty \/ zawsze wierny<\/em><\/strong><\/p>\n<p>1.<br \/>\nKiedy powiedz\u0105<br \/>\n\u017be nie kocha\u0142<br \/>\nNie wierzcie<\/p>\n<p>Kiedy powiedz\u0105<br \/>\n\u017be lekcewa\u017cy\u0142<br \/>\nMu nie zale\u017ca\u0142o<\/p>\n<p>\u017be sk\u0142ama\u0142<br \/>\nOpu\u015bci\u0142<br \/>\nZdradzi\u0142<\/p>\n<p>Nie wierzcie<\/p>\n<p>2.<br \/>\nOn prosi\u0142<\/p>\n<p>Nie oceniajcie<br \/>\nNie pot\u0119piajcie<br \/>\nNie s\u0105d\u017acie<\/p>\n<p>Zaufajcie<br \/>\nBogu<br \/>\nW Mi\u0142osierdziu Jego<\/p>\n<p>Jego Matce<br \/>\nWszystko zawierzajcie<\/p>\n<p><img decoding=\"async\" class=\"css-9pa8cd\" draggable=\"true\" src=\"https:\/\/pbs.twimg.com\/media\/EYZDztZXQAAwrzz?format=jpg&amp;name=small\" alt=\"Image\" \/><\/p>\n<p><em>Na zdj. Jan Pawe\u0142 II \u015bwi\u0119ty<\/em><br \/>\n<em>Przed bia\u0142ostock\u0105 katedr\u0105<\/em><br \/>\n<em>Nigdy nie wierzcie<\/em><br \/>\n<em>\u017be zawi\u00f3d\u0142 w wierno\u015bci<\/em><\/p>\n<p><strong>W setn\u0105 rocznic\u0119 jego urodzin pisano<\/strong><br \/>\n<strong>Nie wierzcie<\/strong><br \/>\n<strong>Cokolwiek by o nim takiego m\u00f3wiono<\/strong><\/p>\n<p><img decoding=\"async\" class=\"css-9pa8cd\" draggable=\"true\" src=\"https:\/\/pbs.twimg.com\/media\/EYZEIP1XYAA_hgc?format=jpg&amp;name=small\" alt=\"Image\" \/><img decoding=\"async\" class=\"css-9pa8cd\" draggable=\"true\" src=\"https:\/\/pbs.twimg.com\/media\/EYZD92YWkAACCnS?format=jpg&amp;name=small\" alt=\"Image\" \/><\/p>\n","protected":false},"excerpt":{"rendered":"<p>Jan Pawe\u0142 II \u015bwi\u0119ty \/ zawsze wierny 1. Kiedy powiedz\u0105 \u017be nie kocha\u0142 Nie wierzcie Kiedy powiedz\u0105 \u017be lekcewa\u017cy\u0142 Mu nie zale\u017ca\u0142o \u017be sk\u0142ama\u0142 Opu\u015bci\u0142&hellip; <\/p>\n","protected":false},"author":1,"featured_media":0,"parent":0,"menu_order":0,"comment_status":"closed","ping_status":"closed","template":"","meta":{"footnotes":""},"class_list":["post-3192","page","type-page","status-publish","hentry"],"_links":{"self":[{"href":"https:\/\/hubertpietka.bialystok.pl\/index.php?rest_route=\/wp\/v2\/pages\/3192","targetHints":{"allow":["GET"]}}],"collection":[{"href":"https:\/\/hubertpietka.bialystok.pl\/index.php?rest_route=\/wp\/v2\/pages"}],"about":[{"href":"https:\/\/hubertpietka.bialystok.pl\/index.php?rest_route=\/wp\/v2\/types\/page"}],"author":[{"embeddable":true,"href":"https:\/\/hubertpietka.bialystok.pl\/index.php?rest_route=\/wp\/v2\/users\/1"}],"replies":[{"embeddable":true,"href":"https:\/\/hubertpietka.bialystok.pl\/index.php?rest_route=%2Fwp%2Fv2%2Fcomments&post=3192"}],"version-history":[{"count":4,"href":"https:\/\/hubertpietka.bialystok.pl\/index.php?rest_route=\/wp\/v2\/pages\/3192\/revisions"}],"predecessor-version":[{"id":3196,"href":"https:\/\/hubertpietka.bialystok.pl\/index.php?rest_route=\/wp\/v2\/pages\/3192\/revisions\/3196"}],"wp:attachment":[{"href":"https:\/\/hubertpietka.bialystok.pl\/index.php?rest_route=%2Fwp%2Fv2%2Fmedia&parent=3192"}],"curies":[{"name":"wp","href":"https:\/\/api.w.org\/{rel}","templated":true}]}}