{"id":3198,"date":"2020-05-19T16:03:12","date_gmt":"2020-05-19T16:03:12","guid":{"rendered":"http:\/\/hubertpietka.bialystok.pl\/?page_id=3198"},"modified":"2020-05-19T16:05:08","modified_gmt":"2020-05-19T16:05:08","slug":"bang-bang-pif-paf","status":"publish","type":"page","link":"https:\/\/hubertpietka.bialystok.pl\/?page_id=3198","title":{"rendered":"Bang bang \/ pif paf"},"content":{"rendered":"<p><strong><em>Bang bang \/ pif paf<\/em><\/strong><\/p>\n<p>Nie wa\u017cne gdzie<br \/>\nNie wa\u017cne jak<br \/>\nBang bang<br \/>\nPif paf<\/p>\n<p>Pretekst byle<br \/>\nNajmniejszy upadek<br \/>\nPotkni\u0119cie najprostsze<br \/>\nNiewa\u017cne<\/p>\n<p>Bang bang<br \/>\nPif paf<br \/>\nSzatan tylko czeka<br \/>\nBy zrealizowa\u0107 sw\u00f3j plan<\/p>\n<p>Zniszczy\u0107 zabi\u0107<br \/>\nOczywi\u015bcie to tylko przypadek<br \/>\nBang bang pif paf<br \/>\nPotrzebna tylko jaka\u015b okazja<\/p>\n<p>Je\u015bli to konfabulacja jest<br \/>\nPrzewra\u017cliwienie jakie\u015b<br \/>\nTo dlaczego<br \/>\nJest ci to na r\u0119k\u0119<\/p>\n<p><strong>Pisano w \u015bw. Andrzeja Boboli<\/strong><br \/>\n<strong>Ja nic nie zawini\u0142em szatanowi<\/strong><br \/>\n<strong>Chyba tylko tym<\/strong><br \/>\n<strong>\u017be w Bogu i z Bogiem staram si\u0119 \u017cy\u0107<\/strong><\/p>\n<p><img decoding=\"async\" class=\"css-9pa8cd\" draggable=\"true\" src=\"https:\/\/pbs.twimg.com\/media\/EYZDc0RWoAEwX1C?format=jpg&amp;name=small\" alt=\"Image\" \/><\/p>\n<p><em>Na zdj. Wieczorne niebo na \u017bytniej<\/em><br \/>\n<em>Niby nic niby jest jak zwykle<\/em><br \/>\n<em>Lecz w prawdzie trzeba stawa\u0107<\/em><br \/>\n<em>Demaskowa\u0107 dzia\u0142ania szatana<\/em><\/p>\n","protected":false},"excerpt":{"rendered":"<p>Bang bang \/ pif paf Nie wa\u017cne gdzie Nie wa\u017cne jak Bang bang Pif paf Pretekst byle Najmniejszy upadek Potkni\u0119cie najprostsze Niewa\u017cne Bang bang Pif&hellip; <\/p>\n","protected":false},"author":1,"featured_media":0,"parent":0,"menu_order":0,"comment_status":"closed","ping_status":"closed","template":"","meta":{"footnotes":""},"class_list":["post-3198","page","type-page","status-publish","hentry"],"_links":{"self":[{"href":"https:\/\/hubertpietka.bialystok.pl\/index.php?rest_route=\/wp\/v2\/pages\/3198","targetHints":{"allow":["GET"]}}],"collection":[{"href":"https:\/\/hubertpietka.bialystok.pl\/index.php?rest_route=\/wp\/v2\/pages"}],"about":[{"href":"https:\/\/hubertpietka.bialystok.pl\/index.php?rest_route=\/wp\/v2\/types\/page"}],"author":[{"embeddable":true,"href":"https:\/\/hubertpietka.bialystok.pl\/index.php?rest_route=\/wp\/v2\/users\/1"}],"replies":[{"embeddable":true,"href":"https:\/\/hubertpietka.bialystok.pl\/index.php?rest_route=%2Fwp%2Fv2%2Fcomments&post=3198"}],"version-history":[{"count":4,"href":"https:\/\/hubertpietka.bialystok.pl\/index.php?rest_route=\/wp\/v2\/pages\/3198\/revisions"}],"predecessor-version":[{"id":3202,"href":"https:\/\/hubertpietka.bialystok.pl\/index.php?rest_route=\/wp\/v2\/pages\/3198\/revisions\/3202"}],"wp:attachment":[{"href":"https:\/\/hubertpietka.bialystok.pl\/index.php?rest_route=%2Fwp%2Fv2%2Fmedia&parent=3198"}],"curies":[{"name":"wp","href":"https:\/\/api.w.org\/{rel}","templated":true}]}}