{"id":3205,"date":"2020-06-01T11:48:32","date_gmt":"2020-06-01T11:48:32","guid":{"rendered":"http:\/\/hubertpietka.bialystok.pl\/?page_id=3205"},"modified":"2020-06-01T12:19:33","modified_gmt":"2020-06-01T12:19:33","slug":"3205-2","status":"publish","type":"page","link":"https:\/\/hubertpietka.bialystok.pl\/?page_id=3205","title":{"rendered":"Przymioty i przywary \/ trzy po trzy pary"},"content":{"rendered":"<p><strong><em>Przymioty i przywary \/ trzy po trzy pary<\/em><\/strong><\/p>\n<p>3&#215;2=6<br \/>\n3&#215;2=6<br \/>\n3&#215;2=6<\/p>\n<p>666!<\/p>\n<p>Cnoty i wady<\/p>\n<p>Wiara nadzieja mi\u0142o\u015b\u0107<br \/>\nAteizm rozpacz nienawi\u015b\u0107<\/p>\n<p>Triada staro\u017cytna i przeciwie\u0144stwa<\/p>\n<p>Pi\u0119kno dobro prawda<br \/>\nBrzydota z\u0142o k\u0142amstwo<\/p>\n<p>Sprawy wy\u017csze i antonimy ich<\/p>\n<p>Mi\u0142osierdzie sprawiedliwo\u015b\u0107 wybaczanie<br \/>\nBy\u0107 bezlitosnym niesprawiedliwo\u015b\u0107 nie wybaczy\u0107<\/p>\n<p>666<br \/>\nW tych wszystkich sprawach<br \/>\nPrzymiotach i przywarach<br \/>\nWszystko si\u0119 mo\u017ce zmie\u015bci\u0107<br \/>\nNa tym ten \u015bwiat jest oparty<\/p>\n<p>Ju\u017c czas sko\u0144czy\u0107<br \/>\nZ szata\u0144skim przekle\u0144stwem<br \/>\nDa\u0107 w\u0142a\u015bciw\u0105 miar\u0119 rzeczom<\/p>\n<p>I tak b\u0119dzie zapewne<br \/>\nA\u017c ten \u015bwiat przeminie<br \/>\n<img decoding=\"async\" class=\"css-9pa8cd\" draggable=\"true\" src=\"https:\/\/pbs.twimg.com\/media\/EZbCrzhXkAE7XBS?format=jpg&amp;name=small\" alt=\"Image\" \/><br \/>\n<em>Na zdj. Cok\u00f3\u0142 wzniesiony na kolumnach sze\u015bciu<\/em><br \/>\n<em>Cho\u0107 nie wida\u0107 tego mo\u017ce dobrze<\/em><br \/>\n<em>W Bia\u0142ymstoku na Aleji Pi\u0142sudskiego<\/em><\/p>\n<p>Ps. Absurdem jest<br \/>\n\u017be jak kto\u015b ma na przyk\u0142ad<br \/>\nNa rejestracji cyfry 666<br \/>\nLub w innym przypadku<br \/>\nTo przynale\u017cy to jako\u015b ojcowi k\u0142amstwa<\/p>\n<p><strong>2.<\/strong><br \/>\nRzek\u0142 B\u00f3g do Moj\u017cesza<br \/>\nChleby pok\u0142adne maj\u0105 by\u0107<br \/>\nW dw\u00f3ch rz\u0119dach po 6<br \/>\n66<br \/>\nChleby pok\u0142adne<\/p>\n<p>Czy\u017cby B\u00f3g nie wiedzia\u0142<br \/>\nCo m\u00f3wi<\/p>\n<p>Dosy\u0107 ju\u017c<br \/>\nSzatanie id\u017a precz<br \/>\n<img decoding=\"async\" class=\"css-9pa8cd\" draggable=\"true\" src=\"https:\/\/pbs.twimg.com\/media\/EZQMVkAWkAALKV_?format=jpg&amp;name=small\" alt=\"Image\" \/><br \/>\n<em>Na zdj. \u015aw. Jan Pawe\u0142 II<\/em><br \/>\n<em>W krakowskim Sanktuarium Bo\u017cego Mi\u0142osierdzia<\/em><br \/>\n<em>Ja syn polskiej ziemi<\/em><br \/>\n<em>Wo\u0142am dzi\u015b za nim<\/em><br \/>\n<em>W przeddzie\u0144 Ducha \u015awi\u0119tego Zes\u0142ania<\/em><br \/>\n<em>\u00a0<\/em><br \/>\n<em>Niech zst\u0105pi Duch Tw\u00f3j<\/em><br \/>\n<em>Niech zst\u0105pi<\/em><br \/>\n<em>I co ma odnowi\u0107 odnowi<\/em><\/p>\n<p>Ps. Nic si\u0119 nie nale\u017cy szatanowi<\/p>\n<p style=\"text-align: right;\"><a href=\"https:\/\/www.youtube.com\/watch?v=xS1ETDU46c4\"><em><strong>Duchu mi\u0142o\u015bci &#8211; WzJ<\/strong><\/em><\/a><\/p>\n","protected":false},"excerpt":{"rendered":"<p>Przymioty i przywary \/ trzy po trzy pary 3&#215;2=6 3&#215;2=6 3&#215;2=6 666! Cnoty i wady Wiara nadzieja mi\u0142o\u015b\u0107 Ateizm rozpacz nienawi\u015b\u0107 Triada staro\u017cytna i przeciwie\u0144stwa&hellip; <\/p>\n","protected":false},"author":1,"featured_media":0,"parent":0,"menu_order":0,"comment_status":"closed","ping_status":"closed","template":"","meta":{"footnotes":""},"class_list":["post-3205","page","type-page","status-publish","hentry"],"_links":{"self":[{"href":"https:\/\/hubertpietka.bialystok.pl\/index.php?rest_route=\/wp\/v2\/pages\/3205","targetHints":{"allow":["GET"]}}],"collection":[{"href":"https:\/\/hubertpietka.bialystok.pl\/index.php?rest_route=\/wp\/v2\/pages"}],"about":[{"href":"https:\/\/hubertpietka.bialystok.pl\/index.php?rest_route=\/wp\/v2\/types\/page"}],"author":[{"embeddable":true,"href":"https:\/\/hubertpietka.bialystok.pl\/index.php?rest_route=\/wp\/v2\/users\/1"}],"replies":[{"embeddable":true,"href":"https:\/\/hubertpietka.bialystok.pl\/index.php?rest_route=%2Fwp%2Fv2%2Fcomments&post=3205"}],"version-history":[{"count":8,"href":"https:\/\/hubertpietka.bialystok.pl\/index.php?rest_route=\/wp\/v2\/pages\/3205\/revisions"}],"predecessor-version":[{"id":3221,"href":"https:\/\/hubertpietka.bialystok.pl\/index.php?rest_route=\/wp\/v2\/pages\/3205\/revisions\/3221"}],"wp:attachment":[{"href":"https:\/\/hubertpietka.bialystok.pl\/index.php?rest_route=%2Fwp%2Fv2%2Fmedia&parent=3205"}],"curies":[{"name":"wp","href":"https:\/\/api.w.org\/{rel}","templated":true}]}}