{"id":3222,"date":"2020-06-01T12:25:44","date_gmt":"2020-06-01T12:25:44","guid":{"rendered":"http:\/\/hubertpietka.bialystok.pl\/?page_id=3222"},"modified":"2020-06-01T12:27:42","modified_gmt":"2020-06-01T12:27:42","slug":"maryjne-wezwania-na-kanwie-litanii","status":"publish","type":"page","link":"https:\/\/hubertpietka.bialystok.pl\/?page_id=3222","title":{"rendered":"Maryjne wezwania \/ na kanwie litanii"},"content":{"rendered":"<p><strong><em>Maryjne wezwania \/ na kanwie litanii<\/em><\/strong><\/p>\n<p>Maryjo Ty jeste\u015b drog\u0105<br \/>\nProwadz\u0105c\u0105 do Boga<br \/>\nPrawd\u0119 przedstawiaj\u0105ca<br \/>\nNa Chrystusa zawsze wskazuj\u0105ca<br \/>\nTy jeste\u015b naszym \u017cyciem w Bogu<\/p>\n<p>Ty jeste\u015b Maryjo<br \/>\nJak droga polna w\u015br\u00f3d zb\u00f3\u017c<br \/>\nW letni s\u0142oneczny dzie\u0144<br \/>\nJak spacer dworsk\u0105 alej\u0105 parkow\u0105<br \/>\nW\u015br\u00f3d pi\u0119knego starodrzewia<\/p>\n<p>Ty jeste\u015b jak<br \/>\nJasne spojrzenie<br \/>\nW niebo rozgwie\u017cd\u017cone<br \/>\nT\u0105 nadziej\u0105<br \/>\nKt\u00f3ra przepe\u0142nia serce cz\u0142owieka<\/p>\n<p>Matko wszystkich matek<br \/>\nSiostro w wierze<br \/>\nB\u0105d\u017a z nami zawsze<\/p>\n<p><em>Pisano w rocznic\u0119 narodzin dla nieba<\/em><br \/>\n<em>S\u0142ugi Bo\u017cego kardyna\u0142a Stefana Wyszy\u0144skiego<\/em><br \/>\n<em>Soli Deo per Mariam<\/em><br \/>\n<em>Przez Mari\u0119 do Boga<\/em><br \/>\n<em>Najlepsza i najpi\u0119kniejsza droga<\/em><\/p>\n<p><img decoding=\"async\" class=\"css-9pa8cd\" draggable=\"true\" src=\"https:\/\/pbs.twimg.com\/media\/EZQRIzFXgAA750z?format=jpg&amp;name=small\" alt=\"Image\" \/><\/p>\n<p><strong>Na zdj. Maryja<\/strong><br \/>\n<strong>W krakowskim Sanktuarium Bo\u017cego Mi\u0142osierdzia<\/strong><br \/>\n<strong>Niepokalana<\/strong><br \/>\n<strong>Wstawiaj si\u0119 za nami u Pana<\/strong><\/p>\n","protected":false},"excerpt":{"rendered":"<p>Maryjne wezwania \/ na kanwie litanii Maryjo Ty jeste\u015b drog\u0105 Prowadz\u0105c\u0105 do Boga Prawd\u0119 przedstawiaj\u0105ca Na Chrystusa zawsze wskazuj\u0105ca Ty jeste\u015b naszym \u017cyciem w Bogu&hellip; <\/p>\n","protected":false},"author":1,"featured_media":0,"parent":0,"menu_order":0,"comment_status":"closed","ping_status":"closed","template":"","meta":{"footnotes":""},"class_list":["post-3222","page","type-page","status-publish","hentry"],"_links":{"self":[{"href":"https:\/\/hubertpietka.bialystok.pl\/index.php?rest_route=\/wp\/v2\/pages\/3222","targetHints":{"allow":["GET"]}}],"collection":[{"href":"https:\/\/hubertpietka.bialystok.pl\/index.php?rest_route=\/wp\/v2\/pages"}],"about":[{"href":"https:\/\/hubertpietka.bialystok.pl\/index.php?rest_route=\/wp\/v2\/types\/page"}],"author":[{"embeddable":true,"href":"https:\/\/hubertpietka.bialystok.pl\/index.php?rest_route=\/wp\/v2\/users\/1"}],"replies":[{"embeddable":true,"href":"https:\/\/hubertpietka.bialystok.pl\/index.php?rest_route=%2Fwp%2Fv2%2Fcomments&post=3222"}],"version-history":[{"count":2,"href":"https:\/\/hubertpietka.bialystok.pl\/index.php?rest_route=\/wp\/v2\/pages\/3222\/revisions"}],"predecessor-version":[{"id":3224,"href":"https:\/\/hubertpietka.bialystok.pl\/index.php?rest_route=\/wp\/v2\/pages\/3222\/revisions\/3224"}],"wp:attachment":[{"href":"https:\/\/hubertpietka.bialystok.pl\/index.php?rest_route=%2Fwp%2Fv2%2Fmedia&parent=3222"}],"curies":[{"name":"wp","href":"https:\/\/api.w.org\/{rel}","templated":true}]}}