{"id":3227,"date":"2020-06-08T18:31:18","date_gmt":"2020-06-08T18:31:18","guid":{"rendered":"http:\/\/hubertpietka.bialystok.pl\/?page_id=3227"},"modified":"2020-06-08T18:33:14","modified_gmt":"2020-06-08T18:33:14","slug":"samuel-sam-u-el","status":"publish","type":"page","link":"https:\/\/hubertpietka.bialystok.pl\/?page_id=3227","title":{"rendered":"Samuel \/ sam u El"},"content":{"rendered":"<p><strong><em>Samuel \/ sam u El<\/em><\/strong><\/p>\n<p>Rzek\u0142 Pan do mnie<br \/>\nTrzykrotnie<br \/>\nSynu m\u00f3j<br \/>\nB\u0142ogos\u0142aw<\/p>\n<p>Boga s\u0142aw<\/p>\n<p>Oto jestem<\/p>\n<p>Trzykrotnie<br \/>\nPan przyszed\u0142 ostatnio<br \/>\nO r\u00f3\u017cnej porze dnia<br \/>\nW r\u00f3\u017cnych sytuacjach<br \/>\nB\u00f3g kiedy chce przychodzi<br \/>\nCo zechce to robi<\/p>\n<p>Ja troch\u0119 oporny jestem<br \/>\nB\u00f3g musia\u0142 przyj\u015b\u0107 trzykrotnie<br \/>\nI stopniowo mi objawia\u0107<br \/>\nCo mam robi\u0107<\/p>\n<p>Dzi\u0119kuj\u0119 Ci \u017ce jeste\u015b<br \/>\n\u017be przychodzisz<br \/>\nPrzychod\u017a zawsze<br \/>\nKiedykolwiek tylko zechcesz<br \/>\nTwoje drogi s\u0105 najlepsze<br \/>\n<img decoding=\"async\" class=\"css-9pa8cd\" draggable=\"true\" src=\"https:\/\/pbs.twimg.com\/media\/EZ7MbMtXYAInpgm?format=jpg&amp;name=small\" alt=\"Image\" \/><br \/>\nNa zdj. Nasze sanktuarium domowe<br \/>\nA namiot spotkania z Panem jest w sercu moim<br \/>\nB\u0142ogos\u0142awione ka\u017cde spotkanie z Bogiem<br \/>\nWydaje zawsze dobre owoce<\/p>\n","protected":false},"excerpt":{"rendered":"<p>Samuel \/ sam u El Rzek\u0142 Pan do mnie Trzykrotnie Synu m\u00f3j B\u0142ogos\u0142aw Boga s\u0142aw Oto jestem Trzykrotnie Pan przyszed\u0142 ostatnio O r\u00f3\u017cnej porze dnia&hellip; <\/p>\n","protected":false},"author":1,"featured_media":0,"parent":0,"menu_order":0,"comment_status":"closed","ping_status":"closed","template":"","meta":{"footnotes":""},"class_list":["post-3227","page","type-page","status-publish","hentry"],"_links":{"self":[{"href":"https:\/\/hubertpietka.bialystok.pl\/index.php?rest_route=\/wp\/v2\/pages\/3227","targetHints":{"allow":["GET"]}}],"collection":[{"href":"https:\/\/hubertpietka.bialystok.pl\/index.php?rest_route=\/wp\/v2\/pages"}],"about":[{"href":"https:\/\/hubertpietka.bialystok.pl\/index.php?rest_route=\/wp\/v2\/types\/page"}],"author":[{"embeddable":true,"href":"https:\/\/hubertpietka.bialystok.pl\/index.php?rest_route=\/wp\/v2\/users\/1"}],"replies":[{"embeddable":true,"href":"https:\/\/hubertpietka.bialystok.pl\/index.php?rest_route=%2Fwp%2Fv2%2Fcomments&post=3227"}],"version-history":[{"count":3,"href":"https:\/\/hubertpietka.bialystok.pl\/index.php?rest_route=\/wp\/v2\/pages\/3227\/revisions"}],"predecessor-version":[{"id":3230,"href":"https:\/\/hubertpietka.bialystok.pl\/index.php?rest_route=\/wp\/v2\/pages\/3227\/revisions\/3230"}],"wp:attachment":[{"href":"https:\/\/hubertpietka.bialystok.pl\/index.php?rest_route=%2Fwp%2Fv2%2Fmedia&parent=3227"}],"curies":[{"name":"wp","href":"https:\/\/api.w.org\/{rel}","templated":true}]}}