{"id":3232,"date":"2020-06-08T18:41:09","date_gmt":"2020-06-08T18:41:09","guid":{"rendered":"http:\/\/hubertpietka.bialystok.pl\/?page_id=3232"},"modified":"2020-06-08T18:43:43","modified_gmt":"2020-06-08T18:43:43","slug":"boga-serce-pulsuje-milosierdziem","status":"publish","type":"page","link":"https:\/\/hubertpietka.bialystok.pl\/?page_id=3232","title":{"rendered":"Boga Serce \/ pulsuje Mi\u0142osierdziem"},"content":{"rendered":"<p><strong><em>Boga Serce \/ pulsuje Mi\u0142osierdziem<\/em><\/strong><\/p>\n<p><strong>1.<\/strong><br \/>\nDzisiaj z rana<br \/>\nPodczas modlitwy<br \/>\nKoronk\u0105 do Mi\u0142osierdzia Bo\u017cego<br \/>\nUjrza\u0142em<\/p>\n<p>Wielkie Serce Boga Ojca<br \/>\nPulsuj\u0105ce Mi\u0142osierdziem<br \/>\nMi\u0142o\u015bci\u0105 tak czyst\u0105 i ciep\u0142\u0105<br \/>\nDo ludzi do \u015bwiata ca\u0142ego<\/p>\n<p>Podobne do\u015bwiadczenie<br \/>\nMia\u0142a niedawno bliska mi osoba<br \/>\nOna to Bo\u017ce Serce<br \/>\nOdczuwa\u0142a w g\u0142\u0119bi siebie<\/p>\n<p><strong>2.<\/strong><br \/>\nI dalej<br \/>\nB\u00f3g Ojciec patrzy na \u015bwiat<br \/>\nOczyma Syna<br \/>\nPrzez pryzmat Odkupienia kt\u00f3re On dokona\u0142<\/p>\n<p>Duch \u015awi\u0119ty natomiast<br \/>\nO\u015bwieca ludzki umys\u0142<br \/>\nBy m\u00f3g\u0142 pod\u0105\u017ca\u0107<br \/>\nZa t\u0105 mi\u0142o\u015bci\u0105<\/p>\n<p>Pochodzi On od Syna i Ojca<br \/>\nZ Nimi przenika si\u0119<br \/>\nI dzia\u0142a w duszy ludzkiej<br \/>\n<img decoding=\"async\" class=\"css-9pa8cd\" draggable=\"true\" src=\"https:\/\/pbs.twimg.com\/media\/EZ7MLBKWkAE5ytv?format=jpg&amp;name=small\" alt=\"Image\" \/><br \/>\nNa zdj. Jezus Mi\u0142osierny<br \/>\nI Jezusa Naj\u015bwi\u0119tsze Serce<br \/>\nCzerwcowy miesi\u0105c<\/p>\n<p>A dzi\u015b dodatkowo<br \/>\nUroczysto\u015b\u0107 Tr\u00f3jcy Przenaj\u015bwi\u0119tszej<br \/>\nNiech nas i \u015bwiat ca\u0142y otul\u0105<br \/>\nMi\u0142osierdzia Bo\u017cego fale<\/p>\n<p>Jezu ufamy Tobie<br \/>\nTwe Boskie Serce to\u017csame w Ojcu<br \/>\nA my dzieci Twoje<br \/>\nW Tobie pok\u0142adamy zawsze nadziej\u0119<\/p>\n","protected":false},"excerpt":{"rendered":"<p>Boga Serce \/ pulsuje Mi\u0142osierdziem 1. Dzisiaj z rana Podczas modlitwy Koronk\u0105 do Mi\u0142osierdzia Bo\u017cego Ujrza\u0142em Wielkie Serce Boga Ojca Pulsuj\u0105ce Mi\u0142osierdziem Mi\u0142o\u015bci\u0105 tak czyst\u0105&hellip; <\/p>\n","protected":false},"author":1,"featured_media":0,"parent":0,"menu_order":0,"comment_status":"closed","ping_status":"closed","template":"","meta":{"footnotes":""},"class_list":["post-3232","page","type-page","status-publish","hentry"],"_links":{"self":[{"href":"https:\/\/hubertpietka.bialystok.pl\/index.php?rest_route=\/wp\/v2\/pages\/3232","targetHints":{"allow":["GET"]}}],"collection":[{"href":"https:\/\/hubertpietka.bialystok.pl\/index.php?rest_route=\/wp\/v2\/pages"}],"about":[{"href":"https:\/\/hubertpietka.bialystok.pl\/index.php?rest_route=\/wp\/v2\/types\/page"}],"author":[{"embeddable":true,"href":"https:\/\/hubertpietka.bialystok.pl\/index.php?rest_route=\/wp\/v2\/users\/1"}],"replies":[{"embeddable":true,"href":"https:\/\/hubertpietka.bialystok.pl\/index.php?rest_route=%2Fwp%2Fv2%2Fcomments&post=3232"}],"version-history":[{"count":4,"href":"https:\/\/hubertpietka.bialystok.pl\/index.php?rest_route=\/wp\/v2\/pages\/3232\/revisions"}],"predecessor-version":[{"id":3236,"href":"https:\/\/hubertpietka.bialystok.pl\/index.php?rest_route=\/wp\/v2\/pages\/3232\/revisions\/3236"}],"wp:attachment":[{"href":"https:\/\/hubertpietka.bialystok.pl\/index.php?rest_route=%2Fwp%2Fv2%2Fmedia&parent=3232"}],"curies":[{"name":"wp","href":"https:\/\/api.w.org\/{rel}","templated":true}]}}