{"id":3238,"date":"2020-06-15T08:08:39","date_gmt":"2020-06-15T08:08:39","guid":{"rendered":"http:\/\/hubertpietka.bialystok.pl\/?page_id=3238"},"modified":"2020-06-15T08:11:40","modified_gmt":"2020-06-15T08:11:40","slug":"pogranicza-slow-na-granicy-snow","status":"publish","type":"page","link":"https:\/\/hubertpietka.bialystok.pl\/?page_id=3238","title":{"rendered":"Pogranicza s\u0142\u00f3w \/ na granicy sn\u00f3w"},"content":{"rendered":"<p><strong><em>Pogranicza s\u0142\u00f3w \/ na granicy sn\u00f3w<\/em><\/strong><\/p>\n<p>Z powodu niemo\u017cno\u015bci snu<br \/>\nZ zewn\u0119trznego powodu<br \/>\nNocne refleksje takowe<\/p>\n<ol>\n<li>Ju\u017c wczoraj<\/li>\n<\/ol>\n<p>A mo\u017ce jeszcze dzisiaj<br \/>\nPierwszego transportu do Auschwitz rocznica<br \/>\nEksterminacja nacji<br \/>\nOby ju\u017c nigdy nie by\u0142o takich sytuacji<br \/>\nNiech \u015bwiat patrzy<\/p>\n<ol start=\"2\">\n<li>Wczoraj a mo\u017ce dzisiaj<\/li>\n<\/ol>\n<p>Przypomniana te\u017c zosta\u0142a Libia<br \/>\nLat tyle niepok\u00f3j w Libanie<br \/>\nOby to pa\u0144stwo nie zosta\u0142o zapomniane<br \/>\nWtedy szczeg\u00f3lnie<br \/>\nGdy nasilaj\u0105 si\u0119 dzia\u0142ania wojenne<\/p>\n<ol start=\"3\">\n<li>Wreszcie dzisiaj a wczoraj mo\u017ce<\/li>\n<\/ol>\n<p>Wspominany by\u0142 b\u0142. biskup Micha\u0142 Kozal<br \/>\nKt\u00f3ry w Dachau swe \u017cycie odda\u0142<br \/>\nZ powodu nienawi\u015bci do Ko\u015bcio\u0142a<\/p>\n<p>I dzisiaj a mo\u017ce jutro<br \/>\nWspominana jest b\u0142. Jolanta<br \/>\nKt\u00f3rej imi\u0119 kwiatek fio\u0142ek oznacza<br \/>\nI skromno\u015b\u0107 delikatno\u015b\u0107 wyra\u017ca<br \/>\n<img decoding=\"async\" class=\"css-9pa8cd\" draggable=\"true\" src=\"https:\/\/pbs.twimg.com\/media\/EaiXeIUXQAATff5?format=jpg&amp;name=small\" alt=\"Image\" \/><br \/>\n<em>Na zdj. Fioletowe kwiatki z naszej dzia\u0142ki<\/em><br \/>\n<em>Przez te refleksje nocne<\/em><br \/>\n<em>Ho\u0142d tylko chcia\u0142em odda\u0107<\/em><br \/>\n<em>Tym kt\u00f3rzy zgin\u0119li<\/em><br \/>\n<em>I s\u0105 wspominani<\/em><br \/>\n<em>Dzisiaj a mo\u017ce wczoraj<\/em><br \/>\n<em>Z\u0142o\u017cyli niewinne ofiary<\/em><br \/>\n<em>Z \u017cycia swego<\/em><br \/>\n<em>W obliczu dominacji z\u0142a okresowego<\/em><\/p>\n","protected":false},"excerpt":{"rendered":"<p>Pogranicza s\u0142\u00f3w \/ na granicy sn\u00f3w Z powodu niemo\u017cno\u015bci snu Z zewn\u0119trznego powodu Nocne refleksje takowe Ju\u017c wczoraj A mo\u017ce jeszcze dzisiaj Pierwszego transportu do&hellip; <\/p>\n","protected":false},"author":1,"featured_media":0,"parent":0,"menu_order":0,"comment_status":"closed","ping_status":"closed","template":"","meta":{"footnotes":""},"class_list":["post-3238","page","type-page","status-publish","hentry"],"_links":{"self":[{"href":"https:\/\/hubertpietka.bialystok.pl\/index.php?rest_route=\/wp\/v2\/pages\/3238","targetHints":{"allow":["GET"]}}],"collection":[{"href":"https:\/\/hubertpietka.bialystok.pl\/index.php?rest_route=\/wp\/v2\/pages"}],"about":[{"href":"https:\/\/hubertpietka.bialystok.pl\/index.php?rest_route=\/wp\/v2\/types\/page"}],"author":[{"embeddable":true,"href":"https:\/\/hubertpietka.bialystok.pl\/index.php?rest_route=\/wp\/v2\/users\/1"}],"replies":[{"embeddable":true,"href":"https:\/\/hubertpietka.bialystok.pl\/index.php?rest_route=%2Fwp%2Fv2%2Fcomments&post=3238"}],"version-history":[{"count":4,"href":"https:\/\/hubertpietka.bialystok.pl\/index.php?rest_route=\/wp\/v2\/pages\/3238\/revisions"}],"predecessor-version":[{"id":3242,"href":"https:\/\/hubertpietka.bialystok.pl\/index.php?rest_route=\/wp\/v2\/pages\/3238\/revisions\/3242"}],"wp:attachment":[{"href":"https:\/\/hubertpietka.bialystok.pl\/index.php?rest_route=%2Fwp%2Fv2%2Fmedia&parent=3238"}],"curies":[{"name":"wp","href":"https:\/\/api.w.org\/{rel}","templated":true}]}}