{"id":3244,"date":"2020-06-15T08:17:33","date_gmt":"2020-06-15T08:17:33","guid":{"rendered":"http:\/\/hubertpietka.bialystok.pl\/?page_id=3244"},"modified":"2020-06-15T08:40:02","modified_gmt":"2020-06-15T08:40:02","slug":"w-bogu-slawiona-moja-zona","status":"publish","type":"page","link":"https:\/\/hubertpietka.bialystok.pl\/?page_id=3244","title":{"rendered":"W Bogu s\u0142awiona \/ moja \u017cona"},"content":{"rendered":"<p><strong><em>W Bogu s\u0142awiona \/ moja \u017cona<\/em><\/strong><\/p>\n<p><strong>1.<\/strong><br \/>\nKiedy po raz pierwszy j\u0105 ujrza\u0142em<br \/>\nNasze spojrzenia si\u0119 spotka\u0142y<br \/>\nWtedy wykrzykn\u0105\u0142em<br \/>\nTa dopiero jest<br \/>\nDusz\u0105 mej duszy<br \/>\nCia\u0142em z mego cia\u0142a<\/p>\n<p><strong>2.<\/strong><br \/>\nI tak si\u0119 sta\u0142o<br \/>\nB\u00f3g pob\u0142ogos\u0142awi\u0142<br \/>\nI ma\u0142\u017ce\u0144stwem si\u0119 stali\u015bmy<br \/>\nBli\u017csza mi<br \/>\nNi\u017c ja sam sobie<br \/>\nStali\u015bmy si\u0119 jedno\u015bci\u0105<\/p>\n<p><strong>3.<\/strong><br \/>\nKt\u00f3\u017c by tak<br \/>\nPrzy mnie ma\u0142ym sta\u0142<br \/>\nWiernie jak \u017co\u0142nierz na posterunku swym<br \/>\nNa dobre i na z\u0142e<br \/>\nTylko jej jestem do ko\u0144ca pewien<\/p>\n<p>Bo\u017ce b\u0142ogos\u0142aw mojej \u017conie<\/p>\n<p><strong>4.<\/strong><br \/>\nCo wi\u0119c B\u00f3g z\u0142\u0105czy\u0142<br \/>\nNajpierw w sercach<br \/>\nPotem w sakramencie ma\u0142\u017ce\u0144stwa<br \/>\nNiech nic i nikt nie rozdziela<br \/>\nTaka jest bowiem wola Bo\u017ca<br \/>\nCo do ma\u0142\u017ce\u0144stwa<\/p>\n<p>Prowad\u017a Panie<br \/>\nNas swoimi \u015bcie\u017ckami<br \/>\n<img decoding=\"async\" class=\"css-9pa8cd\" draggable=\"true\" src=\"https:\/\/pbs.twimg.com\/media\/EaFNKCgXQAAjlno?format=jpg&amp;name=small\" alt=\"Image\" \/><br \/>\n<em>Na zdj. Stokrotki na \u0142\u0105ce<\/em><br \/>\n<em>Ma\u0142e kwiatki przy Mi\u0142osierdziu Bo\u017cym<\/em><br \/>\n<em>Stokrotnie Boga b\u0119d\u0119 s\u0142awi\u0107<\/em><br \/>\n<em>Za Jego w naszym ma\u0142\u017ce\u0144stwie \u0142aski<\/em><br \/>\n<em>\u00a0<\/em><br \/>\n<em>A my<\/em><br \/>\n<em>Ma\u0142e w\u015br\u00f3d innych kwiatki<\/em><br \/>\n<em>Na \u0142\u0105ce mi\u0142osiernej Bo\u017cej \u0142aski<\/em><\/p>\n<p><a href=\"https:\/\/www.youtube.com\/watch?v=VdBHuEXrGHg\"><em><strong>Marek Grechuta &#8211; Nieoceniona<\/strong><\/em><\/a><\/p>\n<p>&nbsp;<\/p>\n<p style=\"text-align: center;\"><a href=\"https:\/\/www.youtube.com\/watch?v=e9BVBbz6qOI\"><em><strong>Joker &amp; Sequence &#8211; Nielegalna<\/strong><\/em><\/a><\/p>\n<p style=\"text-align: center;\">\n<p style=\"text-align: right;\"><a href=\"https:\/\/www.youtube.com\/watch?v=FR8lnWbZB7w\"><em><strong>Edyta Bartosiewicz &#8211; Nie zabijaj mi\u0142o\u015bci<\/strong><\/em><\/a><\/p>\n","protected":false},"excerpt":{"rendered":"<p>W Bogu s\u0142awiona \/ moja \u017cona 1. Kiedy po raz pierwszy j\u0105 ujrza\u0142em Nasze spojrzenia si\u0119 spotka\u0142y Wtedy wykrzykn\u0105\u0142em Ta dopiero jest Dusz\u0105 mej duszy&hellip; <\/p>\n","protected":false},"author":1,"featured_media":0,"parent":0,"menu_order":0,"comment_status":"closed","ping_status":"closed","template":"","meta":{"footnotes":""},"class_list":["post-3244","page","type-page","status-publish","hentry"],"_links":{"self":[{"href":"https:\/\/hubertpietka.bialystok.pl\/index.php?rest_route=\/wp\/v2\/pages\/3244","targetHints":{"allow":["GET"]}}],"collection":[{"href":"https:\/\/hubertpietka.bialystok.pl\/index.php?rest_route=\/wp\/v2\/pages"}],"about":[{"href":"https:\/\/hubertpietka.bialystok.pl\/index.php?rest_route=\/wp\/v2\/types\/page"}],"author":[{"embeddable":true,"href":"https:\/\/hubertpietka.bialystok.pl\/index.php?rest_route=\/wp\/v2\/users\/1"}],"replies":[{"embeddable":true,"href":"https:\/\/hubertpietka.bialystok.pl\/index.php?rest_route=%2Fwp%2Fv2%2Fcomments&post=3244"}],"version-history":[{"count":6,"href":"https:\/\/hubertpietka.bialystok.pl\/index.php?rest_route=\/wp\/v2\/pages\/3244\/revisions"}],"predecessor-version":[{"id":3250,"href":"https:\/\/hubertpietka.bialystok.pl\/index.php?rest_route=\/wp\/v2\/pages\/3244\/revisions\/3250"}],"wp:attachment":[{"href":"https:\/\/hubertpietka.bialystok.pl\/index.php?rest_route=%2Fwp%2Fv2%2Fmedia&parent=3244"}],"curies":[{"name":"wp","href":"https:\/\/api.w.org\/{rel}","templated":true}]}}