{"id":3252,"date":"2020-06-15T08:46:47","date_gmt":"2020-06-15T08:46:47","guid":{"rendered":"http:\/\/hubertpietka.bialystok.pl\/?page_id=3252"},"modified":"2020-06-15T09:07:33","modified_gmt":"2020-06-15T09:07:33","slug":"pragnienie-pragnie-mnie","status":"publish","type":"page","link":"https:\/\/hubertpietka.bialystok.pl\/?page_id=3252","title":{"rendered":"Pragnienie \/ pragnie mnie"},"content":{"rendered":"<p><strong><em>Pragnienie \/ pragnie mnie<\/em><\/strong><\/p>\n<p><strong>1.<\/strong><br \/>\nO jej pragnienia<br \/>\nZapyta\u0142em moj\u0105 \u017con\u0119<br \/>\nI odpowiedzia\u0142a o dziwo<br \/>\n\u017be chce by\u0107 ze mn\u0105<br \/>\nTak zwyczajnie po prostu<\/p>\n<p>I wtedy sobie u\u015bwiadomi\u0142em<br \/>\n\u017be wielkim szcz\u0119\u015bciarzem<br \/>\nJestem i by\u0142em<\/p>\n<p>Bo przecie\u017c<br \/>\nTylko to jedno<br \/>\nMia\u0142em zawsze pragnienie<br \/>\nBy kto\u015b pokocha\u0142 mnie naprawd\u0119<\/p>\n<p><strong>2.<\/strong><br \/>\nPoza tym przecie\u017c<br \/>\nB\u00f3g te\u017c mnie kocha<\/p>\n<p>To jedno te\u017c nosi\u0142em w sobie<br \/>\nNiewypowiedziane<br \/>\n\u017beby On okaza\u0142 mi Sw\u0105 mi\u0142o\u015b\u0107<\/p>\n<p>I tak si\u0119 sta\u0142o<\/p>\n<p>Zreszt\u0105<br \/>\nOn jest zawsze ze mn\u0105<br \/>\nI ju\u017c wielokrotnie<br \/>\nUdowodni\u0142 mi to<\/p>\n<p><strong>3.<\/strong><br \/>\nI jeszcze w dope\u0142nieniu<br \/>\nMia\u0142em jedno pragnienie<br \/>\nBliskich mi ludzi<br \/>\nI mam tych paru<br \/>\nKt\u00f3rzy si\u0119 na mnie otwieraj\u0105<\/p>\n<p><strong>4.<\/strong><br \/>\nI tylko tyle<br \/>\nTego w\u0142a\u015bnie pragn\u0119<br \/>\nBy\u0107 z moj\u0105 \u017con\u0105 zwyczajnie<br \/>\nW Bo\u017cej mi\u0142o\u015bci<br \/>\nI z bliskimi nam lud\u017ami<br \/>\n<img decoding=\"async\" class=\"css-9pa8cd\" draggable=\"true\" src=\"https:\/\/pbs.twimg.com\/media\/EaiXQTPWoAgMrWN?format=jpg&amp;name=small\" alt=\"Image\" \/><br \/>\n<em>Na zdj. Bia\u0142e kwiaty ja\u015bminowca<\/em><br \/>\n<em>Niewinno\u015b\u0107 jest z Boga<\/em><br \/>\n<em>Dzi\u0119kuj\u0119 Ci Panie<\/em><br \/>\n<em>Za moj\u0105 \u017con\u0119<\/em><br \/>\n<em>Za naszych bliskich<\/em><br \/>\n<em>Za trwanie w mi\u0142o\u015bci<\/em><br \/>\n<em>Po prostu<\/em><\/p>\n<p><a href=\"https:\/\/www.youtube.com\/watch?v=1tuUG0lxl9w\"><em><strong>Golec uOrkiestra &#8211; Kocham Ciebie Dziewczyno<\/strong><\/em><\/a><\/p>\n<p><a href=\"https:\/\/www.youtube.com\/watch?v=AHV6TC7sCgk\"><em><strong>Ira &#8211; Par\u0119 chwil<\/strong><\/em><\/a><\/p>\n","protected":false},"excerpt":{"rendered":"<p>Pragnienie \/ pragnie mnie 1. O jej pragnienia Zapyta\u0142em moj\u0105 \u017con\u0119 I odpowiedzia\u0142a o dziwo \u017be chce by\u0107 ze mn\u0105 Tak zwyczajnie po prostu I&hellip; <\/p>\n","protected":false},"author":1,"featured_media":0,"parent":0,"menu_order":0,"comment_status":"closed","ping_status":"closed","template":"","meta":{"footnotes":""},"class_list":["post-3252","page","type-page","status-publish","hentry"],"_links":{"self":[{"href":"https:\/\/hubertpietka.bialystok.pl\/index.php?rest_route=\/wp\/v2\/pages\/3252","targetHints":{"allow":["GET"]}}],"collection":[{"href":"https:\/\/hubertpietka.bialystok.pl\/index.php?rest_route=\/wp\/v2\/pages"}],"about":[{"href":"https:\/\/hubertpietka.bialystok.pl\/index.php?rest_route=\/wp\/v2\/types\/page"}],"author":[{"embeddable":true,"href":"https:\/\/hubertpietka.bialystok.pl\/index.php?rest_route=\/wp\/v2\/users\/1"}],"replies":[{"embeddable":true,"href":"https:\/\/hubertpietka.bialystok.pl\/index.php?rest_route=%2Fwp%2Fv2%2Fcomments&post=3252"}],"version-history":[{"count":5,"href":"https:\/\/hubertpietka.bialystok.pl\/index.php?rest_route=\/wp\/v2\/pages\/3252\/revisions"}],"predecessor-version":[{"id":3257,"href":"https:\/\/hubertpietka.bialystok.pl\/index.php?rest_route=\/wp\/v2\/pages\/3252\/revisions\/3257"}],"wp:attachment":[{"href":"https:\/\/hubertpietka.bialystok.pl\/index.php?rest_route=%2Fwp%2Fv2%2Fmedia&parent=3252"}],"curies":[{"name":"wp","href":"https:\/\/api.w.org\/{rel}","templated":true}]}}