{"id":3260,"date":"2020-06-17T04:42:51","date_gmt":"2020-06-17T04:42:51","guid":{"rendered":"http:\/\/hubertpietka.bialystok.pl\/?page_id=3260"},"modified":"2020-06-17T04:47:54","modified_gmt":"2020-06-17T04:47:54","slug":"tratwe-dac-czy-zatracac","status":"publish","type":"page","link":"https:\/\/hubertpietka.bialystok.pl\/?page_id=3260","title":{"rendered":"Tratw\u0119 da\u0107 \/ czy zatraca\u0107"},"content":{"rendered":"<p><strong><em>Tratw\u0119 da\u0107 \/ czy zatraca\u0107<\/em><\/strong><\/p>\n<p>Ecce Homo<br \/>\nOto cz\u0142owiek<br \/>\nPrzed s\u0105dem<\/p>\n<p>Id\u017acie i starajcie si\u0119 zrozumie\u0107<br \/>\n\u017be B\u00f3g chce bardziej<br \/>\nMi\u0142osierdzia ni\u017c ofiary<\/p>\n<p>Dzi\u015b \u015bw. brata Alberta Chmielewskiego<br \/>\nKt\u00f3ry namalowa\u0142 obraz Jezusa Chrystusa<br \/>\nNiewinnego a na \u015bmier\u0107 skazanego<\/p>\n<p><img decoding=\"async\" class=\"css-9pa8cd\" draggable=\"true\" src=\"https:\/\/pbs.twimg.com\/media\/Ear-E2YX0AMBclu?format=jpg&amp;name=small\" alt=\"Image\" \/><\/p>\n<p><em>Na zdj. Tratwa na stawie<\/em><br \/>\n<em>W bia\u0142ostockim Branickich Ogrodzie<\/em><br \/>\n<em>Trzeba raczej<\/em><br \/>\n<em>Tratwy dawa\u0107<\/em><br \/>\n<em>Ni\u017c zatraca\u0107<\/em><\/p>\n","protected":false},"excerpt":{"rendered":"<p>Tratw\u0119 da\u0107 \/ czy zatraca\u0107 Ecce Homo Oto cz\u0142owiek Przed s\u0105dem Id\u017acie i starajcie si\u0119 zrozumie\u0107 \u017be B\u00f3g chce bardziej Mi\u0142osierdzia ni\u017c ofiary Dzi\u015b \u015bw.&hellip; <\/p>\n","protected":false},"author":1,"featured_media":0,"parent":0,"menu_order":0,"comment_status":"closed","ping_status":"closed","template":"","meta":{"footnotes":""},"class_list":["post-3260","page","type-page","status-publish","hentry"],"_links":{"self":[{"href":"https:\/\/hubertpietka.bialystok.pl\/index.php?rest_route=\/wp\/v2\/pages\/3260","targetHints":{"allow":["GET"]}}],"collection":[{"href":"https:\/\/hubertpietka.bialystok.pl\/index.php?rest_route=\/wp\/v2\/pages"}],"about":[{"href":"https:\/\/hubertpietka.bialystok.pl\/index.php?rest_route=\/wp\/v2\/types\/page"}],"author":[{"embeddable":true,"href":"https:\/\/hubertpietka.bialystok.pl\/index.php?rest_route=\/wp\/v2\/users\/1"}],"replies":[{"embeddable":true,"href":"https:\/\/hubertpietka.bialystok.pl\/index.php?rest_route=%2Fwp%2Fv2%2Fcomments&post=3260"}],"version-history":[{"count":4,"href":"https:\/\/hubertpietka.bialystok.pl\/index.php?rest_route=\/wp\/v2\/pages\/3260\/revisions"}],"predecessor-version":[{"id":3265,"href":"https:\/\/hubertpietka.bialystok.pl\/index.php?rest_route=\/wp\/v2\/pages\/3260\/revisions\/3265"}],"wp:attachment":[{"href":"https:\/\/hubertpietka.bialystok.pl\/index.php?rest_route=%2Fwp%2Fv2%2Fmedia&parent=3260"}],"curies":[{"name":"wp","href":"https:\/\/api.w.org\/{rel}","templated":true}]}}