{"id":3266,"date":"2020-06-17T04:51:13","date_gmt":"2020-06-17T04:51:13","guid":{"rendered":"http:\/\/hubertpietka.bialystok.pl\/?page_id=3266"},"modified":"2020-06-17T04:54:23","modified_gmt":"2020-06-17T04:54:23","slug":"zagrozenie-czy-nastawanie-o-panie","status":"publish","type":"page","link":"https:\/\/hubertpietka.bialystok.pl\/?page_id=3266","title":{"rendered":"Zagro\u017cenie czy nastawanie \/ o, Panie!"},"content":{"rendered":"<p><strong><em>Zagro\u017cenie czy nastawanie \/ o, Panie!<\/em><\/strong><\/p>\n<p>Sobie powiedzia\u0142em<br \/>\nNa-staw-anie<br \/>\nNa staw Ani\u0119<br \/>\nJak czarownic\u0119<br \/>\nZabi\u0107<\/p>\n<p>B\u00f3g powiedzia\u0142 mi<br \/>\nM\u00f3dl si\u0119 w zagro\u017ceniu<br \/>\nJe\u015bli wam waszym waszemu<br \/>\nCo\u015b zagra\u017ca<br \/>\nM\u00f3w mi o tym<\/p>\n<p>B\u00f3g wie lepiej<\/p>\n<p>Ale ja powiedzia\u0142em<br \/>\nChyba nie przez przypadek<br \/>\nLecz wyra\u017cenie moje<br \/>\nRaczej zbyt og\u00f3lne<br \/>\nB\u00f3g si\u0119 wyra\u017ca precyzyjniej<\/p>\n<p>Stan permanentnego zagro\u017cenia niemal<br \/>\nB\u00f3g wie dotyczy kogo i czego<br \/>\nI w jakim czasie<br \/>\nB\u00f3g te\u017c to objawia<br \/>\nBy temu przeciwdzia\u0142a\u0107<br \/>\n<em>\u00a0<img decoding=\"async\" class=\"css-9pa8cd\" draggable=\"true\" src=\"https:\/\/pbs.twimg.com\/media\/Ear93mvWoAIxZ6H?format=jpg&amp;name=small\" alt=\"Image\" \/><\/em><br \/>\n<em>Na zdj. Niewodnicki \u015bw. Antoni Padewski<\/em><br \/>\n<em>Nie ma winy dowod\u00f3w pewnych<\/em><br \/>\n<em>B\u00f3g wzi\u0105\u0142 to na Siebie<\/em><br \/>\n<em>Jak \u015bw. Antoni przytulam Dzieci\u0105tko Jezus<\/em><br \/>\n<em>I ufam \u017ce czysto\u015b\u0107 zawsze wygrywa<\/em><\/p>\n","protected":false},"excerpt":{"rendered":"<p>Zagro\u017cenie czy nastawanie \/ o, Panie! Sobie powiedzia\u0142em Na-staw-anie Na staw Ani\u0119 Jak czarownic\u0119 Zabi\u0107 B\u00f3g powiedzia\u0142 mi M\u00f3dl si\u0119 w zagro\u017ceniu Je\u015bli wam waszym&hellip; <\/p>\n","protected":false},"author":1,"featured_media":0,"parent":0,"menu_order":0,"comment_status":"closed","ping_status":"closed","template":"","meta":{"footnotes":""},"class_list":["post-3266","page","type-page","status-publish","hentry"],"_links":{"self":[{"href":"https:\/\/hubertpietka.bialystok.pl\/index.php?rest_route=\/wp\/v2\/pages\/3266","targetHints":{"allow":["GET"]}}],"collection":[{"href":"https:\/\/hubertpietka.bialystok.pl\/index.php?rest_route=\/wp\/v2\/pages"}],"about":[{"href":"https:\/\/hubertpietka.bialystok.pl\/index.php?rest_route=\/wp\/v2\/types\/page"}],"author":[{"embeddable":true,"href":"https:\/\/hubertpietka.bialystok.pl\/index.php?rest_route=\/wp\/v2\/users\/1"}],"replies":[{"embeddable":true,"href":"https:\/\/hubertpietka.bialystok.pl\/index.php?rest_route=%2Fwp%2Fv2%2Fcomments&post=3266"}],"version-history":[{"count":5,"href":"https:\/\/hubertpietka.bialystok.pl\/index.php?rest_route=\/wp\/v2\/pages\/3266\/revisions"}],"predecessor-version":[{"id":3271,"href":"https:\/\/hubertpietka.bialystok.pl\/index.php?rest_route=\/wp\/v2\/pages\/3266\/revisions\/3271"}],"wp:attachment":[{"href":"https:\/\/hubertpietka.bialystok.pl\/index.php?rest_route=%2Fwp%2Fv2%2Fmedia&parent=3266"}],"curies":[{"name":"wp","href":"https:\/\/api.w.org\/{rel}","templated":true}]}}