{"id":328,"date":"2017-01-18T22:18:20","date_gmt":"2017-01-18T22:18:20","guid":{"rendered":"http:\/\/hubertpietka.bialystok.pl\/?page_id=328"},"modified":"2017-01-18T22:53:21","modified_gmt":"2017-01-18T22:53:21","slug":"ekspiacja-za-usilowanie-zniszczenie-obrazu-matki-boskiej-czestochowskiej","status":"publish","type":"page","link":"https:\/\/hubertpietka.bialystok.pl\/?page_id=328","title":{"rendered":"Ekspiacja za usi\u0142owanie zniszczenie obrazu Matki Boskiej Cz\u0119stochowskiej"},"content":{"rendered":"<p><strong>Ekspiacja za usi\u0142owanie zniszczenie obrazu Matki Boskiej Cz\u0119stochowskiej<\/strong><\/p>\n<p>&nbsp;<\/p>\n<p>dlaczego twoja r\u0119ka to uczyni\u0142a<\/p>\n<p>i wznios\u0142a si\u0119 \u015bwi\u0119tokradzko<\/p>\n<p>by zniszczy\u0107 t\u0119 Mi\u0142o\u015b\u0107<\/p>\n<p>puszk\u0105 z czarn\u0105 farb\u0105<\/p>\n<p>&nbsp;<\/p>\n<p>Ona jest Czarn\u0105 Madonn\u0105 dlatego<\/p>\n<p>\u017ce prosi za ciebie<\/p>\n<p>i za mnie grzesznego<\/p>\n<p>&nbsp;<\/p>\n<p>lecz nie dosi\u0119gnie Jej br\u00f3d zbrodni<\/p>\n<p>ona \u015bwieci w tej pochodni<\/p>\n<p>obrazu \u015bwi\u0119tego<\/p>\n<p>bruzdami poprzecinanego<\/p>\n<p>&nbsp;<\/p>\n<p>nie wiem dlaczego zrobi\u0142e\u015b to<\/p>\n<p>dlaczego przy\u0107mi\u0142o ci\u0119 z\u0142o<\/p>\n<p>\u017ce wa\u017cy\u0142e\u015b si\u0119 na T\u0105<\/p>\n<p>kt\u00f3ra koron\u0119 ma z\u0142ot\u0105<\/p>\n<p>&nbsp;<\/p>\n<p>dlaczego to zrobi\u0142e\u015b<\/p>\n<p>dlaczego to robicie<\/p>\n<p>na \u015bwi\u0119to\u015b\u0107<\/p>\n<p>zasadzaj\u0105c si\u0119 skrycie<\/p>\n<p>&nbsp;<\/p>\n<p>przebacz Maryjo<\/p>\n<p>bo nie wiedz\u0105<\/p>\n<p>co czyni\u0105<\/p>\n<p>&nbsp;<\/p>\n<p>przyjmij modlitw\u0119 t\u0105<\/p>\n<p>za zbrodnicz\u0105 d\u0142o\u0144<\/p>\n<p>i my\u015bl z\u0142em za\u0107mion\u0105<\/p>\n<p>&nbsp;<\/p>\n<p>za ka\u017cdy czyn kt\u00f3ry<\/p>\n<p>wyci\u0105ga pazury<\/p>\n<p>by zbezcze\u015bci\u0107 Ciebie<\/p>\n<p>kt\u00f3ra panujesz na ziemi i w niebie<\/p>\n<p>&nbsp;<\/p>\n<p>przyjmij modlitw\u0119 moj\u0105<\/p>\n<p>oby nie ob\u0142udn\u0105<\/p>\n<p>kt\u00f3ra s\u0142awi Tw\u0105<\/p>\n<p>jasno\u015b\u0107 cudn\u0105<\/p>\n<p>&nbsp;<\/p>\n<p>przyjmij przeb\u0142aganie za brata<\/p>\n<p>i za mnie Panienko \u015awi\u0119ta<\/p>\n","protected":false},"excerpt":{"rendered":"<p>Ekspiacja za usi\u0142owanie zniszczenie obrazu Matki Boskiej Cz\u0119stochowskiej &nbsp; dlaczego twoja r\u0119ka to uczyni\u0142a i wznios\u0142a si\u0119 \u015bwi\u0119tokradzko by zniszczy\u0107 t\u0119 Mi\u0142o\u015b\u0107 puszk\u0105 z czarn\u0105&hellip; <\/p>\n","protected":false},"author":1,"featured_media":0,"parent":0,"menu_order":0,"comment_status":"closed","ping_status":"closed","template":"","meta":{"footnotes":""},"class_list":["post-328","page","type-page","status-publish","hentry"],"_links":{"self":[{"href":"https:\/\/hubertpietka.bialystok.pl\/index.php?rest_route=\/wp\/v2\/pages\/328","targetHints":{"allow":["GET"]}}],"collection":[{"href":"https:\/\/hubertpietka.bialystok.pl\/index.php?rest_route=\/wp\/v2\/pages"}],"about":[{"href":"https:\/\/hubertpietka.bialystok.pl\/index.php?rest_route=\/wp\/v2\/types\/page"}],"author":[{"embeddable":true,"href":"https:\/\/hubertpietka.bialystok.pl\/index.php?rest_route=\/wp\/v2\/users\/1"}],"replies":[{"embeddable":true,"href":"https:\/\/hubertpietka.bialystok.pl\/index.php?rest_route=%2Fwp%2Fv2%2Fcomments&post=328"}],"version-history":[{"count":3,"href":"https:\/\/hubertpietka.bialystok.pl\/index.php?rest_route=\/wp\/v2\/pages\/328\/revisions"}],"predecessor-version":[{"id":344,"href":"https:\/\/hubertpietka.bialystok.pl\/index.php?rest_route=\/wp\/v2\/pages\/328\/revisions\/344"}],"wp:attachment":[{"href":"https:\/\/hubertpietka.bialystok.pl\/index.php?rest_route=%2Fwp%2Fv2%2Fmedia&parent=328"}],"curies":[{"name":"wp","href":"https:\/\/api.w.org\/{rel}","templated":true}]}}