{"id":3288,"date":"2020-06-23T09:47:30","date_gmt":"2020-06-23T09:47:30","guid":{"rendered":"http:\/\/hubertpietka.bialystok.pl\/?page_id=3288"},"modified":"2020-06-23T09:55:19","modified_gmt":"2020-06-23T09:55:19","slug":"li-li-owiec-piosenka-owiec","status":"publish","type":"page","link":"https:\/\/hubertpietka.bialystok.pl\/?page_id=3288","title":{"rendered":"Li-li-owiec \/ piosenka owiec"},"content":{"rendered":"<p><strong><em>Li-li-owiec \/ piosenka owiec<\/em><\/strong><\/p>\n<p>Li li owce<br \/>\nCzyste s\u0105 te owce<\/p>\n<p>Li li<br \/>\nDzieci\u0119 Bo\u017ce li li<\/p>\n<p>Li li owce<br \/>\nS\u0142yszy Pasterz<\/p>\n<p>On jest z owcami swymi zawsze<br \/>\n<img decoding=\"async\" class=\"css-9pa8cd\" draggable=\"true\" src=\"https:\/\/pbs.twimg.com\/media\/EbBS5MpWkAEzoV0?format=jpg&amp;name=small\" alt=\"Image\" \/><br \/>\n<em>Na zdj. Na dzia\u0142ce liliowiec<\/em><br \/>\n<em>B\u00f3g s\u0142yszy g\u0142os owiec<\/em><br \/>\n<em>Li li wi\u0119c<\/em><br \/>\n<em>I ja zanuci\u0107 chc\u0119<\/em><\/p>\n<p style=\"text-align: center;\"><a href=\"https:\/\/www.youtube.com\/watch?v=3zZDTDt2tJ4\"><em><strong>Oto s\u0105 baranki m\u0142ode<\/strong><\/em><\/a><\/p>\n","protected":false},"excerpt":{"rendered":"<p>Li-li-owiec \/ piosenka owiec Li li owce Czyste s\u0105 te owce Li li Dzieci\u0119 Bo\u017ce li li Li li owce S\u0142yszy Pasterz On jest z&hellip; <\/p>\n","protected":false},"author":1,"featured_media":0,"parent":0,"menu_order":0,"comment_status":"closed","ping_status":"closed","template":"","meta":{"footnotes":""},"class_list":["post-3288","page","type-page","status-publish","hentry"],"_links":{"self":[{"href":"https:\/\/hubertpietka.bialystok.pl\/index.php?rest_route=\/wp\/v2\/pages\/3288","targetHints":{"allow":["GET"]}}],"collection":[{"href":"https:\/\/hubertpietka.bialystok.pl\/index.php?rest_route=\/wp\/v2\/pages"}],"about":[{"href":"https:\/\/hubertpietka.bialystok.pl\/index.php?rest_route=\/wp\/v2\/types\/page"}],"author":[{"embeddable":true,"href":"https:\/\/hubertpietka.bialystok.pl\/index.php?rest_route=\/wp\/v2\/users\/1"}],"replies":[{"embeddable":true,"href":"https:\/\/hubertpietka.bialystok.pl\/index.php?rest_route=%2Fwp%2Fv2%2Fcomments&post=3288"}],"version-history":[{"count":5,"href":"https:\/\/hubertpietka.bialystok.pl\/index.php?rest_route=\/wp\/v2\/pages\/3288\/revisions"}],"predecessor-version":[{"id":3293,"href":"https:\/\/hubertpietka.bialystok.pl\/index.php?rest_route=\/wp\/v2\/pages\/3288\/revisions\/3293"}],"wp:attachment":[{"href":"https:\/\/hubertpietka.bialystok.pl\/index.php?rest_route=%2Fwp%2Fv2%2Fmedia&parent=3288"}],"curies":[{"name":"wp","href":"https:\/\/api.w.org\/{rel}","templated":true}]}}