{"id":3304,"date":"2020-07-01T10:09:10","date_gmt":"2020-07-01T10:09:10","guid":{"rendered":"http:\/\/hubertpietka.bialystok.pl\/?page_id=3304"},"modified":"2020-07-01T10:10:55","modified_gmt":"2020-07-01T10:10:55","slug":"koronka-do-chrystusa-uzdrowiciela","status":"publish","type":"page","link":"https:\/\/hubertpietka.bialystok.pl\/?page_id=3304","title":{"rendered":"Koronka do Chrystusa Uzdrowiciela"},"content":{"rendered":"<p><strong><em>Koronka do Chrystusa Uzdrowiciela<\/em><\/strong><\/p>\n<p><em>&#8222;Jezus wzi\u0105\u0142 na siebie nasze s\u0142abo\u015bci<\/em><br \/>\n<em>I leczy\u0142 wszystkie choroby&#8221;<\/em><\/p>\n<p><strong>Ojcze nasz<\/strong><br \/>\n<strong>Zdrowa\u015b Mario<\/strong><br \/>\n<strong>Wierz\u0119<\/strong><br \/>\n<strong>\u00a0<\/strong><br \/>\n<strong>Je\u015bli chcesz mo\u017cesz to uczyni\u0107 \/ x 1<\/strong><br \/>\n<strong>Panie, pom\u00f3\u017c nam \/ x 10<\/strong><\/p>\n<p>\/Wed\u0142ug tajemnic \u015bwiat\u0142a \/<\/p>\n<p><strong>Matko Nieustaj\u0105cej Pomocy,<\/strong><br \/>\n<strong>M\u00f3dl si\u0119 za nami \/ x 3<\/strong><br \/>\n<img decoding=\"async\" class=\"css-9pa8cd\" draggable=\"true\" src=\"https:\/\/pbs.twimg.com\/media\/EbeLZE1WoAMe2Gm?format=jpg&amp;name=small\" alt=\"Image\" \/><br \/>\n<em>Na zdj. Bazylika \u015awi\u0119tego Rocha<\/em><br \/>\n<em>Prezbiterium<\/em><br \/>\n<em>Tr\u00f3jca \u015awi\u0119ta<\/em><br \/>\n<em>W centralnym punkcie Jezus<\/em><\/p>\n<p><strong>Dzi\u015b Matki Bo\u017cej Nieustaj\u0105cej Pomocy<\/strong><br \/>\n<strong>Na prze\u0142omie dni przysz\u0142a ta modlitwa<\/strong><br \/>\n<strong>Zako\u0144czenie wi\u0119c nieprzypadkowe tak\u017ce<\/strong><br \/>\n<strong>\u00a0<\/strong><br \/>\n<strong>S\u0142owa inicjuj\u0105cego koronk\u0119 cytatu<\/strong><br \/>\n<strong>Z wczorajszej i dzisiejszej liturgii mszalnej<\/strong><\/p>\n","protected":false},"excerpt":{"rendered":"<p>Koronka do Chrystusa Uzdrowiciela &#8222;Jezus wzi\u0105\u0142 na siebie nasze s\u0142abo\u015bci I leczy\u0142 wszystkie choroby&#8221; Ojcze nasz Zdrowa\u015b Mario Wierz\u0119 \u00a0 Je\u015bli chcesz mo\u017cesz to uczyni\u0107&hellip; <\/p>\n","protected":false},"author":1,"featured_media":0,"parent":0,"menu_order":0,"comment_status":"closed","ping_status":"closed","template":"","meta":{"footnotes":""},"class_list":["post-3304","page","type-page","status-publish","hentry"],"_links":{"self":[{"href":"https:\/\/hubertpietka.bialystok.pl\/index.php?rest_route=\/wp\/v2\/pages\/3304","targetHints":{"allow":["GET"]}}],"collection":[{"href":"https:\/\/hubertpietka.bialystok.pl\/index.php?rest_route=\/wp\/v2\/pages"}],"about":[{"href":"https:\/\/hubertpietka.bialystok.pl\/index.php?rest_route=\/wp\/v2\/types\/page"}],"author":[{"embeddable":true,"href":"https:\/\/hubertpietka.bialystok.pl\/index.php?rest_route=\/wp\/v2\/users\/1"}],"replies":[{"embeddable":true,"href":"https:\/\/hubertpietka.bialystok.pl\/index.php?rest_route=%2Fwp%2Fv2%2Fcomments&post=3304"}],"version-history":[{"count":3,"href":"https:\/\/hubertpietka.bialystok.pl\/index.php?rest_route=\/wp\/v2\/pages\/3304\/revisions"}],"predecessor-version":[{"id":3307,"href":"https:\/\/hubertpietka.bialystok.pl\/index.php?rest_route=\/wp\/v2\/pages\/3304\/revisions\/3307"}],"wp:attachment":[{"href":"https:\/\/hubertpietka.bialystok.pl\/index.php?rest_route=%2Fwp%2Fv2%2Fmedia&parent=3304"}],"curies":[{"name":"wp","href":"https:\/\/api.w.org\/{rel}","templated":true}]}}