{"id":331,"date":"2017-01-18T22:19:53","date_gmt":"2017-01-18T22:19:53","guid":{"rendered":"http:\/\/hubertpietka.bialystok.pl\/?page_id=331"},"modified":"2017-01-18T22:47:40","modified_gmt":"2017-01-18T22:47:40","slug":"tym-ktorzy-odeszli","status":"publish","type":"page","link":"https:\/\/hubertpietka.bialystok.pl\/?page_id=331","title":{"rendered":"Tym, kt\u00f3rzy odeszli!"},"content":{"rendered":"<p><strong>Tym, kt\u00f3rzy odeszli!<\/strong><\/p>\n<p>&nbsp;<\/p>\n<p>kt\u00f3rzy odeszli<\/p>\n<p>nie cofn\u0105 pie\u015bni<\/p>\n<p>&#8211; ju\u017c wybrzmia\u0142a!<\/p>\n<p>&nbsp;<\/p>\n<p>kt\u00f3rzy zostali<\/p>\n<p>nie b\u0119d\u0105 trwali<\/p>\n<p>&#8211; kiedy\u015b odejd\u0105!<\/p>\n<p>&nbsp;<\/p>\n<p>by pozosta\u0142o<\/p>\n<p>i po nas trwa\u0142o<\/p>\n<p>&#8211; s\u0142owo i cia\u0142o!<\/p>\n<p>&nbsp;<\/p>\n<p>te czyny dobre<\/p>\n<p>s\u0142owa nadobne<\/p>\n<p>&#8211; krew i cia\u0142o!<\/p>\n<p>&nbsp;<\/p>\n<p>by przyj\u0105\u0142 nas<\/p>\n<p>w kresu czas<\/p>\n<p>&#8211; B\u00f3g kochany!<\/p>\n<p>&nbsp;<\/p>\n<p>i by\u015bmy mogli<\/p>\n<p>przed nim stan\u0105\u0107<\/p>\n<p>&#8211; z otwartymi ramionami!<\/p>\n<p>&nbsp;<\/p>\n<p>to co zosta\u0142o<\/p>\n<p>nie przemin\u0119\u0142o<\/p>\n<p>&#8211; oni tam s\u0105!<\/p>\n<p>&nbsp;<\/p>\n<p>za nami prosz\u0105<\/p>\n<p>i mi\u0142o\u015b\u0107 g\u0142osz\u0105<\/p>\n<p>&#8211; by\u015bmy ni\u0105 \u017cyli!<\/p>\n<p>&nbsp;<\/p>\n<p>i my im tam<\/p>\n<p>oddajmy hymn<\/p>\n<p>&#8211; naszej modlitwy!<\/p>\n<p>&nbsp;<\/p>\n<p>kiedy\u015b si\u0119 spotkamy<\/p>\n<p>i rozpoznamy<\/p>\n<p>&#8211; u nieba bram!<\/p>\n","protected":false},"excerpt":{"rendered":"<p>Tym, kt\u00f3rzy odeszli! &nbsp; kt\u00f3rzy odeszli nie cofn\u0105 pie\u015bni &#8211; ju\u017c wybrzmia\u0142a! &nbsp; kt\u00f3rzy zostali nie b\u0119d\u0105 trwali &#8211; kiedy\u015b odejd\u0105! &nbsp; by pozosta\u0142o i&hellip; <\/p>\n","protected":false},"author":1,"featured_media":0,"parent":0,"menu_order":0,"comment_status":"closed","ping_status":"closed","template":"","meta":{"footnotes":""},"class_list":["post-331","page","type-page","status-publish","hentry"],"_links":{"self":[{"href":"https:\/\/hubertpietka.bialystok.pl\/index.php?rest_route=\/wp\/v2\/pages\/331","targetHints":{"allow":["GET"]}}],"collection":[{"href":"https:\/\/hubertpietka.bialystok.pl\/index.php?rest_route=\/wp\/v2\/pages"}],"about":[{"href":"https:\/\/hubertpietka.bialystok.pl\/index.php?rest_route=\/wp\/v2\/types\/page"}],"author":[{"embeddable":true,"href":"https:\/\/hubertpietka.bialystok.pl\/index.php?rest_route=\/wp\/v2\/users\/1"}],"replies":[{"embeddable":true,"href":"https:\/\/hubertpietka.bialystok.pl\/index.php?rest_route=%2Fwp%2Fv2%2Fcomments&post=331"}],"version-history":[{"count":3,"href":"https:\/\/hubertpietka.bialystok.pl\/index.php?rest_route=\/wp\/v2\/pages\/331\/revisions"}],"predecessor-version":[{"id":342,"href":"https:\/\/hubertpietka.bialystok.pl\/index.php?rest_route=\/wp\/v2\/pages\/331\/revisions\/342"}],"wp:attachment":[{"href":"https:\/\/hubertpietka.bialystok.pl\/index.php?rest_route=%2Fwp%2Fv2%2Fmedia&parent=331"}],"curies":[{"name":"wp","href":"https:\/\/api.w.org\/{rel}","templated":true}]}}